{"id":3746,"date":"2013-03-17T23:39:27","date_gmt":"2013-03-17T23:39:27","guid":{"rendered":"http:\/\/www.netmundi.org\/pensamentos\/?page_id=3746"},"modified":"2017-05-16T22:33:48","modified_gmt":"2017-05-16T22:33:48","slug":"esclarecimentos","status":"publish","type":"page","link":"https:\/\/www.netmundi.org\/pensamentos\/esclarecimentos\/","title":{"rendered":"Advert\u00eancia"},"content":{"rendered":"<p><strong><img loading=\"lazy\" decoding=\"async\" class=\"size-full wp-image-5011 aligncenter\" src=\"http:\/\/www.netmundi.org\/pensamentos\/wp-content\/uploads\/2013\/03\/socrates-1.jpg\" alt=\"advertencia\" width=\"600\" height=\"314\" srcset=\"https:\/\/www.netmundi.org\/pensamentos\/wp-content\/uploads\/2013\/03\/socrates-1.jpg 600w, https:\/\/www.netmundi.org\/pensamentos\/wp-content\/uploads\/2013\/03\/socrates-1-300x157.jpg 300w\" sizes=\"auto, (max-width: 600px) 100vw, 600px\" \/>Um pequeno esclarecimento aos visitantes desta p\u00e1gina de filosofia<\/strong>. Esta n\u00e3o \u00e9 uma p\u00e1gina que divulga ate\u00edsmo, intoler\u00e2ncia e nem possui\u00a0inten\u00e7\u00e3o religiosa ou posi\u00e7\u00f5es pol\u00edticas.\u00a0O objetivo do netmundi.org \u00e9 promover a Filosofia no Brasil compartilhando conhecimentos, opini\u00f5es variadas, v\u00eddeos, m\u00fasica, resenhas e livros para baixar.<\/p>\n<p>No entanto, os pensamentos de muitos fil\u00f3sofos \u2014\u00a0como Nietzsche, Schopenhauer, Montaigne, Marx e Freud \u2014\u00a0 s\u00e3o carregados de uma cr\u00edtica agressiva.\u00a0Essa cr\u00edtica \u00e9 por vezes interpretada como ofensa\u00a0gratuita e pode ofender alguns leitores, principalmente aqueles que n\u00e3o est\u00e3o acostumados com a Filosofia.<\/p>\n<p>A cr\u00edtica faz parte da Filosofia e por vezes os fil\u00f3sofos s\u00e3o duros e sem rodeios, procurando chamar a aten\u00e7\u00e3o para o seu ponto de vista, o que \u00e9 muito mais um estilo do que uma vontade de ofender. Da mesma forma, textos sobre Filosofia Medieval n\u00e3o significam que esta p\u00e1gina possui tend\u00eancias religiosas. N\u00e3o podemos (nem queremos) restringir conte\u00fados pensando em \u201cleitores sens\u00edveis\u201d ou na baixa capacidade interpretativa de alguns, uma vez que o objetivo da p\u00e1gina \u00e9 justamente divulgar conhecimentos e exercitar o pensamento.\u00a0Esta p\u00e1gina n\u00e3o defende posi\u00e7\u00f5es radicais.\u00a0Se existe algo que esta p\u00e1gina divulga, \u00e9 a Filosofia e nada mais.<\/p>\n<p>Obrigado a todos,<br \/>\n<a title=\"Alfredo Carneiro\" href=\"http:\/\/www.netmundi.org\/home\/quem-sou\/\">Alfredo Carneiro<\/a><\/p>\n","protected":false},"excerpt":{"rendered":"<p>Um pequeno esclarecimento aos visitantes desta p\u00e1gina de filosofia. Esta n\u00e3o \u00e9 uma p\u00e1gina que divulga ate\u00edsmo, intoler\u00e2ncia e nem possui\u00a0inten\u00e7\u00e3o religiosa ou posi\u00e7\u00f5es pol\u00edticas.\u00a0O objetivo do netmundi.org \u00e9 promover a Filosofia no Brasil compartilhando conhecimentos, opini\u00f5es variadas, v\u00eddeos, m\u00fasica, resenhas e livros para baixar. No entanto, os pensamentos de muitos fil\u00f3sofos \u2014\u00a0como Nietzsche, Schopenhauer, Montaigne, Marx e Freud \u2014\u00a0 s\u00e3o carregados de uma cr\u00edtica agressiva.\u00a0Essa cr\u00edtica \u00e9 por vezes interpretada como ofensa\u00a0gratuita e pode ofender alguns leitores, principalmente aqueles que n\u00e3o est\u00e3o acostumados com a Filosofia. A cr\u00edtica faz parte da Filosofia e por vezes os fil\u00f3sofos s\u00e3o duros e sem rodeios, procurando chamar a aten\u00e7\u00e3o para o seu ponto de vista, o que \u00e9 muito mais um estilo do que uma vontade de ofender. Da mesma forma, textos sobre Filosofia Medieval n\u00e3o significam que esta p\u00e1gina possui tend\u00eancias religiosas. N\u00e3o podemos (nem queremos) restringir conte\u00fados pensando em \u201cleitores sens\u00edveis\u201d ou na baixa capacidade interpretativa de alguns, uma vez que o objetivo da p\u00e1gina \u00e9 justamente divulgar conhecimentos e exercitar o pensamento.\u00a0Esta p\u00e1gina n\u00e3o defende posi\u00e7\u00f5es radicais.\u00a0Se existe algo que esta p\u00e1gina divulga, \u00e9 a Filosofia e nada mais. Obrigado a todos, Alfredo Carneiro<\/p>\n","protected":false},"author":1,"featured_media":0,"parent":0,"menu_order":3,"comment_status":"open","ping_status":"open","template":"","meta":{"footnotes":""},"class_list":["post-3746","page","type-page","status-publish","hentry"],"amp_enabled":true,"_links":{"self":[{"href":"https:\/\/www.netmundi.org\/pensamentos\/wp-json\/wp\/v2\/pages\/3746","targetHints":{"allow":["GET"]}}],"collection":[{"href":"https:\/\/www.netmundi.org\/pensamentos\/wp-json\/wp\/v2\/pages"}],"about":[{"href":"https:\/\/www.netmundi.org\/pensamentos\/wp-json\/wp\/v2\/types\/page"}],"author":[{"embeddable":true,"href":"https:\/\/www.netmundi.org\/pensamentos\/wp-json\/wp\/v2\/users\/1"}],"replies":[{"embeddable":true,"href":"https:\/\/www.netmundi.org\/pensamentos\/wp-json\/wp\/v2\/comments?post=3746"}],"version-history":[{"count":16,"href":"https:\/\/www.netmundi.org\/pensamentos\/wp-json\/wp\/v2\/pages\/3746\/revisions"}],"predecessor-version":[{"id":5013,"href":"https:\/\/www.netmundi.org\/pensamentos\/wp-json\/wp\/v2\/pages\/3746\/revisions\/5013"}],"wp:attachment":[{"href":"https:\/\/www.netmundi.org\/pensamentos\/wp-json\/wp\/v2\/media?parent=3746"}],"curies":[{"name":"wp","href":"https:\/\/api.w.org\/{rel}","templated":true}]}}