{"id":24,"date":"2014-02-02T02:45:26","date_gmt":"2014-02-02T02:45:26","guid":{"rendered":"http:\/\/www.netmundi.org\/home\/?page_id=24"},"modified":"2015-05-16T02:27:09","modified_gmt":"2015-05-16T02:27:09","slug":"amazonia","status":"publish","type":"page","link":"https:\/\/www.netmundi.org\/home\/amazonia\/","title":{"rendered":"Outros Projetos"},"content":{"rendered":"<h2>Bosque Sonho do Carneiro<\/h2>\n<p style=\"text-align: justify;\"><a href=\"http:\/\/www.netmundi.org\/home\/wp-content\/uploads\/2014\/02\/arvores15.jpg\"><img loading=\"lazy\" decoding=\"async\" class=\" wp-image-48 alignleft\" src=\"http:\/\/www.netmundi.org\/home\/wp-content\/uploads\/2014\/02\/arvores15.jpg\" alt=\"arvores15\" width=\"237\" height=\"178\" srcset=\"https:\/\/www.netmundi.org\/home\/wp-content\/uploads\/2014\/02\/arvores15.jpg 550w, https:\/\/www.netmundi.org\/home\/wp-content\/uploads\/2014\/02\/arvores15-300x225.jpg 300w\" sizes=\"auto, (max-width: 237px) 100vw, 237px\" \/><\/a>A Amaz\u00f4nia \u00e9 um patrim\u00f4nio da humanidade, seja \u00a0pela diversidade do seu meio-ambiente, dos seus animais e vegetais. O projeto Bosque Sonho do Carneiro \u00e9 uma iniciativa desenvolvida h\u00e1 mais de 30 anos pelo advogado, escritor e ambientalista Orlando Carneiro, meu pai. Criei o<strong>\u00a0<a title=\"Projeto Bosque Sonho do Carneiro\" href=\"http:\/\/www.sonhodocarneiro.org\/\">site do Bosque Sonho do Carneiro<\/a>\u00a0<\/strong>em 2002, que desde ent\u00e3o tem divulgado este incr\u00edvel projeto ambiental e atra\u00eddo v\u00e1rias reportagens, todas dispon\u00edveis no site.<\/p>\n<p style=\"text-align: justify;\">Se h\u00e1 os (muitos) que agridem a Amaz\u00f4nia sem se importar com as consequ\u00eancias, desfilando suas personalidades ego\u00edstas, h\u00e1 os que procuram defend\u00ea-la. O projeto Bosque Sonho do Carneiro \u00e9 uma iniciativa pessoal do ambientalista paraense Orlando Carneiro, que desenvolve esse projeto com recursos pr\u00f3prios. O bosque \u00e9 um Banco Gen\u00e9tico destinado exclusivamente a preservar as esp\u00e9cies nele introduzidas.<\/p>\n<p style=\"text-align: justify;\"><a href=\"http:\/\/www.netmundi.org\/home\/wp-content\/uploads\/2014\/02\/bosque09.jpg\"><img loading=\"lazy\" decoding=\"async\" class=\"wp-image-51 alignleft\" src=\"http:\/\/www.netmundi.org\/home\/wp-content\/uploads\/2014\/02\/bosque09.jpg\" alt=\"bosque09\" width=\"251\" height=\"189\" srcset=\"https:\/\/www.netmundi.org\/home\/wp-content\/uploads\/2014\/02\/bosque09.jpg 550w, https:\/\/www.netmundi.org\/home\/wp-content\/uploads\/2014\/02\/bosque09-300x225.jpg 300w\" sizes=\"auto, (max-width: 251px) 100vw, 251px\" \/><\/a>O bosque possui quase 500 esp\u00e9cies de \u00e1rvores e palmeiras da Amaz\u00f4nia e do Brasil que est\u00e3o agrupadas em uma pequena \u00e1rea de 3 hectares localizada no munic\u00edpio de Marituba (20 km da cidade de Bel\u00e9m do Par\u00e1), e foi criado a partir da informa\u00e7\u00e3o dos primeiros estudos sobre clonagem vegetal e sua utiliza\u00e7\u00e3o no reflorestamento em larga escala de \u00e1reas degradadas, que se finalizados com sucesso fariam com que qualquer vegetal pudesse ser multiplicado a partir de um s\u00f3 exemplar remanescente. Atualmente esta tecnologia \u00e9 utilizada por grandes empresas brasileiras de celulose e institui\u00e7\u00f5es de pesquisa.<\/p>\n<p style=\"text-align: justify;\">Hoje o bosque apresenta uma pequena parte da beleza e diversidade da Amaz\u00f4nia e o objetivo do site \u00e9 compartilhar essa \u00a0beleza, divulgar o conhecimento adquirido durante os anos deste projeto e contribuir para a conscientiza\u00e7\u00e3o da necessidade de preservar a floresta amaz\u00f4nica.<\/p>\n<p style=\"text-align: justify;\">As informa\u00e7\u00f5es apresentadas s\u00e3o fruto de pesquisa pessoal realizada por Orlando Carneiro, sabedoria popular da Amaz\u00f4nia, livros, contribui\u00e7\u00e3o de profissionais. Busca tamb\u00e9m preservar o inestim\u00e1vel conhecimento dos caboclos da regi\u00e3o sobre o uso terap\u00eautico das riquezas da floresta, conhecimento este que tende a desaparecer se n\u00e3o for valorizado.<\/p>\n<h2 style=\"text-align: justify;\">Amazon Trade<\/h2>\n<p style=\"text-align: justify;\"><a href=\"http:\/\/www.netmundi.org\/home\/wp-content\/uploads\/2014\/02\/arqueologica01_v.gif\"><img loading=\"lazy\" decoding=\"async\" class=\"wp-image-57 alignleft\" src=\"http:\/\/www.netmundi.org\/home\/wp-content\/uploads\/2014\/02\/arqueologica01_v.gif\" alt=\"arqueologica01_v\" width=\"144\" height=\"205\" \/><\/a>A <strong><a title=\"Amazon Trade\" href=\"http:\/\/www.sonhodocarneiro.org\/trade\/index.asp\">Amazon Trade<\/a><\/strong> foi um site criado em 1998 com o objetivo de comercializar produtos amaz\u00f4nicos e pacotes tur\u00edsticos, al\u00e9m de divulgar a hist\u00f3ria e a cultura da Amaz\u00f4nia. Foi uma iniciativa dos amigos Alfredo Carneiro (autor do netmundi.org) e Maur\u00edcio Lopes, em uma \u00e9poca em que a internet no Brasil ainda engatinhava no com\u00e9rcio eletr\u00f4nico.<\/p>\n<p style=\"text-align: justify;\">Durante 3 anos comercializamos mudas de \u00e1rvores, sementes, ervas medicinais, flores ex\u00f3ticas, livros, artefatos ind\u00edgenas e artesanato popular da Amaz\u00f4nia e criamos conte\u00fado sobre curiosidades da regi\u00e3o, dados estat\u00edsticos, informa\u00e7\u00f5es hist\u00f3ricas e lendas amaz\u00f4nicas. O site foi citado em jornais e revistas de circula\u00e7\u00e3o nacional e pelo jornal argentino Clar\u00edn (essas reportagens est\u00e3o na se\u00e7\u00e3o \u201cImprensa\u201d do site).<\/p>\n<p style=\"text-align: justify;\">A log\u00edstica representava outro desafio, pois esbarramos nas dificuldades dos artes\u00e3os amaz\u00f4nicos, que n\u00e3o tinham (e at\u00e9 hoje n\u00e3o tem) condi\u00e7\u00f5es nem apoio para produzir suas pe\u00e7as em grande quantidade para atender pedidos de v\u00e1rias lojas do Brasil que tinham interesse em comercializar seus produtos.<\/p>\n<p style=\"text-align: justify;\"><a href=\"http:\/\/www.netmundi.org\/home\/wp-content\/uploads\/2014\/02\/quem01.jpg\"><img loading=\"lazy\" decoding=\"async\" class=\"size-full wp-image-58 alignleft\" src=\"http:\/\/www.netmundi.org\/home\/wp-content\/uploads\/2014\/02\/quem01.jpg\" alt=\"quem01\" width=\"180\" height=\"131\" \/><\/a>A Amazon Trade foi uma grande aventura pessoal e profissional. Foi uma iniciativa honesta e sincera de divulgar a hist\u00f3ria e as riquezas de uma regi\u00e3o que \u00e9, at\u00e9 hoje, desconhecida pela grande maioria dos brasileiros, abandonada pelo governo e entregue a todo tipo de abuso e destrui\u00e7\u00e3o.<\/p>\n","protected":false},"excerpt":{"rendered":"<p>Bosque Sonho do Carneiro A Amaz\u00f4nia \u00e9 um patrim\u00f4nio da humanidade, seja \u00a0pela diversidade do seu meio-ambiente, dos seus animais e vegetais. O projeto Bosque Sonho do Carneiro \u00e9 uma iniciativa desenvolvida h\u00e1 mais de 30 anos pelo advogado, escritor e ambientalista Orlando Carneiro, meu pai. Criei o\u00a0site do Bosque Sonho do Carneiro\u00a0em 2002, que desde ent\u00e3o tem divulgado este incr\u00edvel projeto ambiental e atra\u00eddo v\u00e1rias reportagens, todas dispon\u00edveis no site. Se h\u00e1 os (muitos) que agridem a Amaz\u00f4nia sem se importar com as consequ\u00eancias, desfilando suas personalidades ego\u00edstas, h\u00e1 os que procuram defend\u00ea-la. O projeto Bosque Sonho do Carneiro \u00e9 uma iniciativa pessoal do ambientalista paraense Orlando Carneiro, que desenvolve esse projeto com recursos pr\u00f3prios. O bosque \u00e9 um Banco Gen\u00e9tico destinado exclusivamente a preservar as esp\u00e9cies nele introduzidas. O bosque possui quase 500 esp\u00e9cies de \u00e1rvores e palmeiras da Amaz\u00f4nia e do Brasil que est\u00e3o agrupadas em uma pequena \u00e1rea de 3 hectares localizada no munic\u00edpio de Marituba (20 km da cidade de Bel\u00e9m do Par\u00e1), e foi criado a partir da informa\u00e7\u00e3o dos primeiros estudos sobre clonagem vegetal e sua utiliza\u00e7\u00e3o no reflorestamento em larga escala de \u00e1reas degradadas, que se finalizados com sucesso fariam com que [&#8230;]<\/p>\n","protected":false},"author":1,"featured_media":48,"parent":0,"menu_order":6,"comment_status":"closed","ping_status":"closed","template":"","meta":{"footnotes":""},"class_list":["post-24","page","type-page","status-publish","has-post-thumbnail","hentry"],"yoast_head":"<!-- This site is optimized with the Yoast SEO plugin v26.6 - https:\/\/yoast.com\/wordpress\/plugins\/seo\/ -->\n<title>Outros Projetos - netmundi.org<\/title>\n<meta name=\"description\" content=\"O netmundi.org \u00e9 um site dedicado \u00e0 divulga\u00e7\u00e3o da Filosofia no Brasil. Aqui voc\u00ea vai encontrar as principais fal\u00e1cias, m\u00fasicas, hist\u00f3ria da filosofia, coment\u00e1rios sobre v\u00eddeos e filmes.\" \/>\n<meta name=\"robots\" content=\"index, follow, max-snippet:-1, max-image-preview:large, max-video-preview:-1\" \/>\n<link rel=\"canonical\" href=\"https:\/\/www.netmundi.org\/home\/amazonia\/\" \/>\n<meta property=\"og:locale\" content=\"pt_BR\" \/>\n<meta property=\"og:type\" content=\"article\" \/>\n<meta property=\"og:title\" content=\"Outros Projetos - netmundi.org\" \/>\n<meta property=\"og:description\" content=\"O netmundi.org \u00e9 um site dedicado \u00e0 divulga\u00e7\u00e3o da Filosofia no Brasil. Aqui voc\u00ea vai encontrar as principais fal\u00e1cias, m\u00fasicas, hist\u00f3ria da filosofia, coment\u00e1rios sobre v\u00eddeos e filmes.\" \/>\n<meta property=\"og:url\" content=\"https:\/\/www.netmundi.org\/home\/amazonia\/\" \/>\n<meta property=\"og:site_name\" content=\"netmundi.org\" \/>\n<meta property=\"article:modified_time\" content=\"2015-05-16T02:27:09+00:00\" \/>\n<meta property=\"og:image\" content=\"https:\/\/www.netmundi.org\/home\/wp-content\/uploads\/2014\/02\/arvores15.jpg\" \/>\n\t<meta property=\"og:image:width\" content=\"550\" \/>\n\t<meta property=\"og:image:height\" content=\"413\" \/>\n\t<meta property=\"og:image:type\" content=\"image\/jpeg\" \/>\n<meta name=\"twitter:card\" content=\"summary_large_image\" \/>\n<meta name=\"twitter:site\" content=\"@alfredo_mrc\" \/>\n<meta name=\"twitter:label1\" content=\"Est. tempo de leitura\" \/>\n\t<meta name=\"twitter:data1\" content=\"3 minutos\" \/>\n<script type=\"application\/ld+json\" class=\"yoast-schema-graph\">{\"@context\":\"https:\/\/schema.org\",\"@graph\":[{\"@type\":\"WebPage\",\"@id\":\"https:\/\/www.netmundi.org\/home\/amazonia\/\",\"url\":\"https:\/\/www.netmundi.org\/home\/amazonia\/\",\"name\":\"Outros Projetos - netmundi.org\",\"isPartOf\":{\"@id\":\"https:\/\/www.netmundi.org\/home\/#website\"},\"primaryImageOfPage\":{\"@id\":\"https:\/\/www.netmundi.org\/home\/amazonia\/#primaryimage\"},\"image\":{\"@id\":\"https:\/\/www.netmundi.org\/home\/amazonia\/#primaryimage\"},\"thumbnailUrl\":\"https:\/\/www.netmundi.org\/home\/wp-content\/uploads\/2014\/02\/arvores15.jpg\",\"datePublished\":\"2014-02-02T02:45:26+00:00\",\"dateModified\":\"2015-05-16T02:27:09+00:00\",\"description\":\"O netmundi.org \u00e9 um site dedicado \u00e0 divulga\u00e7\u00e3o da Filosofia no Brasil. Aqui voc\u00ea vai encontrar as principais fal\u00e1cias, m\u00fasicas, hist\u00f3ria da filosofia, coment\u00e1rios sobre v\u00eddeos e filmes.\",\"breadcrumb\":{\"@id\":\"https:\/\/www.netmundi.org\/home\/amazonia\/#breadcrumb\"},\"inLanguage\":\"pt-BR\",\"potentialAction\":[{\"@type\":\"ReadAction\",\"target\":[\"https:\/\/www.netmundi.org\/home\/amazonia\/\"]}]},{\"@type\":\"ImageObject\",\"inLanguage\":\"pt-BR\",\"@id\":\"https:\/\/www.netmundi.org\/home\/amazonia\/#primaryimage\",\"url\":\"https:\/\/www.netmundi.org\/home\/wp-content\/uploads\/2014\/02\/arvores15.jpg\",\"contentUrl\":\"https:\/\/www.netmundi.org\/home\/wp-content\/uploads\/2014\/02\/arvores15.jpg\",\"width\":550,\"height\":413},{\"@type\":\"BreadcrumbList\",\"@id\":\"https:\/\/www.netmundi.org\/home\/amazonia\/#breadcrumb\",\"itemListElement\":[{\"@type\":\"ListItem\",\"position\":1,\"name\":\"In\u00edcio\",\"item\":\"https:\/\/www.netmundi.org\/home\/\"},{\"@type\":\"ListItem\",\"position\":2,\"name\":\"Outros Projetos\"}]},{\"@type\":\"WebSite\",\"@id\":\"https:\/\/www.netmundi.org\/home\/#website\",\"url\":\"https:\/\/www.netmundi.org\/home\/\",\"name\":\"netmundi.org\",\"description\":\"ARTE, CULTURA E FILOSOFIA\",\"publisher\":{\"@id\":\"https:\/\/www.netmundi.org\/home\/#\/schema\/person\/12ddd80f62a6f0e98d99e56c5a71eed2\"},\"potentialAction\":[{\"@type\":\"SearchAction\",\"target\":{\"@type\":\"EntryPoint\",\"urlTemplate\":\"https:\/\/www.netmundi.org\/home\/?s={search_term_string}\"},\"query-input\":{\"@type\":\"PropertyValueSpecification\",\"valueRequired\":true,\"valueName\":\"search_term_string\"}}],\"inLanguage\":\"pt-BR\"},{\"@type\":[\"Person\",\"Organization\"],\"@id\":\"https:\/\/www.netmundi.org\/home\/#\/schema\/person\/12ddd80f62a6f0e98d99e56c5a71eed2\",\"name\":\"Netmundi.org - Filosofia na Rede\",\"image\":{\"@type\":\"ImageObject\",\"inLanguage\":\"pt-BR\",\"@id\":\"https:\/\/www.netmundi.org\/home\/#\/schema\/person\/image\/\",\"url\":\"https:\/\/secure.gravatar.com\/avatar\/4b425da16797e1bacc1ee50a40075366497cc3dd3e5c4319ef30ca6895d04061?s=96&r=g\",\"contentUrl\":\"https:\/\/secure.gravatar.com\/avatar\/4b425da16797e1bacc1ee50a40075366497cc3dd3e5c4319ef30ca6895d04061?s=96&r=g\",\"caption\":\"Netmundi.org - Filosofia na Rede\"},\"logo\":{\"@id\":\"https:\/\/www.netmundi.org\/home\/#\/schema\/person\/image\/\"}}]}<\/script>\n<!-- \/ Yoast SEO plugin. -->","yoast_head_json":{"title":"Outros Projetos - netmundi.org","description":"O netmundi.org \u00e9 um site dedicado \u00e0 divulga\u00e7\u00e3o da Filosofia no Brasil. Aqui voc\u00ea vai encontrar as principais fal\u00e1cias, m\u00fasicas, hist\u00f3ria da filosofia, coment\u00e1rios sobre v\u00eddeos e filmes.","robots":{"index":"index","follow":"follow","max-snippet":"max-snippet:-1","max-image-preview":"max-image-preview:large","max-video-preview":"max-video-preview:-1"},"canonical":"https:\/\/www.netmundi.org\/home\/amazonia\/","og_locale":"pt_BR","og_type":"article","og_title":"Outros Projetos - netmundi.org","og_description":"O netmundi.org \u00e9 um site dedicado \u00e0 divulga\u00e7\u00e3o da Filosofia no Brasil. Aqui voc\u00ea vai encontrar as principais fal\u00e1cias, m\u00fasicas, hist\u00f3ria da filosofia, coment\u00e1rios sobre v\u00eddeos e filmes.","og_url":"https:\/\/www.netmundi.org\/home\/amazonia\/","og_site_name":"netmundi.org","article_modified_time":"2015-05-16T02:27:09+00:00","og_image":[{"width":550,"height":413,"url":"https:\/\/www.netmundi.org\/home\/wp-content\/uploads\/2014\/02\/arvores15.jpg","type":"image\/jpeg"}],"twitter_card":"summary_large_image","twitter_site":"@alfredo_mrc","twitter_misc":{"Est. tempo de leitura":"3 minutos"},"schema":{"@context":"https:\/\/schema.org","@graph":[{"@type":"WebPage","@id":"https:\/\/www.netmundi.org\/home\/amazonia\/","url":"https:\/\/www.netmundi.org\/home\/amazonia\/","name":"Outros Projetos - netmundi.org","isPartOf":{"@id":"https:\/\/www.netmundi.org\/home\/#website"},"primaryImageOfPage":{"@id":"https:\/\/www.netmundi.org\/home\/amazonia\/#primaryimage"},"image":{"@id":"https:\/\/www.netmundi.org\/home\/amazonia\/#primaryimage"},"thumbnailUrl":"https:\/\/www.netmundi.org\/home\/wp-content\/uploads\/2014\/02\/arvores15.jpg","datePublished":"2014-02-02T02:45:26+00:00","dateModified":"2015-05-16T02:27:09+00:00","description":"O netmundi.org \u00e9 um site dedicado \u00e0 divulga\u00e7\u00e3o da Filosofia no Brasil. Aqui voc\u00ea vai encontrar as principais fal\u00e1cias, m\u00fasicas, hist\u00f3ria da filosofia, coment\u00e1rios sobre v\u00eddeos e filmes.","breadcrumb":{"@id":"https:\/\/www.netmundi.org\/home\/amazonia\/#breadcrumb"},"inLanguage":"pt-BR","potentialAction":[{"@type":"ReadAction","target":["https:\/\/www.netmundi.org\/home\/amazonia\/"]}]},{"@type":"ImageObject","inLanguage":"pt-BR","@id":"https:\/\/www.netmundi.org\/home\/amazonia\/#primaryimage","url":"https:\/\/www.netmundi.org\/home\/wp-content\/uploads\/2014\/02\/arvores15.jpg","contentUrl":"https:\/\/www.netmundi.org\/home\/wp-content\/uploads\/2014\/02\/arvores15.jpg","width":550,"height":413},{"@type":"BreadcrumbList","@id":"https:\/\/www.netmundi.org\/home\/amazonia\/#breadcrumb","itemListElement":[{"@type":"ListItem","position":1,"name":"In\u00edcio","item":"https:\/\/www.netmundi.org\/home\/"},{"@type":"ListItem","position":2,"name":"Outros Projetos"}]},{"@type":"WebSite","@id":"https:\/\/www.netmundi.org\/home\/#website","url":"https:\/\/www.netmundi.org\/home\/","name":"netmundi.org","description":"ARTE, CULTURA E FILOSOFIA","publisher":{"@id":"https:\/\/www.netmundi.org\/home\/#\/schema\/person\/12ddd80f62a6f0e98d99e56c5a71eed2"},"potentialAction":[{"@type":"SearchAction","target":{"@type":"EntryPoint","urlTemplate":"https:\/\/www.netmundi.org\/home\/?s={search_term_string}"},"query-input":{"@type":"PropertyValueSpecification","valueRequired":true,"valueName":"search_term_string"}}],"inLanguage":"pt-BR"},{"@type":["Person","Organization"],"@id":"https:\/\/www.netmundi.org\/home\/#\/schema\/person\/12ddd80f62a6f0e98d99e56c5a71eed2","name":"Netmundi.org - Filosofia na Rede","image":{"@type":"ImageObject","inLanguage":"pt-BR","@id":"https:\/\/www.netmundi.org\/home\/#\/schema\/person\/image\/","url":"https:\/\/secure.gravatar.com\/avatar\/4b425da16797e1bacc1ee50a40075366497cc3dd3e5c4319ef30ca6895d04061?s=96&r=g","contentUrl":"https:\/\/secure.gravatar.com\/avatar\/4b425da16797e1bacc1ee50a40075366497cc3dd3e5c4319ef30ca6895d04061?s=96&r=g","caption":"Netmundi.org - Filosofia na Rede"},"logo":{"@id":"https:\/\/www.netmundi.org\/home\/#\/schema\/person\/image\/"}}]}},"amp_enabled":true,"_links":{"self":[{"href":"https:\/\/www.netmundi.org\/home\/wp-json\/wp\/v2\/pages\/24","targetHints":{"allow":["GET"]}}],"collection":[{"href":"https:\/\/www.netmundi.org\/home\/wp-json\/wp\/v2\/pages"}],"about":[{"href":"https:\/\/www.netmundi.org\/home\/wp-json\/wp\/v2\/types\/page"}],"author":[{"embeddable":true,"href":"https:\/\/www.netmundi.org\/home\/wp-json\/wp\/v2\/users\/1"}],"replies":[{"embeddable":true,"href":"https:\/\/www.netmundi.org\/home\/wp-json\/wp\/v2\/comments?post=24"}],"version-history":[{"count":12,"href":"https:\/\/www.netmundi.org\/home\/wp-json\/wp\/v2\/pages\/24\/revisions"}],"predecessor-version":[{"id":2059,"href":"https:\/\/www.netmundi.org\/home\/wp-json\/wp\/v2\/pages\/24\/revisions\/2059"}],"wp:featuredmedia":[{"embeddable":true,"href":"https:\/\/www.netmundi.org\/home\/wp-json\/wp\/v2\/media\/48"}],"wp:attachment":[{"href":"https:\/\/www.netmundi.org\/home\/wp-json\/wp\/v2\/media?parent=24"}],"curies":[{"name":"wp","href":"https:\/\/api.w.org\/{rel}","templated":true}]}}