{"id":2351,"date":"2015-06-23T17:02:58","date_gmt":"2015-06-23T17:02:58","guid":{"rendered":"http:\/\/www.netmundi.org\/home\/?page_id=2351"},"modified":"2016-03-03T23:22:02","modified_gmt":"2016-03-03T23:22:02","slug":"mini-busto-de-socrates","status":"publish","type":"page","link":"https:\/\/www.netmundi.org\/home\/mini-busto-de-socrates\/","title":{"rendered":"Mini Busto de S\u00f3crates"},"content":{"rendered":"<p style=\"text-align: justify;\"><a href=\"http:\/\/www.netmundi.org\/home\/wp-content\/uploads\/2015\/06\/escultura-mini-busto-socrates-pequena.jpg\"><img loading=\"lazy\" decoding=\"async\" class=\"alignleft wp-image-2384\" src=\"http:\/\/www.netmundi.org\/home\/wp-content\/uploads\/2015\/06\/escultura-mini-busto-socrates-pequena.jpg\" alt=\"escultura-mini-busto-socrates-pequena\" width=\"119\" height=\"111\" \/><\/a>Buscando um brinde promocional para o\u00a0<a href=\"http:\/\/l.facebook.com\/l.php?u=http%3A%2F%2Fnetmundi.org%2F&amp;h=UAQGZE89o&amp;enc=AZOlDlN3WscIZf10vfi_dR7hwMjYvbeCoKZ2m8fwk9N0Iysy5KcORWbWe4r6c0zGvRb6dQYLhAkUV0JDoge4spCNXdKlQxxbGglE4PFgdVZpX7plfxKgBIZEZ1Jqh_KpiQpO8p3raeYBJvAMoHJvwsvgirltYbKY5Qz82gPW2DfgMQ&amp;s=1\" target=\"_blank\" rel=\"nofollow\">netmundi.org<\/a>, resolvi ressuscitar antigos conhecimentos de modelagem aprendidos com velho amigo\u00a0Cesar Charone\u00a0durante a &#8220;Era Problemagus&#8221; (nome do nosso est\u00fadio, j\u00e1 desativado. Achei que fabricar do zero uma pe\u00e7a seria melhor do que sortear livros ou marcadores. Deu muito trabalho, tipo, muito. A pe\u00e7a ser\u00e1 usada para sorteios no <a href=\"http:\/\/netmundi.org\/\" target=\"_blank\" rel=\"nofollow\">netmundi.org<\/a>.<\/p>\n<h2 style=\"text-align: justify;\"><a href=\"http:\/\/www.netmundi.org\/home\/wp-content\/uploads\/2015\/06\/modelagem-socrates-01.jpg\"><img loading=\"lazy\" decoding=\"async\" class=\"alignleft size-thumbnail wp-image-2357\" src=\"http:\/\/www.netmundi.org\/home\/wp-content\/uploads\/2015\/06\/modelagem-socrates-01-150x150.jpg\" alt=\"escultura-mini-busto-s\u00f3crates-modelagem\" width=\"150\" height=\"150\" \/><\/a> <a href=\"http:\/\/www.netmundi.org\/home\/wp-content\/uploads\/2015\/06\/modelagem-socrates-02.jpg\"><img loading=\"lazy\" decoding=\"async\" class=\"alignleft size-thumbnail wp-image-2358\" src=\"http:\/\/www.netmundi.org\/home\/wp-content\/uploads\/2015\/06\/modelagem-socrates-02-150x150.jpg\" alt=\"modelagem-socrates-02\" width=\"150\" height=\"150\" \/><\/a> <a href=\"http:\/\/www.netmundi.org\/home\/wp-content\/uploads\/2015\/06\/modelagem-socrates-03.jpg\"><img loading=\"lazy\" decoding=\"async\" class=\"alignleft size-thumbnail wp-image-2359\" src=\"http:\/\/www.netmundi.org\/home\/wp-content\/uploads\/2015\/06\/modelagem-socrates-03-150x150.jpg\" alt=\"modelagem-socrates-03\" width=\"150\" height=\"150\" \/><\/a> <a href=\"http:\/\/www.netmundi.org\/home\/wp-content\/uploads\/2015\/06\/modelagem-socrates-04.jpg\"><img loading=\"lazy\" decoding=\"async\" class=\"alignleft size-thumbnail wp-image-2360\" src=\"http:\/\/www.netmundi.org\/home\/wp-content\/uploads\/2015\/06\/modelagem-socrates-04-150x150.jpg\" alt=\"modelagem-socrates-04\" width=\"150\" height=\"150\" \/><\/a> <a href=\"http:\/\/www.netmundi.org\/home\/wp-content\/uploads\/2015\/06\/molde-silicone-socrates01.jpg\"><img loading=\"lazy\" decoding=\"async\" class=\"alignleft size-thumbnail wp-image-2362\" src=\"http:\/\/www.netmundi.org\/home\/wp-content\/uploads\/2015\/06\/molde-silicone-socrates01-150x150.jpg\" alt=\"molde-silicone-socrates01\" width=\"150\" height=\"150\" \/><\/a> <a href=\"http:\/\/www.netmundi.org\/home\/wp-content\/uploads\/2015\/06\/molde-silicone-socrates02.jpg\"><img loading=\"lazy\" decoding=\"async\" class=\"alignleft size-thumbnail wp-image-2363\" src=\"http:\/\/www.netmundi.org\/home\/wp-content\/uploads\/2015\/06\/molde-silicone-socrates02-150x150.jpg\" alt=\"molde-silicone-socrates02\" width=\"150\" height=\"150\" srcset=\"https:\/\/www.netmundi.org\/home\/wp-content\/uploads\/2015\/06\/molde-silicone-socrates02-150x150.jpg 150w, https:\/\/www.netmundi.org\/home\/wp-content\/uploads\/2015\/06\/molde-silicone-socrates02-300x300.jpg 300w, https:\/\/www.netmundi.org\/home\/wp-content\/uploads\/2015\/06\/molde-silicone-socrates02.jpg 600w\" sizes=\"auto, (max-width: 150px) 100vw, 150px\" \/><\/a> <a href=\"http:\/\/www.netmundi.org\/home\/wp-content\/uploads\/2015\/06\/molde-silicone-socrates03.jpg\"><img loading=\"lazy\" decoding=\"async\" class=\"alignleft size-thumbnail wp-image-2364\" src=\"http:\/\/www.netmundi.org\/home\/wp-content\/uploads\/2015\/06\/molde-silicone-socrates03-150x150.jpg\" alt=\"molde-silicone-socrates03\" width=\"150\" height=\"150\" \/><\/a> <a href=\"http:\/\/www.netmundi.org\/home\/wp-content\/uploads\/2015\/06\/molde-silicone-socrates04.jpg\"><img loading=\"lazy\" decoding=\"async\" class=\"alignleft size-thumbnail wp-image-2365\" src=\"http:\/\/www.netmundi.org\/home\/wp-content\/uploads\/2015\/06\/molde-silicone-socrates04-150x150.jpg\" alt=\"molde-silicone-socrates04\" width=\"150\" height=\"150\" \/><\/a> <a href=\"http:\/\/www.netmundi.org\/home\/wp-content\/uploads\/2015\/06\/molde-silicone-socrates05.jpg\"><img loading=\"lazy\" decoding=\"async\" class=\"alignleft size-thumbnail wp-image-2366\" src=\"http:\/\/www.netmundi.org\/home\/wp-content\/uploads\/2015\/06\/molde-silicone-socrates05-150x150.jpg\" alt=\"molde-silicone-socrates05\" width=\"150\" height=\"150\" \/><\/a> <a href=\"http:\/\/www.netmundi.org\/home\/wp-content\/uploads\/2015\/06\/molde-silicone-socrates06.jpg\"><img loading=\"lazy\" decoding=\"async\" class=\"alignleft size-thumbnail wp-image-2367\" src=\"http:\/\/www.netmundi.org\/home\/wp-content\/uploads\/2015\/06\/molde-silicone-socrates06-150x150.jpg\" alt=\"molde-silicone-socrates06\" width=\"150\" height=\"150\" \/><\/a> <a href=\"http:\/\/www.netmundi.org\/home\/wp-content\/uploads\/2015\/06\/molde-silicone-socrates07.jpg\"><img loading=\"lazy\" decoding=\"async\" class=\"alignleft size-thumbnail wp-image-2368\" src=\"http:\/\/www.netmundi.org\/home\/wp-content\/uploads\/2015\/06\/molde-silicone-socrates07-150x150.jpg\" alt=\"molde-silicone-socrates07\" width=\"150\" height=\"150\" \/><\/a> <a href=\"http:\/\/www.netmundi.org\/home\/wp-content\/uploads\/2015\/06\/busto-socrates-gesso01.jpg\"><img loading=\"lazy\" decoding=\"async\" class=\"alignleft size-thumbnail wp-image-2369\" src=\"http:\/\/www.netmundi.org\/home\/wp-content\/uploads\/2015\/06\/busto-socrates-gesso01-150x150.jpg\" alt=\"busto-socrates-gesso01\" width=\"150\" height=\"150\" \/><\/a> <a href=\"http:\/\/www.netmundi.org\/home\/wp-content\/uploads\/2015\/06\/busto-socrates-gesso02.jpg\"><img loading=\"lazy\" decoding=\"async\" class=\"alignleft size-thumbnail wp-image-2370\" src=\"http:\/\/www.netmundi.org\/home\/wp-content\/uploads\/2015\/06\/busto-socrates-gesso02-150x150.jpg\" alt=\"busto-socrates-gesso02\" width=\"150\" height=\"150\" \/><\/a> <a href=\"http:\/\/www.netmundi.org\/home\/wp-content\/uploads\/2015\/06\/busto-socrates-gesso03.jpg\"><img loading=\"lazy\" decoding=\"async\" class=\"alignleft size-thumbnail wp-image-2371\" src=\"http:\/\/www.netmundi.org\/home\/wp-content\/uploads\/2015\/06\/busto-socrates-gesso03-150x150.jpg\" alt=\"busto-socrates-gesso03\" width=\"150\" height=\"150\" \/><\/a> <a href=\"http:\/\/www.netmundi.org\/home\/wp-content\/uploads\/2015\/06\/busto-socrates-gesso04.jpg\"><img loading=\"lazy\" decoding=\"async\" class=\"alignleft size-thumbnail wp-image-2372\" src=\"http:\/\/www.netmundi.org\/home\/wp-content\/uploads\/2015\/06\/busto-socrates-gesso04-150x150.jpg\" alt=\"busto-socrates-gesso04\" width=\"150\" height=\"150\" \/><\/a> <a href=\"http:\/\/www.netmundi.org\/home\/wp-content\/uploads\/2015\/06\/busto-socrates-gesso05.jpg\"><img loading=\"lazy\" decoding=\"async\" class=\"alignleft size-thumbnail wp-image-2373\" src=\"http:\/\/www.netmundi.org\/home\/wp-content\/uploads\/2015\/06\/busto-socrates-gesso05-150x150.jpg\" alt=\"busto-socrates-gesso05\" width=\"150\" height=\"150\" \/><\/a> <a href=\"http:\/\/www.netmundi.org\/home\/wp-content\/uploads\/2015\/06\/busto-socrates-gesso06.jpg\"><img loading=\"lazy\" decoding=\"async\" class=\"alignleft size-thumbnail wp-image-2374\" src=\"http:\/\/www.netmundi.org\/home\/wp-content\/uploads\/2015\/06\/busto-socrates-gesso06-150x150.jpg\" alt=\"busto-socrates-gesso06\" width=\"150\" height=\"150\" \/><\/a> <a href=\"http:\/\/www.netmundi.org\/home\/wp-content\/uploads\/2015\/06\/pintura-busto-escultura-socrates01.jpg\"><img loading=\"lazy\" decoding=\"async\" class=\"alignleft size-thumbnail wp-image-2375\" src=\"http:\/\/www.netmundi.org\/home\/wp-content\/uploads\/2015\/06\/pintura-busto-escultura-socrates01-150x150.jpg\" alt=\"pintura-busto-escultura-socrates01\" width=\"150\" height=\"150\" \/><\/a> <a href=\"http:\/\/www.netmundi.org\/home\/wp-content\/uploads\/2015\/06\/pintura-busto-escultura-socrates02.jpg\"><img loading=\"lazy\" decoding=\"async\" class=\"alignleft size-thumbnail wp-image-2376\" src=\"http:\/\/www.netmundi.org\/home\/wp-content\/uploads\/2015\/06\/pintura-busto-escultura-socrates02-150x150.jpg\" alt=\"pintura-busto-escultura-socrates02\" width=\"150\" height=\"150\" \/><\/a> <a href=\"http:\/\/www.netmundi.org\/home\/wp-content\/uploads\/2015\/06\/pintura-busto-escultura-socrates03.jpg\"><img loading=\"lazy\" decoding=\"async\" class=\"alignleft size-thumbnail wp-image-2377\" src=\"http:\/\/www.netmundi.org\/home\/wp-content\/uploads\/2015\/06\/pintura-busto-escultura-socrates03-150x150.jpg\" alt=\"pintura-busto-escultura-socrates03\" width=\"150\" height=\"150\" \/><\/a> <a href=\"http:\/\/www.netmundi.org\/home\/wp-content\/uploads\/2015\/06\/escultura-mini-busto-socrates.jpg\"><img loading=\"lazy\" decoding=\"async\" class=\"alignleft size-thumbnail wp-image-2378\" src=\"http:\/\/www.netmundi.org\/home\/wp-content\/uploads\/2015\/06\/escultura-mini-busto-socrates-150x150.jpg\" alt=\"escultura-mini-busto-socrates\" width=\"150\" height=\"150\" \/><\/a><\/h2>\n<h2 style=\"text-align: justify;\"><\/h2>\n","protected":false},"excerpt":{"rendered":"<p>Buscando um brinde promocional para o\u00a0netmundi.org, resolvi ressuscitar antigos conhecimentos de modelagem aprendidos com velho amigo\u00a0Cesar Charone\u00a0durante a &#8220;Era Problemagus&#8221; (nome do nosso est\u00fadio, j\u00e1 desativado. Achei que fabricar do zero uma pe\u00e7a seria melhor do que sortear livros ou marcadores. Deu muito trabalho, tipo, muito. A pe\u00e7a ser\u00e1 usada para sorteios no netmundi.org.<\/p>\n","protected":false},"author":1,"featured_media":2352,"parent":0,"menu_order":0,"comment_status":"closed","ping_status":"open","template":"","meta":{"footnotes":""},"class_list":["post-2351","page","type-page","status-publish","has-post-thumbnail","hentry"],"yoast_head":"<!-- This site is optimized with the Yoast SEO plugin v26.6 - https:\/\/yoast.com\/wordpress\/plugins\/seo\/ -->\n<title>Mini Busto de S\u00f3crates - netmundi.org<\/title>\n<meta name=\"description\" content=\"O netmundi.org \u00e9 um site dedicado \u00e0 divulga\u00e7\u00e3o da Filosofia no Brasil. Aqui voc\u00ea vai encontrar as principais fal\u00e1cias, m\u00fasicas, hist\u00f3ria da filosofia, coment\u00e1rios sobre v\u00eddeos e filmes.\" \/>\n<meta name=\"robots\" content=\"index, follow, max-snippet:-1, max-image-preview:large, max-video-preview:-1\" \/>\n<link rel=\"canonical\" href=\"https:\/\/www.netmundi.org\/home\/mini-busto-de-socrates\/\" \/>\n<meta property=\"og:locale\" content=\"pt_BR\" \/>\n<meta property=\"og:type\" content=\"article\" \/>\n<meta property=\"og:title\" content=\"Mini Busto de S\u00f3crates - netmundi.org\" \/>\n<meta property=\"og:description\" content=\"O netmundi.org \u00e9 um site dedicado \u00e0 divulga\u00e7\u00e3o da Filosofia no Brasil. Aqui voc\u00ea vai encontrar as principais fal\u00e1cias, m\u00fasicas, hist\u00f3ria da filosofia, coment\u00e1rios sobre v\u00eddeos e filmes.\" \/>\n<meta property=\"og:url\" content=\"https:\/\/www.netmundi.org\/home\/mini-busto-de-socrates\/\" \/>\n<meta property=\"og:site_name\" content=\"netmundi.org\" \/>\n<meta property=\"article:modified_time\" content=\"2016-03-03T23:22:02+00:00\" \/>\n<meta property=\"og:image\" content=\"https:\/\/www.netmundi.org\/home\/wp-content\/uploads\/2015\/06\/IMG_5679.jpg\" \/>\n\t<meta property=\"og:image:width\" content=\"2592\" \/>\n\t<meta property=\"og:image:height\" content=\"1936\" \/>\n\t<meta property=\"og:image:type\" content=\"image\/jpeg\" \/>\n<meta name=\"twitter:card\" content=\"summary_large_image\" \/>\n<meta name=\"twitter:site\" content=\"@alfredo_mrc\" \/>\n<script type=\"application\/ld+json\" class=\"yoast-schema-graph\">{\"@context\":\"https:\/\/schema.org\",\"@graph\":[{\"@type\":\"WebPage\",\"@id\":\"https:\/\/www.netmundi.org\/home\/mini-busto-de-socrates\/\",\"url\":\"https:\/\/www.netmundi.org\/home\/mini-busto-de-socrates\/\",\"name\":\"Mini Busto de S\u00f3crates - netmundi.org\",\"isPartOf\":{\"@id\":\"https:\/\/www.netmundi.org\/home\/#website\"},\"primaryImageOfPage\":{\"@id\":\"https:\/\/www.netmundi.org\/home\/mini-busto-de-socrates\/#primaryimage\"},\"image\":{\"@id\":\"https:\/\/www.netmundi.org\/home\/mini-busto-de-socrates\/#primaryimage\"},\"thumbnailUrl\":\"https:\/\/www.netmundi.org\/home\/wp-content\/uploads\/2015\/06\/IMG_5679.jpg\",\"datePublished\":\"2015-06-23T17:02:58+00:00\",\"dateModified\":\"2016-03-03T23:22:02+00:00\",\"description\":\"O netmundi.org \u00e9 um site dedicado \u00e0 divulga\u00e7\u00e3o da Filosofia no Brasil. Aqui voc\u00ea vai encontrar as principais fal\u00e1cias, m\u00fasicas, hist\u00f3ria da filosofia, coment\u00e1rios sobre v\u00eddeos e filmes.\",\"breadcrumb\":{\"@id\":\"https:\/\/www.netmundi.org\/home\/mini-busto-de-socrates\/#breadcrumb\"},\"inLanguage\":\"pt-BR\",\"potentialAction\":[{\"@type\":\"ReadAction\",\"target\":[\"https:\/\/www.netmundi.org\/home\/mini-busto-de-socrates\/\"]}]},{\"@type\":\"ImageObject\",\"inLanguage\":\"pt-BR\",\"@id\":\"https:\/\/www.netmundi.org\/home\/mini-busto-de-socrates\/#primaryimage\",\"url\":\"https:\/\/www.netmundi.org\/home\/wp-content\/uploads\/2015\/06\/IMG_5679.jpg\",\"contentUrl\":\"https:\/\/www.netmundi.org\/home\/wp-content\/uploads\/2015\/06\/IMG_5679.jpg\",\"width\":2592,\"height\":1936,\"caption\":\"escultura-mini-busto-s\u00f3crates-modelagem\"},{\"@type\":\"BreadcrumbList\",\"@id\":\"https:\/\/www.netmundi.org\/home\/mini-busto-de-socrates\/#breadcrumb\",\"itemListElement\":[{\"@type\":\"ListItem\",\"position\":1,\"name\":\"In\u00edcio\",\"item\":\"https:\/\/www.netmundi.org\/home\/\"},{\"@type\":\"ListItem\",\"position\":2,\"name\":\"Mini Busto de S\u00f3crates\"}]},{\"@type\":\"WebSite\",\"@id\":\"https:\/\/www.netmundi.org\/home\/#website\",\"url\":\"https:\/\/www.netmundi.org\/home\/\",\"name\":\"netmundi.org\",\"description\":\"ARTE, CULTURA E FILOSOFIA\",\"publisher\":{\"@id\":\"https:\/\/www.netmundi.org\/home\/#\/schema\/person\/12ddd80f62a6f0e98d99e56c5a71eed2\"},\"potentialAction\":[{\"@type\":\"SearchAction\",\"target\":{\"@type\":\"EntryPoint\",\"urlTemplate\":\"https:\/\/www.netmundi.org\/home\/?s={search_term_string}\"},\"query-input\":{\"@type\":\"PropertyValueSpecification\",\"valueRequired\":true,\"valueName\":\"search_term_string\"}}],\"inLanguage\":\"pt-BR\"},{\"@type\":[\"Person\",\"Organization\"],\"@id\":\"https:\/\/www.netmundi.org\/home\/#\/schema\/person\/12ddd80f62a6f0e98d99e56c5a71eed2\",\"name\":\"Netmundi.org - Filosofia na Rede\",\"image\":{\"@type\":\"ImageObject\",\"inLanguage\":\"pt-BR\",\"@id\":\"https:\/\/www.netmundi.org\/home\/#\/schema\/person\/image\/\",\"url\":\"https:\/\/secure.gravatar.com\/avatar\/4b425da16797e1bacc1ee50a40075366497cc3dd3e5c4319ef30ca6895d04061?s=96&r=g\",\"contentUrl\":\"https:\/\/secure.gravatar.com\/avatar\/4b425da16797e1bacc1ee50a40075366497cc3dd3e5c4319ef30ca6895d04061?s=96&r=g\",\"caption\":\"Netmundi.org - Filosofia na Rede\"},\"logo\":{\"@id\":\"https:\/\/www.netmundi.org\/home\/#\/schema\/person\/image\/\"}}]}<\/script>\n<!-- \/ Yoast SEO plugin. -->","yoast_head_json":{"title":"Mini Busto de S\u00f3crates - netmundi.org","description":"O netmundi.org \u00e9 um site dedicado \u00e0 divulga\u00e7\u00e3o da Filosofia no Brasil. Aqui voc\u00ea vai encontrar as principais fal\u00e1cias, m\u00fasicas, hist\u00f3ria da filosofia, coment\u00e1rios sobre v\u00eddeos e filmes.","robots":{"index":"index","follow":"follow","max-snippet":"max-snippet:-1","max-image-preview":"max-image-preview:large","max-video-preview":"max-video-preview:-1"},"canonical":"https:\/\/www.netmundi.org\/home\/mini-busto-de-socrates\/","og_locale":"pt_BR","og_type":"article","og_title":"Mini Busto de S\u00f3crates - netmundi.org","og_description":"O netmundi.org \u00e9 um site dedicado \u00e0 divulga\u00e7\u00e3o da Filosofia no Brasil. Aqui voc\u00ea vai encontrar as principais fal\u00e1cias, m\u00fasicas, hist\u00f3ria da filosofia, coment\u00e1rios sobre v\u00eddeos e filmes.","og_url":"https:\/\/www.netmundi.org\/home\/mini-busto-de-socrates\/","og_site_name":"netmundi.org","article_modified_time":"2016-03-03T23:22:02+00:00","og_image":[{"width":2592,"height":1936,"url":"https:\/\/www.netmundi.org\/home\/wp-content\/uploads\/2015\/06\/IMG_5679.jpg","type":"image\/jpeg"}],"twitter_card":"summary_large_image","twitter_site":"@alfredo_mrc","schema":{"@context":"https:\/\/schema.org","@graph":[{"@type":"WebPage","@id":"https:\/\/www.netmundi.org\/home\/mini-busto-de-socrates\/","url":"https:\/\/www.netmundi.org\/home\/mini-busto-de-socrates\/","name":"Mini Busto de S\u00f3crates - netmundi.org","isPartOf":{"@id":"https:\/\/www.netmundi.org\/home\/#website"},"primaryImageOfPage":{"@id":"https:\/\/www.netmundi.org\/home\/mini-busto-de-socrates\/#primaryimage"},"image":{"@id":"https:\/\/www.netmundi.org\/home\/mini-busto-de-socrates\/#primaryimage"},"thumbnailUrl":"https:\/\/www.netmundi.org\/home\/wp-content\/uploads\/2015\/06\/IMG_5679.jpg","datePublished":"2015-06-23T17:02:58+00:00","dateModified":"2016-03-03T23:22:02+00:00","description":"O netmundi.org \u00e9 um site dedicado \u00e0 divulga\u00e7\u00e3o da Filosofia no Brasil. Aqui voc\u00ea vai encontrar as principais fal\u00e1cias, m\u00fasicas, hist\u00f3ria da filosofia, coment\u00e1rios sobre v\u00eddeos e filmes.","breadcrumb":{"@id":"https:\/\/www.netmundi.org\/home\/mini-busto-de-socrates\/#breadcrumb"},"inLanguage":"pt-BR","potentialAction":[{"@type":"ReadAction","target":["https:\/\/www.netmundi.org\/home\/mini-busto-de-socrates\/"]}]},{"@type":"ImageObject","inLanguage":"pt-BR","@id":"https:\/\/www.netmundi.org\/home\/mini-busto-de-socrates\/#primaryimage","url":"https:\/\/www.netmundi.org\/home\/wp-content\/uploads\/2015\/06\/IMG_5679.jpg","contentUrl":"https:\/\/www.netmundi.org\/home\/wp-content\/uploads\/2015\/06\/IMG_5679.jpg","width":2592,"height":1936,"caption":"escultura-mini-busto-s\u00f3crates-modelagem"},{"@type":"BreadcrumbList","@id":"https:\/\/www.netmundi.org\/home\/mini-busto-de-socrates\/#breadcrumb","itemListElement":[{"@type":"ListItem","position":1,"name":"In\u00edcio","item":"https:\/\/www.netmundi.org\/home\/"},{"@type":"ListItem","position":2,"name":"Mini Busto de S\u00f3crates"}]},{"@type":"WebSite","@id":"https:\/\/www.netmundi.org\/home\/#website","url":"https:\/\/www.netmundi.org\/home\/","name":"netmundi.org","description":"ARTE, CULTURA E FILOSOFIA","publisher":{"@id":"https:\/\/www.netmundi.org\/home\/#\/schema\/person\/12ddd80f62a6f0e98d99e56c5a71eed2"},"potentialAction":[{"@type":"SearchAction","target":{"@type":"EntryPoint","urlTemplate":"https:\/\/www.netmundi.org\/home\/?s={search_term_string}"},"query-input":{"@type":"PropertyValueSpecification","valueRequired":true,"valueName":"search_term_string"}}],"inLanguage":"pt-BR"},{"@type":["Person","Organization"],"@id":"https:\/\/www.netmundi.org\/home\/#\/schema\/person\/12ddd80f62a6f0e98d99e56c5a71eed2","name":"Netmundi.org - Filosofia na Rede","image":{"@type":"ImageObject","inLanguage":"pt-BR","@id":"https:\/\/www.netmundi.org\/home\/#\/schema\/person\/image\/","url":"https:\/\/secure.gravatar.com\/avatar\/4b425da16797e1bacc1ee50a40075366497cc3dd3e5c4319ef30ca6895d04061?s=96&r=g","contentUrl":"https:\/\/secure.gravatar.com\/avatar\/4b425da16797e1bacc1ee50a40075366497cc3dd3e5c4319ef30ca6895d04061?s=96&r=g","caption":"Netmundi.org - Filosofia na Rede"},"logo":{"@id":"https:\/\/www.netmundi.org\/home\/#\/schema\/person\/image\/"}}]}},"amp_enabled":true,"_links":{"self":[{"href":"https:\/\/www.netmundi.org\/home\/wp-json\/wp\/v2\/pages\/2351","targetHints":{"allow":["GET"]}}],"collection":[{"href":"https:\/\/www.netmundi.org\/home\/wp-json\/wp\/v2\/pages"}],"about":[{"href":"https:\/\/www.netmundi.org\/home\/wp-json\/wp\/v2\/types\/page"}],"author":[{"embeddable":true,"href":"https:\/\/www.netmundi.org\/home\/wp-json\/wp\/v2\/users\/1"}],"replies":[{"embeddable":true,"href":"https:\/\/www.netmundi.org\/home\/wp-json\/wp\/v2\/comments?post=2351"}],"version-history":[{"count":16,"href":"https:\/\/www.netmundi.org\/home\/wp-json\/wp\/v2\/pages\/2351\/revisions"}],"predecessor-version":[{"id":3320,"href":"https:\/\/www.netmundi.org\/home\/wp-json\/wp\/v2\/pages\/2351\/revisions\/3320"}],"wp:featuredmedia":[{"embeddable":true,"href":"https:\/\/www.netmundi.org\/home\/wp-json\/wp\/v2\/media\/2352"}],"wp:attachment":[{"href":"https:\/\/www.netmundi.org\/home\/wp-json\/wp\/v2\/media?parent=2351"}],"curies":[{"name":"wp","href":"https:\/\/api.w.org\/{rel}","templated":true}]}}