{"id":140,"date":"2014-02-15T01:35:54","date_gmt":"2014-02-15T01:35:54","guid":{"rendered":"http:\/\/www.netmundi.org\/home\/?page_id=140"},"modified":"2016-03-26T02:31:12","modified_gmt":"2016-03-26T02:31:12","slug":"sobre-2","status":"publish","type":"page","link":"https:\/\/www.netmundi.org\/home\/sobre-2\/","title":{"rendered":"Sobre o netmundi.org"},"content":{"rendered":"<p style=\"text-align: justify;\"><img loading=\"lazy\" decoding=\"async\" class=\"size-thumbnail wp-image-3688 alignleft\" src=\"http:\/\/www.netmundi.org\/home\/wp-content\/uploads\/2014\/02\/socrates-150x150.jpg\" alt=\"sobre o netmundi\" width=\"150\" height=\"150\" \/>O <strong>netmundi.org<\/strong> \u00e9 <strong>dedicado\u00a0\u00e0 divulga\u00e7\u00e3o da Filosofia<\/strong>. \u00c9 um trabalho perseverante motivado pelo\u00a0desejo de\u00a0conhecer\u00a0e compartilhar. \u00c9\u00a0voltado para\u00a0estudantes de filosofia e, principalmente, para todas as pessoas interessadas em ampliar seus conhecimentos sobre o tema.<\/p>\n<p style=\"text-align: justify;\">Acreditamos que\u00a0a filosofia <span style=\"line-height: 1.5em;\">n\u00e3o \u00e9 doutrina nem ideologia, e sim\u00a0uma reflex\u00e3o que parte da realidade cotidiana, ou, como afirmou Wittgenstein, &#8220;<strong>a filosofia n\u00e3o \u00e9 uma teoria, mas uma atividade<\/strong>&#8220;. \u00a0Por isso, n\u00e3o \u00e9 minha inten\u00e7\u00e3o apenas estimular a reflex\u00e3o sobre aquilo que foi pensado em outras \u00e9pocas e lugares, mas tamb\u00e9m contribuir para que n\u00f3s, brasileiros, possamos pensar a partir de nossa realidade, de nossa hist\u00f3ria e de nossa incr\u00edvel multiplicidade cultural. Essa \u00e9 a proposta principal do netmundi.org. Para isso, o netmundi \u00e9 dividido em tr\u00eas sites:\u00a0<\/span><\/p>\n<ul>\n<li style=\"text-align: justify;\"><strong><a href=\"http:\/\/www.netmundi.org\/filosofia\/\" target=\"_blank\">Filosofia<\/a><\/strong>: Voltado especificamente para a hist\u00f3ria da filosofia e posts sobre as ideias dos grandes pensadores.<\/li>\n<li style=\"text-align: justify;\"><a href=\"http:\/\/www.netmundi.org\/pensamentos\/\" target=\"_blank\">Pensamentos &amp; Imagens<\/a>: Montagens com frases dos fil\u00f3sofos com o diferencial de citar as obras de onde as frases foram extra\u00eddas, garantindo a veracidade e refer\u00eancia.<\/li>\n<li style=\"text-align: justify;\"><a href=\"http:\/\/www.netmundi.org\/home\/\" target=\"_blank\">Home\/Blog<\/a>: <a href=\"http:\/\/www.netmundi.org\/home\/category\/links\/\" target=\"_blank\">Links para textos e p\u00e1ginas<\/a>, <a href=\"http:\/\/www.netmundi.org\/home\/biblioteca-digital\/\" target=\"_blank\">biblioteca digital<\/a>, <a href=\"http:\/\/www.netmundi.org\/home\/category\/videos\/\" target=\"_blank\">v\u00eddeos comentados<\/a>, <a href=\"http:\/\/www.netmundi.org\/home\/category\/balaio-do-editor\/\" target=\"_blank\">Blog do editor<\/a>, <a href=\"http:\/\/www.netmundi.org\/home\/category\/falacias\/\" target=\"_blank\">fal\u00e1cias<\/a>, <a href=\"http:\/\/www.netmundi.org\/home\/category\/cinema\/\" target=\"_blank\">cinema <\/a>e <a href=\"http:\/\/www.netmundi.org\/home\/category\/livros\/\" target=\"_blank\">livros<\/a>.<\/li>\n<\/ul>\n<p style=\"text-align: justify;\">Por fim, leia tamb\u00e9m <a href=\"http:\/\/www.netmundi.org\/pensamentos\/esclarecimentos\/\" target=\"_blank\">esta p\u00e1gina de advert\u00eancia<\/a>, pois para aqueles que n\u00e3o conhecem\u00a0a tradi\u00e7\u00e3o filos\u00f3fica,\u00a0\u00e9 comum que algumas ideias pare\u00e7am ousadas ou mesmo chocantes. Por\u00e9m,\u00a0o objetivo final da filosofia n\u00e3o \u00e9 chocar ou agredir \u00a0\u2014 ainda que se utilize destes recursos \u2014 mas fazer parte de um enorme debate p\u00fablico que se realiza na hist\u00f3ria e que busca a realiza\u00e7\u00e3o das mais elevadas finalidades da humanidade.<\/p>\n<p><em><a href=\"http:\/\/www.netmundi.org\/home\/quem-sou\/\" target=\"_blank\">Alfredo Carneiro<\/a><\/em><br \/>\nEditor do netmundi.org<\/p>\n","protected":false},"excerpt":{"rendered":"<p>O netmundi.org \u00e9 dedicado\u00a0\u00e0 divulga\u00e7\u00e3o da Filosofia. \u00c9 um trabalho perseverante motivado pelo\u00a0desejo de\u00a0conhecer\u00a0e compartilhar. \u00c9\u00a0voltado para\u00a0estudantes de filosofia e, principalmente, para todas as pessoas interessadas em ampliar seus conhecimentos sobre o tema. Acreditamos que\u00a0a filosofia n\u00e3o \u00e9 doutrina nem ideologia, e sim\u00a0uma reflex\u00e3o que parte da realidade cotidiana, ou, como afirmou Wittgenstein, &#8220;a filosofia n\u00e3o \u00e9 uma teoria, mas uma atividade&#8220;. \u00a0Por isso, n\u00e3o \u00e9 minha inten\u00e7\u00e3o apenas estimular a reflex\u00e3o sobre aquilo que foi pensado em outras \u00e9pocas e lugares, mas tamb\u00e9m contribuir para que n\u00f3s, brasileiros, possamos pensar a partir de nossa realidade, de nossa hist\u00f3ria e de nossa incr\u00edvel multiplicidade cultural. Essa \u00e9 a proposta principal do netmundi.org. Para isso, o netmundi \u00e9 dividido em tr\u00eas sites:\u00a0 Filosofia: Voltado especificamente para a hist\u00f3ria da filosofia e posts sobre as ideias dos grandes pensadores. Pensamentos &amp; Imagens: Montagens com frases dos fil\u00f3sofos com o diferencial de citar as obras de onde as frases foram extra\u00eddas, garantindo a veracidade e refer\u00eancia. Home\/Blog: Links para textos e p\u00e1ginas, biblioteca digital, v\u00eddeos comentados, Blog do editor, fal\u00e1cias, cinema e livros. Por fim, leia tamb\u00e9m esta p\u00e1gina de advert\u00eancia, pois para aqueles que n\u00e3o conhecem\u00a0a tradi\u00e7\u00e3o filos\u00f3fica,\u00a0\u00e9 comum que algumas ideias [&#8230;]<\/p>\n","protected":false},"author":1,"featured_media":3676,"parent":0,"menu_order":3,"comment_status":"closed","ping_status":"closed","template":"","meta":{"footnotes":""},"class_list":["post-140","page","type-page","status-publish","has-post-thumbnail","hentry"],"yoast_head":"<!-- This site is optimized with the Yoast SEO plugin v26.6 - https:\/\/yoast.com\/wordpress\/plugins\/seo\/ -->\n<title>sobre o netmundi.org<\/title>\n<meta name=\"description\" content=\"O netmundi.org \u00e9 dedicado \u00e0 divulga\u00e7\u00e3o da Filosofia no Brasil. \u00c9 um trabalho perseverante motivado pelo desejo de conhecer e compartilhar.\" \/>\n<meta name=\"robots\" content=\"index, follow, max-snippet:-1, max-image-preview:large, max-video-preview:-1\" \/>\n<link rel=\"canonical\" href=\"https:\/\/www.netmundi.org\/home\/sobre-2\/\" \/>\n<meta property=\"og:locale\" content=\"pt_BR\" \/>\n<meta property=\"og:type\" content=\"article\" \/>\n<meta property=\"og:title\" content=\"sobre o netmundi.org\" \/>\n<meta property=\"og:description\" content=\"O netmundi.org \u00e9 dedicado \u00e0 divulga\u00e7\u00e3o da Filosofia no Brasil. \u00c9 um trabalho perseverante motivado pelo desejo de conhecer e compartilhar.\" \/>\n<meta property=\"og:url\" content=\"https:\/\/www.netmundi.org\/home\/sobre-2\/\" \/>\n<meta property=\"og:site_name\" content=\"netmundi.org\" \/>\n<meta property=\"article:modified_time\" content=\"2016-03-26T02:31:12+00:00\" \/>\n<meta property=\"og:image\" content=\"https:\/\/www.netmundi.org\/home\/wp-content\/uploads\/2014\/02\/sobre-netmundi-1.jpg\" \/>\n\t<meta property=\"og:image:width\" content=\"800\" \/>\n\t<meta property=\"og:image:height\" content=\"217\" \/>\n\t<meta property=\"og:image:type\" content=\"image\/jpeg\" \/>\n<meta name=\"twitter:card\" content=\"summary_large_image\" \/>\n<meta name=\"twitter:site\" content=\"@alfredo_mrc\" \/>\n<meta name=\"twitter:label1\" content=\"Est. tempo de leitura\" \/>\n\t<meta name=\"twitter:data1\" content=\"1 minuto\" \/>\n<script type=\"application\/ld+json\" class=\"yoast-schema-graph\">{\"@context\":\"https:\/\/schema.org\",\"@graph\":[{\"@type\":\"WebPage\",\"@id\":\"https:\/\/www.netmundi.org\/home\/sobre-2\/\",\"url\":\"https:\/\/www.netmundi.org\/home\/sobre-2\/\",\"name\":\"sobre o netmundi.org\",\"isPartOf\":{\"@id\":\"https:\/\/www.netmundi.org\/home\/#website\"},\"primaryImageOfPage\":{\"@id\":\"https:\/\/www.netmundi.org\/home\/sobre-2\/#primaryimage\"},\"image\":{\"@id\":\"https:\/\/www.netmundi.org\/home\/sobre-2\/#primaryimage\"},\"thumbnailUrl\":\"https:\/\/www.netmundi.org\/home\/wp-content\/uploads\/2014\/02\/sobre-netmundi-1.jpg\",\"datePublished\":\"2014-02-15T01:35:54+00:00\",\"dateModified\":\"2016-03-26T02:31:12+00:00\",\"description\":\"O netmundi.org \u00e9 dedicado \u00e0 divulga\u00e7\u00e3o da Filosofia no Brasil. \u00c9 um trabalho perseverante motivado pelo desejo de conhecer e compartilhar.\",\"breadcrumb\":{\"@id\":\"https:\/\/www.netmundi.org\/home\/sobre-2\/#breadcrumb\"},\"inLanguage\":\"pt-BR\",\"potentialAction\":[{\"@type\":\"ReadAction\",\"target\":[\"https:\/\/www.netmundi.org\/home\/sobre-2\/\"]}]},{\"@type\":\"ImageObject\",\"inLanguage\":\"pt-BR\",\"@id\":\"https:\/\/www.netmundi.org\/home\/sobre-2\/#primaryimage\",\"url\":\"https:\/\/www.netmundi.org\/home\/wp-content\/uploads\/2014\/02\/sobre-netmundi-1.jpg\",\"contentUrl\":\"https:\/\/www.netmundi.org\/home\/wp-content\/uploads\/2014\/02\/sobre-netmundi-1.jpg\",\"width\":800,\"height\":217,\"caption\":\"sobre o netmundi.org\"},{\"@type\":\"BreadcrumbList\",\"@id\":\"https:\/\/www.netmundi.org\/home\/sobre-2\/#breadcrumb\",\"itemListElement\":[{\"@type\":\"ListItem\",\"position\":1,\"name\":\"In\u00edcio\",\"item\":\"https:\/\/www.netmundi.org\/home\/\"},{\"@type\":\"ListItem\",\"position\":2,\"name\":\"Sobre o netmundi.org\"}]},{\"@type\":\"WebSite\",\"@id\":\"https:\/\/www.netmundi.org\/home\/#website\",\"url\":\"https:\/\/www.netmundi.org\/home\/\",\"name\":\"netmundi.org\",\"description\":\"ARTE, CULTURA E FILOSOFIA\",\"publisher\":{\"@id\":\"https:\/\/www.netmundi.org\/home\/#\/schema\/person\/12ddd80f62a6f0e98d99e56c5a71eed2\"},\"potentialAction\":[{\"@type\":\"SearchAction\",\"target\":{\"@type\":\"EntryPoint\",\"urlTemplate\":\"https:\/\/www.netmundi.org\/home\/?s={search_term_string}\"},\"query-input\":{\"@type\":\"PropertyValueSpecification\",\"valueRequired\":true,\"valueName\":\"search_term_string\"}}],\"inLanguage\":\"pt-BR\"},{\"@type\":[\"Person\",\"Organization\"],\"@id\":\"https:\/\/www.netmundi.org\/home\/#\/schema\/person\/12ddd80f62a6f0e98d99e56c5a71eed2\",\"name\":\"Netmundi.org - Filosofia na Rede\",\"image\":{\"@type\":\"ImageObject\",\"inLanguage\":\"pt-BR\",\"@id\":\"https:\/\/www.netmundi.org\/home\/#\/schema\/person\/image\/\",\"url\":\"https:\/\/secure.gravatar.com\/avatar\/4b425da16797e1bacc1ee50a40075366497cc3dd3e5c4319ef30ca6895d04061?s=96&r=g\",\"contentUrl\":\"https:\/\/secure.gravatar.com\/avatar\/4b425da16797e1bacc1ee50a40075366497cc3dd3e5c4319ef30ca6895d04061?s=96&r=g\",\"caption\":\"Netmundi.org - Filosofia na Rede\"},\"logo\":{\"@id\":\"https:\/\/www.netmundi.org\/home\/#\/schema\/person\/image\/\"}}]}<\/script>\n<!-- \/ Yoast SEO plugin. -->","yoast_head_json":{"title":"sobre o netmundi.org","description":"O netmundi.org \u00e9 dedicado \u00e0 divulga\u00e7\u00e3o da Filosofia no Brasil. \u00c9 um trabalho perseverante motivado pelo desejo de conhecer e compartilhar.","robots":{"index":"index","follow":"follow","max-snippet":"max-snippet:-1","max-image-preview":"max-image-preview:large","max-video-preview":"max-video-preview:-1"},"canonical":"https:\/\/www.netmundi.org\/home\/sobre-2\/","og_locale":"pt_BR","og_type":"article","og_title":"sobre o netmundi.org","og_description":"O netmundi.org \u00e9 dedicado \u00e0 divulga\u00e7\u00e3o da Filosofia no Brasil. \u00c9 um trabalho perseverante motivado pelo desejo de conhecer e compartilhar.","og_url":"https:\/\/www.netmundi.org\/home\/sobre-2\/","og_site_name":"netmundi.org","article_modified_time":"2016-03-26T02:31:12+00:00","og_image":[{"width":800,"height":217,"url":"https:\/\/www.netmundi.org\/home\/wp-content\/uploads\/2014\/02\/sobre-netmundi-1.jpg","type":"image\/jpeg"}],"twitter_card":"summary_large_image","twitter_site":"@alfredo_mrc","twitter_misc":{"Est. tempo de leitura":"1 minuto"},"schema":{"@context":"https:\/\/schema.org","@graph":[{"@type":"WebPage","@id":"https:\/\/www.netmundi.org\/home\/sobre-2\/","url":"https:\/\/www.netmundi.org\/home\/sobre-2\/","name":"sobre o netmundi.org","isPartOf":{"@id":"https:\/\/www.netmundi.org\/home\/#website"},"primaryImageOfPage":{"@id":"https:\/\/www.netmundi.org\/home\/sobre-2\/#primaryimage"},"image":{"@id":"https:\/\/www.netmundi.org\/home\/sobre-2\/#primaryimage"},"thumbnailUrl":"https:\/\/www.netmundi.org\/home\/wp-content\/uploads\/2014\/02\/sobre-netmundi-1.jpg","datePublished":"2014-02-15T01:35:54+00:00","dateModified":"2016-03-26T02:31:12+00:00","description":"O netmundi.org \u00e9 dedicado \u00e0 divulga\u00e7\u00e3o da Filosofia no Brasil. \u00c9 um trabalho perseverante motivado pelo desejo de conhecer e compartilhar.","breadcrumb":{"@id":"https:\/\/www.netmundi.org\/home\/sobre-2\/#breadcrumb"},"inLanguage":"pt-BR","potentialAction":[{"@type":"ReadAction","target":["https:\/\/www.netmundi.org\/home\/sobre-2\/"]}]},{"@type":"ImageObject","inLanguage":"pt-BR","@id":"https:\/\/www.netmundi.org\/home\/sobre-2\/#primaryimage","url":"https:\/\/www.netmundi.org\/home\/wp-content\/uploads\/2014\/02\/sobre-netmundi-1.jpg","contentUrl":"https:\/\/www.netmundi.org\/home\/wp-content\/uploads\/2014\/02\/sobre-netmundi-1.jpg","width":800,"height":217,"caption":"sobre o netmundi.org"},{"@type":"BreadcrumbList","@id":"https:\/\/www.netmundi.org\/home\/sobre-2\/#breadcrumb","itemListElement":[{"@type":"ListItem","position":1,"name":"In\u00edcio","item":"https:\/\/www.netmundi.org\/home\/"},{"@type":"ListItem","position":2,"name":"Sobre o netmundi.org"}]},{"@type":"WebSite","@id":"https:\/\/www.netmundi.org\/home\/#website","url":"https:\/\/www.netmundi.org\/home\/","name":"netmundi.org","description":"ARTE, CULTURA E FILOSOFIA","publisher":{"@id":"https:\/\/www.netmundi.org\/home\/#\/schema\/person\/12ddd80f62a6f0e98d99e56c5a71eed2"},"potentialAction":[{"@type":"SearchAction","target":{"@type":"EntryPoint","urlTemplate":"https:\/\/www.netmundi.org\/home\/?s={search_term_string}"},"query-input":{"@type":"PropertyValueSpecification","valueRequired":true,"valueName":"search_term_string"}}],"inLanguage":"pt-BR"},{"@type":["Person","Organization"],"@id":"https:\/\/www.netmundi.org\/home\/#\/schema\/person\/12ddd80f62a6f0e98d99e56c5a71eed2","name":"Netmundi.org - Filosofia na Rede","image":{"@type":"ImageObject","inLanguage":"pt-BR","@id":"https:\/\/www.netmundi.org\/home\/#\/schema\/person\/image\/","url":"https:\/\/secure.gravatar.com\/avatar\/4b425da16797e1bacc1ee50a40075366497cc3dd3e5c4319ef30ca6895d04061?s=96&r=g","contentUrl":"https:\/\/secure.gravatar.com\/avatar\/4b425da16797e1bacc1ee50a40075366497cc3dd3e5c4319ef30ca6895d04061?s=96&r=g","caption":"Netmundi.org - Filosofia na Rede"},"logo":{"@id":"https:\/\/www.netmundi.org\/home\/#\/schema\/person\/image\/"}}]}},"amp_enabled":true,"_links":{"self":[{"href":"https:\/\/www.netmundi.org\/home\/wp-json\/wp\/v2\/pages\/140","targetHints":{"allow":["GET"]}}],"collection":[{"href":"https:\/\/www.netmundi.org\/home\/wp-json\/wp\/v2\/pages"}],"about":[{"href":"https:\/\/www.netmundi.org\/home\/wp-json\/wp\/v2\/types\/page"}],"author":[{"embeddable":true,"href":"https:\/\/www.netmundi.org\/home\/wp-json\/wp\/v2\/users\/1"}],"replies":[{"embeddable":true,"href":"https:\/\/www.netmundi.org\/home\/wp-json\/wp\/v2\/comments?post=140"}],"version-history":[{"count":41,"href":"https:\/\/www.netmundi.org\/home\/wp-json\/wp\/v2\/pages\/140\/revisions"}],"predecessor-version":[{"id":3689,"href":"https:\/\/www.netmundi.org\/home\/wp-json\/wp\/v2\/pages\/140\/revisions\/3689"}],"wp:featuredmedia":[{"embeddable":true,"href":"https:\/\/www.netmundi.org\/home\/wp-json\/wp\/v2\/media\/3676"}],"wp:attachment":[{"href":"https:\/\/www.netmundi.org\/home\/wp-json\/wp\/v2\/media?parent=140"}],"curies":[{"name":"wp","href":"https:\/\/api.w.org\/{rel}","templated":true}]}}