{"id":11052,"date":"2020-03-28T23:36:05","date_gmt":"2020-03-28T23:36:05","guid":{"rendered":"https:\/\/www.netmundi.org\/home\/?page_id=11052"},"modified":"2020-04-21T16:15:35","modified_gmt":"2020-04-21T16:15:35","slug":"camille-pissarro-saint-hilaire-franca-1863-1864","status":"publish","type":"page","link":"https:\/\/www.netmundi.org\/home\/camille-pissarro-saint-hilaire-franca-1863-1864\/","title":{"rendered":"Camille Pissarro &#8211; Saint Hilaire, Fran\u00e7a (1863-1864)"},"content":{"rendered":"\n<p> <strong>Esta p\u00e1gina faz parte do&nbsp;<em>post&nbsp;<\/em><a href=\"https:\/\/www.netmundi.org\/home\/2020\/camille-pissarro-xx-obras-para-ver-e-baixar\/\">Camille Pissarro \u2013 obras para ver e baixar<\/a><\/strong>.&nbsp;<em>Clique nas imagens para ampliar<\/em>. <\/p>\n\n\n\n<hr class=\"wp-block-separator\"\/>\n\n\n\n<h4 class=\"has-text-align-center wp-block-heading\"> 4 imagens<\/h4>\n\n\n\n<hr class=\"wp-block-separator\"\/>\n\n\n\n<figure class=\"wp-block-gallery columns-1 is-cropped wp-block-gallery-1 is-layout-flex wp-block-gallery-is-layout-flex\"><ul class=\"blocks-gallery-grid\"><li class=\"blocks-gallery-item\"><figure><a href=\"https:\/\/www.netmundi.org\/home\/wp-content\/uploads\/2020\/03\/Camille-Pissarro-\u2013-La-Varenne-Saint-Hilaire-View-from-Champigny.-1863.jpg\"><img loading=\"lazy\" decoding=\"async\" width=\"800\" height=\"529\" src=\"https:\/\/www.netmundi.org\/home\/wp-content\/uploads\/2020\/03\/Camille-Pissarro-\u2013-La-Varenne-Saint-Hilaire-View-from-Champigny.-1863.jpg\" alt=\"\" data-id=\"11056\" data-link=\"https:\/\/www.netmundi.org\/home\/?attachment_id=11056\" class=\"wp-image-11056\" srcset=\"https:\/\/www.netmundi.org\/home\/wp-content\/uploads\/2020\/03\/Camille-Pissarro-\u2013-La-Varenne-Saint-Hilaire-View-from-Champigny.-1863.jpg 800w, https:\/\/www.netmundi.org\/home\/wp-content\/uploads\/2020\/03\/Camille-Pissarro-\u2013-La-Varenne-Saint-Hilaire-View-from-Champigny.-1863-300x198.jpg 300w, https:\/\/www.netmundi.org\/home\/wp-content\/uploads\/2020\/03\/Camille-Pissarro-\u2013-La-Varenne-Saint-Hilaire-View-from-Champigny.-1863-768x508.jpg 768w\" sizes=\"auto, (max-width: 800px) 100vw, 800px\" \/><\/a><\/figure><\/li><li class=\"blocks-gallery-item\"><figure><a href=\"https:\/\/www.netmundi.org\/home\/wp-content\/uploads\/2020\/03\/Camille-Pissarro-\u2013-Banks-of-a-River-with-Barge.-1864.jpg\"><img loading=\"lazy\" decoding=\"async\" width=\"800\" height=\"421\" src=\"https:\/\/www.netmundi.org\/home\/wp-content\/uploads\/2020\/03\/Camille-Pissarro-\u2013-Banks-of-a-River-with-Barge.-1864.jpg\" alt=\"\" data-id=\"11057\" data-full-url=\"https:\/\/www.netmundi.org\/home\/wp-content\/uploads\/2020\/03\/Camille-Pissarro-\u2013-Banks-of-a-River-with-Barge.-1864.jpg\" data-link=\"https:\/\/www.netmundi.org\/home\/?attachment_id=11057\" class=\"wp-image-11057\" srcset=\"https:\/\/www.netmundi.org\/home\/wp-content\/uploads\/2020\/03\/Camille-Pissarro-\u2013-Banks-of-a-River-with-Barge.-1864.jpg 800w, https:\/\/www.netmundi.org\/home\/wp-content\/uploads\/2020\/03\/Camille-Pissarro-\u2013-Banks-of-a-River-with-Barge.-1864-300x158.jpg 300w, https:\/\/www.netmundi.org\/home\/wp-content\/uploads\/2020\/03\/Camille-Pissarro-\u2013-Banks-of-a-River-with-Barge.-1864-768x404.jpg 768w\" sizes=\"auto, (max-width: 800px) 100vw, 800px\" \/><\/a><\/figure><\/li><li class=\"blocks-gallery-item\"><figure><a href=\"https:\/\/www.netmundi.org\/home\/wp-content\/uploads\/2020\/03\/Camille-Pissarro-\u2013-In-the-Woods.-1864.jpg\"><img loading=\"lazy\" decoding=\"async\" width=\"560\" height=\"700\" src=\"https:\/\/www.netmundi.org\/home\/wp-content\/uploads\/2020\/03\/Camille-Pissarro-\u2013-In-the-Woods.-1864.jpg\" alt=\"\" data-id=\"11058\" data-full-url=\"https:\/\/www.netmundi.org\/home\/wp-content\/uploads\/2020\/03\/Camille-Pissarro-\u2013-In-the-Woods.-1864.jpg\" data-link=\"https:\/\/www.netmundi.org\/home\/?attachment_id=11058\" class=\"wp-image-11058\" srcset=\"https:\/\/www.netmundi.org\/home\/wp-content\/uploads\/2020\/03\/Camille-Pissarro-\u2013-In-the-Woods.-1864.jpg 560w, https:\/\/www.netmundi.org\/home\/wp-content\/uploads\/2020\/03\/Camille-Pissarro-\u2013-In-the-Woods.-1864-240x300.jpg 240w\" sizes=\"auto, (max-width: 560px) 100vw, 560px\" \/><\/a><\/figure><\/li><li class=\"blocks-gallery-item\"><figure><a href=\"https:\/\/www.netmundi.org\/home\/wp-content\/uploads\/2020\/03\/Camille-Pissarro-\u2013-Landscape-Varenne-Saint-Hilaire.-1864.jpg\"><img loading=\"lazy\" decoding=\"async\" width=\"800\" height=\"619\" src=\"https:\/\/www.netmundi.org\/home\/wp-content\/uploads\/2020\/03\/Camille-Pissarro-\u2013-Landscape-Varenne-Saint-Hilaire.-1864.jpg\" alt=\"\" data-id=\"11059\" data-full-url=\"https:\/\/www.netmundi.org\/home\/wp-content\/uploads\/2020\/03\/Camille-Pissarro-\u2013-Landscape-Varenne-Saint-Hilaire.-1864.jpg\" data-link=\"https:\/\/www.netmundi.org\/home\/?attachment_id=11059\" class=\"wp-image-11059\" srcset=\"https:\/\/www.netmundi.org\/home\/wp-content\/uploads\/2020\/03\/Camille-Pissarro-\u2013-Landscape-Varenne-Saint-Hilaire.-1864.jpg 800w, https:\/\/www.netmundi.org\/home\/wp-content\/uploads\/2020\/03\/Camille-Pissarro-\u2013-Landscape-Varenne-Saint-Hilaire.-1864-300x232.jpg 300w, https:\/\/www.netmundi.org\/home\/wp-content\/uploads\/2020\/03\/Camille-Pissarro-\u2013-Landscape-Varenne-Saint-Hilaire.-1864-768x594.jpg 768w, https:\/\/www.netmundi.org\/home\/wp-content\/uploads\/2020\/03\/Camille-Pissarro-\u2013-Landscape-Varenne-Saint-Hilaire.-1864-70x53.jpg 70w\" sizes=\"auto, (max-width: 800px) 100vw, 800px\" \/><\/a><\/figure><\/li><\/ul><\/figure>\n\n\n\n<h3 class=\"wp-block-heading\">Navegue pelo netmundi.org<\/h3>\n\n\n\n<hr class=\"wp-block-separator\"\/>\n\n\n\n<ul class=\"wp-block-list\"><li><a href=\"https:\/\/www.netmundi.org\/home\/\" target=\"_blank\" rel=\"noreferrer noopener\" aria-label=\"P\u00e1gina Principal (abre numa nova aba)\">P\u00e1gina Principal<\/a><\/li><li><a href=\"http:\/\/www.netmundi.org\/filosofia\/category\/filosofia-antiga-2\/\">Filosofia Antiga<\/a><\/li><li><a href=\"http:\/\/www.netmundi.org\/filosofia\/category\/filosofia-medieval-2\/\">Filosofia Medieval<\/a><\/li><li><a href=\"http:\/\/www.netmundi.org\/filosofia\/category\/filosofia-moderna-2\/\">Filosofia Moderna<\/a><\/li><li><a href=\"http:\/\/www.netmundi.org\/filosofia\/category\/filosofia-contemporanea\/\">Filosofia Contempor\u00e2nea<\/a><\/li><li><a href=\"https:\/\/www.netmundi.org\/home\/category\/livros-para-baixar\/\">Livros \u2013 PDF<\/a><\/li><li><a href=\"https:\/\/www.netmundi.org\/home\/category\/musicas\/\">M\u00fasicas cl\u00e1ssicas para ouvir e baixar<\/a><\/li><li><a href=\"https:\/\/www.netmundi.org\/home\/category\/arte\/\">Galeria<\/a><\/li><li><a href=\"https:\/\/www.netmundi.org\/home\/category\/textos-motivacionais\/\">Textos motivacionais<\/a><\/li><li><a href=\"https:\/\/www.netmundi.org\/home\/category\/falacias\/\">Fal\u00e1cias<\/a><\/li><li><a href=\"https:\/\/www.netmundi.org\/home\/category\/cibercultura\/\">Cibercultura<\/a><\/li><li><a href=\"https:\/\/www.netmundi.org\/home\/category\/videos-comentados\/\">V\u00eddeos comentados<\/a><\/li><li><a href=\"https:\/\/www.netmundi.org\/home\/category\/canal-youtube\/\">V\u00eddeos Canal Youtube<\/a><\/li><li><a href=\"https:\/\/www.netmundi.org\/home\/category\/blog-do-editor\/\">Blog do Editor<\/a><\/li><li><a href=\"http:\/\/www.netmundi.org\/pensamentos\/\">Frases &amp; Imagens de grandes fil\u00f3sofos<\/a><\/li><\/ul>\n","protected":false},"excerpt":{"rendered":"<p>Esta p\u00e1gina faz parte do&nbsp;post&nbsp;Camille Pissarro \u2013 obras para ver e baixar.&nbsp;Clique nas imagens para ampliar. 4 imagens Navegue pelo netmundi.org P\u00e1gina PrincipalFilosofia AntigaFilosofia MedievalFilosofia ModernaFilosofia Contempor\u00e2neaLivros \u2013 PDFM\u00fasicas cl\u00e1ssicas para ouvir e baixarGaleriaTextos motivacionaisFal\u00e1ciasCiberculturaV\u00eddeos comentadosV\u00eddeos Canal YoutubeBlog do EditorFrases &amp; Imagens de grandes fil\u00f3sofos<\/p>\n","protected":false},"author":1,"featured_media":11056,"parent":0,"menu_order":0,"comment_status":"closed","ping_status":"closed","template":"","meta":{"footnotes":""},"class_list":["post-11052","page","type-page","status-publish","has-post-thumbnail","hentry"],"yoast_head":"<!-- This site is optimized with the Yoast SEO plugin v26.6 - https:\/\/yoast.com\/wordpress\/plugins\/seo\/ -->\n<title>Camille Pissarro - Saint Hilaire, Fran\u00e7a (1863-1864) - netmundi.org<\/title>\n<meta name=\"description\" content=\"O netmundi.org \u00e9 um site dedicado \u00e0 divulga\u00e7\u00e3o da Filosofia no Brasil. Aqui voc\u00ea vai encontrar as principais fal\u00e1cias, m\u00fasicas, hist\u00f3ria da filosofia, coment\u00e1rios sobre v\u00eddeos e filmes.\" \/>\n<meta name=\"robots\" content=\"index, follow, max-snippet:-1, max-image-preview:large, max-video-preview:-1\" \/>\n<link rel=\"canonical\" href=\"https:\/\/www.netmundi.org\/home\/camille-pissarro-saint-hilaire-franca-1863-1864\/\" \/>\n<meta property=\"og:locale\" content=\"pt_BR\" \/>\n<meta property=\"og:type\" content=\"article\" \/>\n<meta property=\"og:title\" content=\"Camille Pissarro - Saint Hilaire, Fran\u00e7a (1863-1864) - netmundi.org\" \/>\n<meta property=\"og:description\" content=\"O netmundi.org \u00e9 um site dedicado \u00e0 divulga\u00e7\u00e3o da Filosofia no Brasil. Aqui voc\u00ea vai encontrar as principais fal\u00e1cias, m\u00fasicas, hist\u00f3ria da filosofia, coment\u00e1rios sobre v\u00eddeos e filmes.\" \/>\n<meta property=\"og:url\" content=\"https:\/\/www.netmundi.org\/home\/camille-pissarro-saint-hilaire-franca-1863-1864\/\" \/>\n<meta property=\"og:site_name\" content=\"netmundi.org\" \/>\n<meta property=\"article:modified_time\" content=\"2020-04-21T16:15:35+00:00\" \/>\n<meta property=\"og:image\" content=\"https:\/\/www.netmundi.org\/home\/wp-content\/uploads\/2020\/03\/Camille-Pissarro-\u2013-La-Varenne-Saint-Hilaire-View-from-Champigny.-1863.jpg\" \/>\n\t<meta property=\"og:image:width\" content=\"800\" \/>\n\t<meta property=\"og:image:height\" content=\"529\" \/>\n\t<meta property=\"og:image:type\" content=\"image\/jpeg\" \/>\n<meta name=\"twitter:card\" content=\"summary_large_image\" \/>\n<meta name=\"twitter:site\" content=\"@alfredo_mrc\" \/>\n<script type=\"application\/ld+json\" class=\"yoast-schema-graph\">{\"@context\":\"https:\/\/schema.org\",\"@graph\":[{\"@type\":\"WebPage\",\"@id\":\"https:\/\/www.netmundi.org\/home\/camille-pissarro-saint-hilaire-franca-1863-1864\/\",\"url\":\"https:\/\/www.netmundi.org\/home\/camille-pissarro-saint-hilaire-franca-1863-1864\/\",\"name\":\"Camille Pissarro - Saint Hilaire, Fran\u00e7a (1863-1864) - netmundi.org\",\"isPartOf\":{\"@id\":\"https:\/\/www.netmundi.org\/home\/#website\"},\"primaryImageOfPage\":{\"@id\":\"https:\/\/www.netmundi.org\/home\/camille-pissarro-saint-hilaire-franca-1863-1864\/#primaryimage\"},\"image\":{\"@id\":\"https:\/\/www.netmundi.org\/home\/camille-pissarro-saint-hilaire-franca-1863-1864\/#primaryimage\"},\"thumbnailUrl\":\"https:\/\/www.netmundi.org\/home\/wp-content\/uploads\/2020\/03\/Camille-Pissarro-\u2013-La-Varenne-Saint-Hilaire-View-from-Champigny.-1863.jpg\",\"datePublished\":\"2020-03-28T23:36:05+00:00\",\"dateModified\":\"2020-04-21T16:15:35+00:00\",\"description\":\"O netmundi.org \u00e9 um site dedicado \u00e0 divulga\u00e7\u00e3o da Filosofia no Brasil. Aqui voc\u00ea vai encontrar as principais fal\u00e1cias, m\u00fasicas, hist\u00f3ria da filosofia, coment\u00e1rios sobre v\u00eddeos e filmes.\",\"breadcrumb\":{\"@id\":\"https:\/\/www.netmundi.org\/home\/camille-pissarro-saint-hilaire-franca-1863-1864\/#breadcrumb\"},\"inLanguage\":\"pt-BR\",\"potentialAction\":[{\"@type\":\"ReadAction\",\"target\":[\"https:\/\/www.netmundi.org\/home\/camille-pissarro-saint-hilaire-franca-1863-1864\/\"]}]},{\"@type\":\"ImageObject\",\"inLanguage\":\"pt-BR\",\"@id\":\"https:\/\/www.netmundi.org\/home\/camille-pissarro-saint-hilaire-franca-1863-1864\/#primaryimage\",\"url\":\"https:\/\/www.netmundi.org\/home\/wp-content\/uploads\/2020\/03\/Camille-Pissarro-\u2013-La-Varenne-Saint-Hilaire-View-from-Champigny.-1863.jpg\",\"contentUrl\":\"https:\/\/www.netmundi.org\/home\/wp-content\/uploads\/2020\/03\/Camille-Pissarro-\u2013-La-Varenne-Saint-Hilaire-View-from-Champigny.-1863.jpg\",\"width\":800,\"height\":529},{\"@type\":\"BreadcrumbList\",\"@id\":\"https:\/\/www.netmundi.org\/home\/camille-pissarro-saint-hilaire-franca-1863-1864\/#breadcrumb\",\"itemListElement\":[{\"@type\":\"ListItem\",\"position\":1,\"name\":\"In\u00edcio\",\"item\":\"https:\/\/www.netmundi.org\/home\/\"},{\"@type\":\"ListItem\",\"position\":2,\"name\":\"Camille Pissarro &#8211; Saint Hilaire, Fran\u00e7a (1863-1864)\"}]},{\"@type\":\"WebSite\",\"@id\":\"https:\/\/www.netmundi.org\/home\/#website\",\"url\":\"https:\/\/www.netmundi.org\/home\/\",\"name\":\"netmundi.org\",\"description\":\"ARTE, CULTURA E FILOSOFIA\",\"publisher\":{\"@id\":\"https:\/\/www.netmundi.org\/home\/#\/schema\/person\/12ddd80f62a6f0e98d99e56c5a71eed2\"},\"potentialAction\":[{\"@type\":\"SearchAction\",\"target\":{\"@type\":\"EntryPoint\",\"urlTemplate\":\"https:\/\/www.netmundi.org\/home\/?s={search_term_string}\"},\"query-input\":{\"@type\":\"PropertyValueSpecification\",\"valueRequired\":true,\"valueName\":\"search_term_string\"}}],\"inLanguage\":\"pt-BR\"},{\"@type\":[\"Person\",\"Organization\"],\"@id\":\"https:\/\/www.netmundi.org\/home\/#\/schema\/person\/12ddd80f62a6f0e98d99e56c5a71eed2\",\"name\":\"Netmundi.org - Filosofia na Rede\",\"image\":{\"@type\":\"ImageObject\",\"inLanguage\":\"pt-BR\",\"@id\":\"https:\/\/www.netmundi.org\/home\/#\/schema\/person\/image\/\",\"url\":\"https:\/\/secure.gravatar.com\/avatar\/4b425da16797e1bacc1ee50a40075366497cc3dd3e5c4319ef30ca6895d04061?s=96&r=g\",\"contentUrl\":\"https:\/\/secure.gravatar.com\/avatar\/4b425da16797e1bacc1ee50a40075366497cc3dd3e5c4319ef30ca6895d04061?s=96&r=g\",\"caption\":\"Netmundi.org - Filosofia na Rede\"},\"logo\":{\"@id\":\"https:\/\/www.netmundi.org\/home\/#\/schema\/person\/image\/\"}}]}<\/script>\n<!-- \/ Yoast SEO plugin. -->","yoast_head_json":{"title":"Camille Pissarro - Saint Hilaire, Fran\u00e7a (1863-1864) - netmundi.org","description":"O netmundi.org \u00e9 um site dedicado \u00e0 divulga\u00e7\u00e3o da Filosofia no Brasil. Aqui voc\u00ea vai encontrar as principais fal\u00e1cias, m\u00fasicas, hist\u00f3ria da filosofia, coment\u00e1rios sobre v\u00eddeos e filmes.","robots":{"index":"index","follow":"follow","max-snippet":"max-snippet:-1","max-image-preview":"max-image-preview:large","max-video-preview":"max-video-preview:-1"},"canonical":"https:\/\/www.netmundi.org\/home\/camille-pissarro-saint-hilaire-franca-1863-1864\/","og_locale":"pt_BR","og_type":"article","og_title":"Camille Pissarro - Saint Hilaire, Fran\u00e7a (1863-1864) - netmundi.org","og_description":"O netmundi.org \u00e9 um site dedicado \u00e0 divulga\u00e7\u00e3o da Filosofia no Brasil. Aqui voc\u00ea vai encontrar as principais fal\u00e1cias, m\u00fasicas, hist\u00f3ria da filosofia, coment\u00e1rios sobre v\u00eddeos e filmes.","og_url":"https:\/\/www.netmundi.org\/home\/camille-pissarro-saint-hilaire-franca-1863-1864\/","og_site_name":"netmundi.org","article_modified_time":"2020-04-21T16:15:35+00:00","og_image":[{"width":800,"height":529,"url":"https:\/\/www.netmundi.org\/home\/wp-content\/uploads\/2020\/03\/Camille-Pissarro-\u2013-La-Varenne-Saint-Hilaire-View-from-Champigny.-1863.jpg","type":"image\/jpeg"}],"twitter_card":"summary_large_image","twitter_site":"@alfredo_mrc","schema":{"@context":"https:\/\/schema.org","@graph":[{"@type":"WebPage","@id":"https:\/\/www.netmundi.org\/home\/camille-pissarro-saint-hilaire-franca-1863-1864\/","url":"https:\/\/www.netmundi.org\/home\/camille-pissarro-saint-hilaire-franca-1863-1864\/","name":"Camille Pissarro - Saint Hilaire, Fran\u00e7a (1863-1864) - netmundi.org","isPartOf":{"@id":"https:\/\/www.netmundi.org\/home\/#website"},"primaryImageOfPage":{"@id":"https:\/\/www.netmundi.org\/home\/camille-pissarro-saint-hilaire-franca-1863-1864\/#primaryimage"},"image":{"@id":"https:\/\/www.netmundi.org\/home\/camille-pissarro-saint-hilaire-franca-1863-1864\/#primaryimage"},"thumbnailUrl":"https:\/\/www.netmundi.org\/home\/wp-content\/uploads\/2020\/03\/Camille-Pissarro-\u2013-La-Varenne-Saint-Hilaire-View-from-Champigny.-1863.jpg","datePublished":"2020-03-28T23:36:05+00:00","dateModified":"2020-04-21T16:15:35+00:00","description":"O netmundi.org \u00e9 um site dedicado \u00e0 divulga\u00e7\u00e3o da Filosofia no Brasil. Aqui voc\u00ea vai encontrar as principais fal\u00e1cias, m\u00fasicas, hist\u00f3ria da filosofia, coment\u00e1rios sobre v\u00eddeos e filmes.","breadcrumb":{"@id":"https:\/\/www.netmundi.org\/home\/camille-pissarro-saint-hilaire-franca-1863-1864\/#breadcrumb"},"inLanguage":"pt-BR","potentialAction":[{"@type":"ReadAction","target":["https:\/\/www.netmundi.org\/home\/camille-pissarro-saint-hilaire-franca-1863-1864\/"]}]},{"@type":"ImageObject","inLanguage":"pt-BR","@id":"https:\/\/www.netmundi.org\/home\/camille-pissarro-saint-hilaire-franca-1863-1864\/#primaryimage","url":"https:\/\/www.netmundi.org\/home\/wp-content\/uploads\/2020\/03\/Camille-Pissarro-\u2013-La-Varenne-Saint-Hilaire-View-from-Champigny.-1863.jpg","contentUrl":"https:\/\/www.netmundi.org\/home\/wp-content\/uploads\/2020\/03\/Camille-Pissarro-\u2013-La-Varenne-Saint-Hilaire-View-from-Champigny.-1863.jpg","width":800,"height":529},{"@type":"BreadcrumbList","@id":"https:\/\/www.netmundi.org\/home\/camille-pissarro-saint-hilaire-franca-1863-1864\/#breadcrumb","itemListElement":[{"@type":"ListItem","position":1,"name":"In\u00edcio","item":"https:\/\/www.netmundi.org\/home\/"},{"@type":"ListItem","position":2,"name":"Camille Pissarro &#8211; Saint Hilaire, Fran\u00e7a (1863-1864)"}]},{"@type":"WebSite","@id":"https:\/\/www.netmundi.org\/home\/#website","url":"https:\/\/www.netmundi.org\/home\/","name":"netmundi.org","description":"ARTE, CULTURA E FILOSOFIA","publisher":{"@id":"https:\/\/www.netmundi.org\/home\/#\/schema\/person\/12ddd80f62a6f0e98d99e56c5a71eed2"},"potentialAction":[{"@type":"SearchAction","target":{"@type":"EntryPoint","urlTemplate":"https:\/\/www.netmundi.org\/home\/?s={search_term_string}"},"query-input":{"@type":"PropertyValueSpecification","valueRequired":true,"valueName":"search_term_string"}}],"inLanguage":"pt-BR"},{"@type":["Person","Organization"],"@id":"https:\/\/www.netmundi.org\/home\/#\/schema\/person\/12ddd80f62a6f0e98d99e56c5a71eed2","name":"Netmundi.org - Filosofia na Rede","image":{"@type":"ImageObject","inLanguage":"pt-BR","@id":"https:\/\/www.netmundi.org\/home\/#\/schema\/person\/image\/","url":"https:\/\/secure.gravatar.com\/avatar\/4b425da16797e1bacc1ee50a40075366497cc3dd3e5c4319ef30ca6895d04061?s=96&r=g","contentUrl":"https:\/\/secure.gravatar.com\/avatar\/4b425da16797e1bacc1ee50a40075366497cc3dd3e5c4319ef30ca6895d04061?s=96&r=g","caption":"Netmundi.org - Filosofia na Rede"},"logo":{"@id":"https:\/\/www.netmundi.org\/home\/#\/schema\/person\/image\/"}}]}},"amp_enabled":true,"_links":{"self":[{"href":"https:\/\/www.netmundi.org\/home\/wp-json\/wp\/v2\/pages\/11052","targetHints":{"allow":["GET"]}}],"collection":[{"href":"https:\/\/www.netmundi.org\/home\/wp-json\/wp\/v2\/pages"}],"about":[{"href":"https:\/\/www.netmundi.org\/home\/wp-json\/wp\/v2\/types\/page"}],"author":[{"embeddable":true,"href":"https:\/\/www.netmundi.org\/home\/wp-json\/wp\/v2\/users\/1"}],"replies":[{"embeddable":true,"href":"https:\/\/www.netmundi.org\/home\/wp-json\/wp\/v2\/comments?post=11052"}],"version-history":[{"count":10,"href":"https:\/\/www.netmundi.org\/home\/wp-json\/wp\/v2\/pages\/11052\/revisions"}],"predecessor-version":[{"id":12142,"href":"https:\/\/www.netmundi.org\/home\/wp-json\/wp\/v2\/pages\/11052\/revisions\/12142"}],"wp:featuredmedia":[{"embeddable":true,"href":"https:\/\/www.netmundi.org\/home\/wp-json\/wp\/v2\/media\/11056"}],"wp:attachment":[{"href":"https:\/\/www.netmundi.org\/home\/wp-json\/wp\/v2\/media?parent=11052"}],"curies":[{"name":"wp","href":"https:\/\/api.w.org\/{rel}","templated":true}]}}