{"id":106,"date":"2014-02-13T00:47:54","date_gmt":"2014-02-13T00:47:54","guid":{"rendered":"http:\/\/www.netmundi.org\/home\/?page_id=106"},"modified":"2023-10-31T21:04:53","modified_gmt":"2023-10-31T21:04:53","slug":"contato","status":"publish","type":"page","link":"https:\/\/www.netmundi.org\/home\/contato\/","title":{"rendered":"Contato"},"content":{"rendered":"<p><img loading=\"lazy\" decoding=\"async\" class=\"alignnone size-full wp-image-10686\" src=\"https:\/\/www.netmundi.org\/home\/wp-content\/uploads\/2020\/02\/contato-netmundi-org.jpg\" alt=\"netmundi.org - contato\" width=\"600\" height=\"219\" srcset=\"https:\/\/www.netmundi.org\/home\/wp-content\/uploads\/2020\/02\/contato-netmundi-org.jpg 600w, https:\/\/www.netmundi.org\/home\/wp-content\/uploads\/2020\/02\/contato-netmundi-org-300x110.jpg 300w\" sizes=\"auto, (max-width: 600px) 100vw, 600px\" \/><\/p>\n<p style=\"text-align: justify;\">Sinta-se \u00e0 vontade para enviar sugest\u00f5es, cr\u00edticas ou contribui\u00e7\u00f5es. Procuro, na medida do poss\u00edvel, interagir com todos que me procuram e gosto de trocar ideias, aprender e compartilhar conhecimentos.<\/p>\n<ul>\n<li style=\"text-align: justify;\"><em><strong>E-mail: <\/strong>alfredomrc@gmail.com<\/em><\/li>\n<li style=\"text-align: justify;\"><strong>Twitter:<\/strong>\u00a0<a href=\"https:\/\/twitter.com\/alfredo_mrc\" target=\"_blank\" rel=\"noopener noreferrer\">@<\/a><a href=\"https:\/\/twitter.com\/alfredo_mrc\"><span class=\"u-linkComplex-target\">alfredo_mrc<\/span><\/a><\/li>\n<li style=\"text-align: justify;\"><strong>Instagram<\/strong>: <a href=\"https:\/\/www.instagram.com\/alfredomrc\/\" target=\"_blank\" rel=\"noopener noreferrer\">alfredomrc<\/a><\/li>\n<\/ul>\n\n\n<hr class=\"wp-block-separator has-css-opacity\"\/>\n\n\n\n<h3 class=\"wp-block-heading\">Navegue pelo netmundi.org<\/h3>\n\n\n\n<hr class=\"wp-block-separator has-css-opacity\"\/>\n\n\n\n<ol class=\"wp-block-list\">\n<li><a rel=\"noreferrer noopener\" href=\"https:\/\/www.netmundi.org\/home\/\" target=\"_blank\">P\u00e1gina Principal<\/a><\/li>\n\n\n\n<li><a rel=\"noreferrer noopener\" href=\"https:\/\/www.netmundi.org\/home\/category\/livros-para-baixar\/\" target=\"_blank\">Livros para Baixar<\/a><\/li>\n\n\n\n<li><a rel=\"noreferrer noopener\" href=\"https:\/\/www.netmundi.org\/home\/category\/musicas\/\" target=\"_blank\">M\u00fasicas cl\u00e1ssicas para ouvir e baixar<\/a><\/li>\n\n\n\n<li><a rel=\"noreferrer noopener\" href=\"https:\/\/www.netmundi.org\/home\/category\/textos-motivacionais\/\" target=\"_blank\">Textos motivacionais<\/a><\/li>\n\n\n\n<li><a rel=\"noreferrer noopener\" href=\"https:\/\/www.netmundi.org\/home\/category\/falacias\/\" target=\"_blank\">Lista das fal\u00e1cias mais utilizadas<\/a><\/li>\n\n\n\n<li><a rel=\"noreferrer noopener\" href=\"http:\/\/www.netmundi.org\/filosofia\/category\/filosofia-antiga-2\/\" target=\"_blank\">Filosofia Antiga<\/a><\/li>\n\n\n\n<li><a rel=\"noreferrer noopener\" href=\"http:\/\/www.netmundi.org\/filosofia\/category\/filosofia-medieval-2\/\" target=\"_blank\">Filosofia Medieval<\/a><\/li>\n\n\n\n<li><a rel=\"noreferrer noopener\" href=\"http:\/\/www.netmundi.org\/filosofia\/category\/filosofia-moderna-2\/\" target=\"_blank\">Filosofia Moderna<\/a><\/li>\n\n\n\n<li><a rel=\"noreferrer noopener\" href=\"http:\/\/www.netmundi.org\/filosofia\/category\/filosofia-contemporanea\/\" target=\"_blank\">Filosofia Contempor\u00e2nea<\/a><\/li>\n\n\n\n<li><a rel=\"noreferrer noopener\" href=\"http:\/\/www.netmundi.org\/pensamentos\/\" target=\"_blank\">Frases de grandes fil\u00f3sofos<\/a><\/li>\n<\/ol>\n","protected":false},"excerpt":{"rendered":"<p>Sinta-se \u00e0 vontade para enviar sugest\u00f5es, cr\u00edticas ou contribui\u00e7\u00f5es. Procuro, na medida do poss\u00edvel, interagir com todos que me procuram e gosto de trocar ideias, aprender e compartilhar conhecimentos. E-mail: alfredomrc@gmail.com Twitter:\u00a0@alfredo_mrc Instagram: alfredomrc Navegue pelo netmundi.org P\u00e1gina Principal Livros para Baixar M\u00fasicas cl\u00e1ssicas para ouvir e baixar Textos motivacionais Lista das fal\u00e1cias mais utilizadas Filosofia Antiga Filosofia Medieval Filosofia Moderna Filosofia Contempor\u00e2nea Frases de grandes fil\u00f3sofos<\/p>\n","protected":false},"author":1,"featured_media":3694,"parent":0,"menu_order":5,"comment_status":"closed","ping_status":"closed","template":"","meta":{"footnotes":""},"class_list":["post-106","page","type-page","status-publish","has-post-thumbnail","hentry"],"yoast_head":"<!-- This site is optimized with the Yoast SEO plugin v26.6 - https:\/\/yoast.com\/wordpress\/plugins\/seo\/ -->\n<title>contado netmundi.org<\/title>\n<meta name=\"description\" content=\"Sinta-se \u00e0 vontade para enviar sugest\u00f5es, cr\u00edticas ou contribui\u00e7\u00f5es. Procuro, na medida do poss\u00edvel, interagir com todos que me procuram\" \/>\n<meta name=\"robots\" content=\"index, follow, max-snippet:-1, max-image-preview:large, max-video-preview:-1\" \/>\n<link rel=\"canonical\" href=\"https:\/\/www.netmundi.org\/home\/contato\/\" \/>\n<meta property=\"og:locale\" content=\"pt_BR\" \/>\n<meta property=\"og:type\" content=\"article\" \/>\n<meta property=\"og:title\" content=\"contado netmundi.org\" \/>\n<meta property=\"og:description\" content=\"Sinta-se \u00e0 vontade para enviar sugest\u00f5es, cr\u00edticas ou contribui\u00e7\u00f5es. Procuro, na medida do poss\u00edvel, interagir com todos que me procuram\" \/>\n<meta property=\"og:url\" content=\"https:\/\/www.netmundi.org\/home\/contato\/\" \/>\n<meta property=\"og:site_name\" content=\"netmundi.org\" \/>\n<meta property=\"article:modified_time\" content=\"2023-10-31T21:04:53+00:00\" \/>\n<meta property=\"og:image\" content=\"https:\/\/www.netmundi.org\/home\/wp-content\/uploads\/2014\/02\/contato.jpg\" \/>\n\t<meta property=\"og:image:width\" content=\"262\" \/>\n\t<meta property=\"og:image:height\" content=\"248\" \/>\n\t<meta property=\"og:image:type\" content=\"image\/jpeg\" \/>\n<meta name=\"twitter:card\" content=\"summary_large_image\" \/>\n<meta name=\"twitter:site\" content=\"@alfredo_mrc\" \/>\n<meta name=\"twitter:label1\" content=\"Est. tempo de leitura\" \/>\n\t<meta name=\"twitter:data1\" content=\"1 minuto\" \/>\n<script type=\"application\/ld+json\" class=\"yoast-schema-graph\">{\"@context\":\"https:\/\/schema.org\",\"@graph\":[{\"@type\":\"WebPage\",\"@id\":\"https:\/\/www.netmundi.org\/home\/contato\/\",\"url\":\"https:\/\/www.netmundi.org\/home\/contato\/\",\"name\":\"contado netmundi.org\",\"isPartOf\":{\"@id\":\"https:\/\/www.netmundi.org\/home\/#website\"},\"primaryImageOfPage\":{\"@id\":\"https:\/\/www.netmundi.org\/home\/contato\/#primaryimage\"},\"image\":{\"@id\":\"https:\/\/www.netmundi.org\/home\/contato\/#primaryimage\"},\"thumbnailUrl\":\"https:\/\/www.netmundi.org\/home\/wp-content\/uploads\/2014\/02\/contato.jpg\",\"datePublished\":\"2014-02-13T00:47:54+00:00\",\"dateModified\":\"2023-10-31T21:04:53+00:00\",\"description\":\"Sinta-se \u00e0 vontade para enviar sugest\u00f5es, cr\u00edticas ou contribui\u00e7\u00f5es. Procuro, na medida do poss\u00edvel, interagir com todos que me procuram\",\"breadcrumb\":{\"@id\":\"https:\/\/www.netmundi.org\/home\/contato\/#breadcrumb\"},\"inLanguage\":\"pt-BR\",\"potentialAction\":[{\"@type\":\"ReadAction\",\"target\":[\"https:\/\/www.netmundi.org\/home\/contato\/\"]}]},{\"@type\":\"ImageObject\",\"inLanguage\":\"pt-BR\",\"@id\":\"https:\/\/www.netmundi.org\/home\/contato\/#primaryimage\",\"url\":\"https:\/\/www.netmundi.org\/home\/wp-content\/uploads\/2014\/02\/contato.jpg\",\"contentUrl\":\"https:\/\/www.netmundi.org\/home\/wp-content\/uploads\/2014\/02\/contato.jpg\",\"width\":262,\"height\":248,\"caption\":\"contato\"},{\"@type\":\"BreadcrumbList\",\"@id\":\"https:\/\/www.netmundi.org\/home\/contato\/#breadcrumb\",\"itemListElement\":[{\"@type\":\"ListItem\",\"position\":1,\"name\":\"In\u00edcio\",\"item\":\"https:\/\/www.netmundi.org\/home\/\"},{\"@type\":\"ListItem\",\"position\":2,\"name\":\"Contato\"}]},{\"@type\":\"WebSite\",\"@id\":\"https:\/\/www.netmundi.org\/home\/#website\",\"url\":\"https:\/\/www.netmundi.org\/home\/\",\"name\":\"netmundi.org\",\"description\":\"ARTE, CULTURA E FILOSOFIA\",\"publisher\":{\"@id\":\"https:\/\/www.netmundi.org\/home\/#\/schema\/person\/12ddd80f62a6f0e98d99e56c5a71eed2\"},\"potentialAction\":[{\"@type\":\"SearchAction\",\"target\":{\"@type\":\"EntryPoint\",\"urlTemplate\":\"https:\/\/www.netmundi.org\/home\/?s={search_term_string}\"},\"query-input\":{\"@type\":\"PropertyValueSpecification\",\"valueRequired\":true,\"valueName\":\"search_term_string\"}}],\"inLanguage\":\"pt-BR\"},{\"@type\":[\"Person\",\"Organization\"],\"@id\":\"https:\/\/www.netmundi.org\/home\/#\/schema\/person\/12ddd80f62a6f0e98d99e56c5a71eed2\",\"name\":\"Netmundi.org - Filosofia na Rede\",\"image\":{\"@type\":\"ImageObject\",\"inLanguage\":\"pt-BR\",\"@id\":\"https:\/\/www.netmundi.org\/home\/#\/schema\/person\/image\/\",\"url\":\"https:\/\/secure.gravatar.com\/avatar\/4b425da16797e1bacc1ee50a40075366497cc3dd3e5c4319ef30ca6895d04061?s=96&r=g\",\"contentUrl\":\"https:\/\/secure.gravatar.com\/avatar\/4b425da16797e1bacc1ee50a40075366497cc3dd3e5c4319ef30ca6895d04061?s=96&r=g\",\"caption\":\"Netmundi.org - Filosofia na Rede\"},\"logo\":{\"@id\":\"https:\/\/www.netmundi.org\/home\/#\/schema\/person\/image\/\"}}]}<\/script>\n<!-- \/ Yoast SEO plugin. -->","yoast_head_json":{"title":"contado netmundi.org","description":"Sinta-se \u00e0 vontade para enviar sugest\u00f5es, cr\u00edticas ou contribui\u00e7\u00f5es. Procuro, na medida do poss\u00edvel, interagir com todos que me procuram","robots":{"index":"index","follow":"follow","max-snippet":"max-snippet:-1","max-image-preview":"max-image-preview:large","max-video-preview":"max-video-preview:-1"},"canonical":"https:\/\/www.netmundi.org\/home\/contato\/","og_locale":"pt_BR","og_type":"article","og_title":"contado netmundi.org","og_description":"Sinta-se \u00e0 vontade para enviar sugest\u00f5es, cr\u00edticas ou contribui\u00e7\u00f5es. Procuro, na medida do poss\u00edvel, interagir com todos que me procuram","og_url":"https:\/\/www.netmundi.org\/home\/contato\/","og_site_name":"netmundi.org","article_modified_time":"2023-10-31T21:04:53+00:00","og_image":[{"width":262,"height":248,"url":"https:\/\/www.netmundi.org\/home\/wp-content\/uploads\/2014\/02\/contato.jpg","type":"image\/jpeg"}],"twitter_card":"summary_large_image","twitter_site":"@alfredo_mrc","twitter_misc":{"Est. tempo de leitura":"1 minuto"},"schema":{"@context":"https:\/\/schema.org","@graph":[{"@type":"WebPage","@id":"https:\/\/www.netmundi.org\/home\/contato\/","url":"https:\/\/www.netmundi.org\/home\/contato\/","name":"contado netmundi.org","isPartOf":{"@id":"https:\/\/www.netmundi.org\/home\/#website"},"primaryImageOfPage":{"@id":"https:\/\/www.netmundi.org\/home\/contato\/#primaryimage"},"image":{"@id":"https:\/\/www.netmundi.org\/home\/contato\/#primaryimage"},"thumbnailUrl":"https:\/\/www.netmundi.org\/home\/wp-content\/uploads\/2014\/02\/contato.jpg","datePublished":"2014-02-13T00:47:54+00:00","dateModified":"2023-10-31T21:04:53+00:00","description":"Sinta-se \u00e0 vontade para enviar sugest\u00f5es, cr\u00edticas ou contribui\u00e7\u00f5es. Procuro, na medida do poss\u00edvel, interagir com todos que me procuram","breadcrumb":{"@id":"https:\/\/www.netmundi.org\/home\/contato\/#breadcrumb"},"inLanguage":"pt-BR","potentialAction":[{"@type":"ReadAction","target":["https:\/\/www.netmundi.org\/home\/contato\/"]}]},{"@type":"ImageObject","inLanguage":"pt-BR","@id":"https:\/\/www.netmundi.org\/home\/contato\/#primaryimage","url":"https:\/\/www.netmundi.org\/home\/wp-content\/uploads\/2014\/02\/contato.jpg","contentUrl":"https:\/\/www.netmundi.org\/home\/wp-content\/uploads\/2014\/02\/contato.jpg","width":262,"height":248,"caption":"contato"},{"@type":"BreadcrumbList","@id":"https:\/\/www.netmundi.org\/home\/contato\/#breadcrumb","itemListElement":[{"@type":"ListItem","position":1,"name":"In\u00edcio","item":"https:\/\/www.netmundi.org\/home\/"},{"@type":"ListItem","position":2,"name":"Contato"}]},{"@type":"WebSite","@id":"https:\/\/www.netmundi.org\/home\/#website","url":"https:\/\/www.netmundi.org\/home\/","name":"netmundi.org","description":"ARTE, CULTURA E FILOSOFIA","publisher":{"@id":"https:\/\/www.netmundi.org\/home\/#\/schema\/person\/12ddd80f62a6f0e98d99e56c5a71eed2"},"potentialAction":[{"@type":"SearchAction","target":{"@type":"EntryPoint","urlTemplate":"https:\/\/www.netmundi.org\/home\/?s={search_term_string}"},"query-input":{"@type":"PropertyValueSpecification","valueRequired":true,"valueName":"search_term_string"}}],"inLanguage":"pt-BR"},{"@type":["Person","Organization"],"@id":"https:\/\/www.netmundi.org\/home\/#\/schema\/person\/12ddd80f62a6f0e98d99e56c5a71eed2","name":"Netmundi.org - Filosofia na Rede","image":{"@type":"ImageObject","inLanguage":"pt-BR","@id":"https:\/\/www.netmundi.org\/home\/#\/schema\/person\/image\/","url":"https:\/\/secure.gravatar.com\/avatar\/4b425da16797e1bacc1ee50a40075366497cc3dd3e5c4319ef30ca6895d04061?s=96&r=g","contentUrl":"https:\/\/secure.gravatar.com\/avatar\/4b425da16797e1bacc1ee50a40075366497cc3dd3e5c4319ef30ca6895d04061?s=96&r=g","caption":"Netmundi.org - Filosofia na Rede"},"logo":{"@id":"https:\/\/www.netmundi.org\/home\/#\/schema\/person\/image\/"}}]}},"amp_enabled":true,"_links":{"self":[{"href":"https:\/\/www.netmundi.org\/home\/wp-json\/wp\/v2\/pages\/106","targetHints":{"allow":["GET"]}}],"collection":[{"href":"https:\/\/www.netmundi.org\/home\/wp-json\/wp\/v2\/pages"}],"about":[{"href":"https:\/\/www.netmundi.org\/home\/wp-json\/wp\/v2\/types\/page"}],"author":[{"embeddable":true,"href":"https:\/\/www.netmundi.org\/home\/wp-json\/wp\/v2\/users\/1"}],"replies":[{"embeddable":true,"href":"https:\/\/www.netmundi.org\/home\/wp-json\/wp\/v2\/comments?post=106"}],"version-history":[{"count":26,"href":"https:\/\/www.netmundi.org\/home\/wp-json\/wp\/v2\/pages\/106\/revisions"}],"predecessor-version":[{"id":19504,"href":"https:\/\/www.netmundi.org\/home\/wp-json\/wp\/v2\/pages\/106\/revisions\/19504"}],"wp:featuredmedia":[{"embeddable":true,"href":"https:\/\/www.netmundi.org\/home\/wp-json\/wp\/v2\/media\/3694"}],"wp:attachment":[{"href":"https:\/\/www.netmundi.org\/home\/wp-json\/wp\/v2\/media?parent=106"}],"curies":[{"name":"wp","href":"https:\/\/api.w.org\/{rel}","templated":true}]}}