{"id":787,"date":"2015-10-11T22:33:30","date_gmt":"2015-10-11T22:33:30","guid":{"rendered":"http:\/\/www.netmundi.org\/filosofia\/?page_id=787"},"modified":"2016-06-04T01:41:21","modified_gmt":"2016-06-04T01:41:21","slug":"archive","status":"publish","type":"page","link":"https:\/\/www.netmundi.org\/filosofia\/archive\/","title":{"rendered":"Todos os posts"},"content":{"rendered":"","protected":false},"excerpt":{"rendered":"","protected":false},"author":1,"featured_media":0,"parent":0,"menu_order":0,"comment_status":"closed","ping_status":"closed","template":"","meta":{"_uf_show_specific_survey":0,"_uf_disable_surveys":false,"footnotes":""},"class_list":["post-787","page","type-page","status-publish","hentry"],"yoast_head":"<!-- This site is optimized with the Yoast SEO plugin v26.6 - https:\/\/yoast.com\/wordpress\/plugins\/seo\/ -->\n<title>Todos os posts - netmundi.org<\/title>\n<meta name=\"description\" content=\"filosofia, sabedoria, conhecimento, s\u00f3crates, plat\u00e3o, arist\u00f3teles, nietzsche, schopenhauer, religi\u00e3o,\" \/>\n<meta name=\"robots\" content=\"index, follow, max-snippet:-1, max-image-preview:large, max-video-preview:-1\" \/>\n<link rel=\"canonical\" href=\"https:\/\/www.netmundi.org\/filosofia\/archive\/\" \/>\n<meta property=\"og:locale\" content=\"pt_BR\" \/>\n<meta property=\"og:type\" content=\"article\" \/>\n<meta property=\"og:title\" content=\"Todos os posts - netmundi.org\" \/>\n<meta property=\"og:description\" content=\"filosofia, sabedoria, conhecimento, s\u00f3crates, plat\u00e3o, arist\u00f3teles, nietzsche, schopenhauer, religi\u00e3o,\" \/>\n<meta property=\"og:url\" content=\"https:\/\/www.netmundi.org\/filosofia\/archive\/\" \/>\n<meta property=\"og:site_name\" content=\"netmundi.org\" \/>\n<meta property=\"article:modified_time\" content=\"2016-06-04T01:41:21+00:00\" \/>\n<meta name=\"twitter:card\" content=\"summary_large_image\" \/>\n<script type=\"application\/ld+json\" class=\"yoast-schema-graph\">{\"@context\":\"https:\/\/schema.org\",\"@graph\":[{\"@type\":\"WebPage\",\"@id\":\"https:\/\/www.netmundi.org\/filosofia\/archive\/\",\"url\":\"https:\/\/www.netmundi.org\/filosofia\/archive\/\",\"name\":\"Todos os posts - netmundi.org\",\"isPartOf\":{\"@id\":\"https:\/\/www.netmundi.org\/filosofia\/#website\"},\"datePublished\":\"2015-10-11T22:33:30+00:00\",\"dateModified\":\"2016-06-04T01:41:21+00:00\",\"description\":\"filosofia, sabedoria, conhecimento, s\u00f3crates, plat\u00e3o, arist\u00f3teles, nietzsche, schopenhauer, religi\u00e3o,\",\"breadcrumb\":{\"@id\":\"https:\/\/www.netmundi.org\/filosofia\/archive\/#breadcrumb\"},\"inLanguage\":\"pt-BR\",\"potentialAction\":[{\"@type\":\"ReadAction\",\"target\":[\"https:\/\/www.netmundi.org\/filosofia\/archive\/\"]}]},{\"@type\":\"BreadcrumbList\",\"@id\":\"https:\/\/www.netmundi.org\/filosofia\/archive\/#breadcrumb\",\"itemListElement\":[{\"@type\":\"ListItem\",\"position\":1,\"name\":\"In\u00edcio\",\"item\":\"https:\/\/www.netmundi.org\/filosofia\/\"},{\"@type\":\"ListItem\",\"position\":2,\"name\":\"Todos os posts\"}]},{\"@type\":\"WebSite\",\"@id\":\"https:\/\/www.netmundi.org\/filosofia\/#website\",\"url\":\"https:\/\/www.netmundi.org\/filosofia\/\",\"name\":\"netmundi.org\",\"description\":\"PORTAL DE FILOSOFIA\",\"publisher\":{\"@id\":\"https:\/\/www.netmundi.org\/filosofia\/#\/schema\/person\/65e71bdee08ad5be5445fd4ae9a97056\"},\"potentialAction\":[{\"@type\":\"SearchAction\",\"target\":{\"@type\":\"EntryPoint\",\"urlTemplate\":\"https:\/\/www.netmundi.org\/filosofia\/?s={search_term_string}\"},\"query-input\":{\"@type\":\"PropertyValueSpecification\",\"valueRequired\":true,\"valueName\":\"search_term_string\"}}],\"inLanguage\":\"pt-BR\"},{\"@type\":[\"Person\",\"Organization\"],\"@id\":\"https:\/\/www.netmundi.org\/filosofia\/#\/schema\/person\/65e71bdee08ad5be5445fd4ae9a97056\",\"name\":\"Netmundi.org - Filosofia na Rede\",\"image\":{\"@type\":\"ImageObject\",\"inLanguage\":\"pt-BR\",\"@id\":\"https:\/\/www.netmundi.org\/filosofia\/#\/schema\/person\/image\/\",\"url\":\"https:\/\/secure.gravatar.com\/avatar\/4b425da16797e1bacc1ee50a40075366497cc3dd3e5c4319ef30ca6895d04061?s=96&d=blank&r=g\",\"contentUrl\":\"https:\/\/secure.gravatar.com\/avatar\/4b425da16797e1bacc1ee50a40075366497cc3dd3e5c4319ef30ca6895d04061?s=96&d=blank&r=g\",\"caption\":\"Netmundi.org - Filosofia na Rede\"},\"logo\":{\"@id\":\"https:\/\/www.netmundi.org\/filosofia\/#\/schema\/person\/image\/\"}}]}<\/script>\n<!-- \/ Yoast SEO plugin. -->","yoast_head_json":{"title":"Todos os posts - netmundi.org","description":"filosofia, sabedoria, conhecimento, s\u00f3crates, plat\u00e3o, arist\u00f3teles, nietzsche, schopenhauer, religi\u00e3o,","robots":{"index":"index","follow":"follow","max-snippet":"max-snippet:-1","max-image-preview":"max-image-preview:large","max-video-preview":"max-video-preview:-1"},"canonical":"https:\/\/www.netmundi.org\/filosofia\/archive\/","og_locale":"pt_BR","og_type":"article","og_title":"Todos os posts - netmundi.org","og_description":"filosofia, sabedoria, conhecimento, s\u00f3crates, plat\u00e3o, arist\u00f3teles, nietzsche, schopenhauer, religi\u00e3o,","og_url":"https:\/\/www.netmundi.org\/filosofia\/archive\/","og_site_name":"netmundi.org","article_modified_time":"2016-06-04T01:41:21+00:00","twitter_card":"summary_large_image","schema":{"@context":"https:\/\/schema.org","@graph":[{"@type":"WebPage","@id":"https:\/\/www.netmundi.org\/filosofia\/archive\/","url":"https:\/\/www.netmundi.org\/filosofia\/archive\/","name":"Todos os posts - netmundi.org","isPartOf":{"@id":"https:\/\/www.netmundi.org\/filosofia\/#website"},"datePublished":"2015-10-11T22:33:30+00:00","dateModified":"2016-06-04T01:41:21+00:00","description":"filosofia, sabedoria, conhecimento, s\u00f3crates, plat\u00e3o, arist\u00f3teles, nietzsche, schopenhauer, religi\u00e3o,","breadcrumb":{"@id":"https:\/\/www.netmundi.org\/filosofia\/archive\/#breadcrumb"},"inLanguage":"pt-BR","potentialAction":[{"@type":"ReadAction","target":["https:\/\/www.netmundi.org\/filosofia\/archive\/"]}]},{"@type":"BreadcrumbList","@id":"https:\/\/www.netmundi.org\/filosofia\/archive\/#breadcrumb","itemListElement":[{"@type":"ListItem","position":1,"name":"In\u00edcio","item":"https:\/\/www.netmundi.org\/filosofia\/"},{"@type":"ListItem","position":2,"name":"Todos os posts"}]},{"@type":"WebSite","@id":"https:\/\/www.netmundi.org\/filosofia\/#website","url":"https:\/\/www.netmundi.org\/filosofia\/","name":"netmundi.org","description":"PORTAL DE FILOSOFIA","publisher":{"@id":"https:\/\/www.netmundi.org\/filosofia\/#\/schema\/person\/65e71bdee08ad5be5445fd4ae9a97056"},"potentialAction":[{"@type":"SearchAction","target":{"@type":"EntryPoint","urlTemplate":"https:\/\/www.netmundi.org\/filosofia\/?s={search_term_string}"},"query-input":{"@type":"PropertyValueSpecification","valueRequired":true,"valueName":"search_term_string"}}],"inLanguage":"pt-BR"},{"@type":["Person","Organization"],"@id":"https:\/\/www.netmundi.org\/filosofia\/#\/schema\/person\/65e71bdee08ad5be5445fd4ae9a97056","name":"Netmundi.org - Filosofia na Rede","image":{"@type":"ImageObject","inLanguage":"pt-BR","@id":"https:\/\/www.netmundi.org\/filosofia\/#\/schema\/person\/image\/","url":"https:\/\/secure.gravatar.com\/avatar\/4b425da16797e1bacc1ee50a40075366497cc3dd3e5c4319ef30ca6895d04061?s=96&d=blank&r=g","contentUrl":"https:\/\/secure.gravatar.com\/avatar\/4b425da16797e1bacc1ee50a40075366497cc3dd3e5c4319ef30ca6895d04061?s=96&d=blank&r=g","caption":"Netmundi.org - Filosofia na Rede"},"logo":{"@id":"https:\/\/www.netmundi.org\/filosofia\/#\/schema\/person\/image\/"}}]}},"amp_enabled":true,"_links":{"self":[{"href":"https:\/\/www.netmundi.org\/filosofia\/wp-json\/wp\/v2\/pages\/787","targetHints":{"allow":["GET"]}}],"collection":[{"href":"https:\/\/www.netmundi.org\/filosofia\/wp-json\/wp\/v2\/pages"}],"about":[{"href":"https:\/\/www.netmundi.org\/filosofia\/wp-json\/wp\/v2\/types\/page"}],"author":[{"embeddable":true,"href":"https:\/\/www.netmundi.org\/filosofia\/wp-json\/wp\/v2\/users\/1"}],"replies":[{"embeddable":true,"href":"https:\/\/www.netmundi.org\/filosofia\/wp-json\/wp\/v2\/comments?post=787"}],"version-history":[{"count":2,"href":"https:\/\/www.netmundi.org\/filosofia\/wp-json\/wp\/v2\/pages\/787\/revisions"}],"predecessor-version":[{"id":1555,"href":"https:\/\/www.netmundi.org\/filosofia\/wp-json\/wp\/v2\/pages\/787\/revisions\/1555"}],"wp:attachment":[{"href":"https:\/\/www.netmundi.org\/filosofia\/wp-json\/wp\/v2\/media?parent=787"}],"curies":[{"name":"wp","href":"https:\/\/api.w.org\/{rel}","templated":true}]}}