{"id":6152,"date":"2021-08-02T00:17:55","date_gmt":"2021-08-02T00:17:55","guid":{"rendered":"https:\/\/www.netmundi.org\/filosofia\/?page_id=6152"},"modified":"2022-10-22T22:21:26","modified_gmt":"2022-10-22T22:21:26","slug":"frases-de-pensadores-outros","status":"publish","type":"page","link":"https:\/\/www.netmundi.org\/filosofia\/frases-de-pensadores-outros\/","title":{"rendered":"Frases de pensadores (Outros&#8230;)"},"content":{"rendered":"\n<h3 class=\"wp-block-heading\">Esta galeria de imagens faz parte do&nbsp;<em>post&nbsp;<\/em><strong><a href=\"https:\/\/www.netmundi.org\/filosofia\/2021\/frases-de-grandes-pensadores\/\">Frases de Grandes Pensadores<\/a><\/strong>.  <strong>Visite tamb\u00e9m nossa&nbsp;<\/strong><a href=\"https:\/\/youtube.com\/playlist?list=PLala6p2UrtOkusmCPjPZRu3P0diq8MbpA\" target=\"_blank\" rel=\"noreferrer noopener\"><strong><em>playlist<\/em>&nbsp;de frases no youtube<\/strong>!<\/a> <\/h3>\n\n\n\n<figure class=\"wp-block-gallery has-nested-images columns-1 is-cropped wp-block-gallery-1 is-layout-flex wp-block-gallery-is-layout-flex\">\n<figure class=\"wp-block-image size-full\"><a href=\"https:\/\/www.netmundi.org\/filosofia\/wp-content\/uploads\/2021\/08\/bertrand_russell01.jpg\"><img loading=\"lazy\" decoding=\"async\" width=\"640\" height=\"480\" data-id=\"6154\" src=\"https:\/\/www.netmundi.org\/filosofia\/wp-content\/uploads\/2021\/08\/bertrand_russell01.jpg\" alt=\"\" class=\"wp-image-6154\" srcset=\"https:\/\/www.netmundi.org\/filosofia\/wp-content\/uploads\/2021\/08\/bertrand_russell01.jpg 640w, https:\/\/www.netmundi.org\/filosofia\/wp-content\/uploads\/2021\/08\/bertrand_russell01-300x225.jpg 300w, https:\/\/www.netmundi.org\/filosofia\/wp-content\/uploads\/2021\/08\/bertrand_russell01-174x131.jpg 174w, https:\/\/www.netmundi.org\/filosofia\/wp-content\/uploads\/2021\/08\/bertrand_russell01-70x53.jpg 70w\" sizes=\"auto, (max-width: 640px) 100vw, 640px\" \/><\/a><\/figure>\n\n\n\n<figure class=\"wp-block-image size-full\"><a href=\"https:\/\/www.netmundi.org\/filosofia\/wp-content\/uploads\/2021\/08\/bertrand_russell02.jpg\"><img loading=\"lazy\" decoding=\"async\" width=\"640\" height=\"480\" data-id=\"6155\" src=\"https:\/\/www.netmundi.org\/filosofia\/wp-content\/uploads\/2021\/08\/bertrand_russell02.jpg\" alt=\"\" class=\"wp-image-6155\" srcset=\"https:\/\/www.netmundi.org\/filosofia\/wp-content\/uploads\/2021\/08\/bertrand_russell02.jpg 640w, https:\/\/www.netmundi.org\/filosofia\/wp-content\/uploads\/2021\/08\/bertrand_russell02-300x225.jpg 300w, https:\/\/www.netmundi.org\/filosofia\/wp-content\/uploads\/2021\/08\/bertrand_russell02-174x131.jpg 174w, https:\/\/www.netmundi.org\/filosofia\/wp-content\/uploads\/2021\/08\/bertrand_russell02-70x53.jpg 70w\" sizes=\"auto, (max-width: 640px) 100vw, 640px\" \/><\/a><\/figure>\n\n\n\n<figure class=\"wp-block-image size-full\"><a href=\"https:\/\/www.netmundi.org\/filosofia\/wp-content\/uploads\/2021\/08\/giorgio_agamben1.jpg\"><img loading=\"lazy\" decoding=\"async\" width=\"640\" height=\"480\" data-id=\"6156\" src=\"https:\/\/www.netmundi.org\/filosofia\/wp-content\/uploads\/2021\/08\/giorgio_agamben1.jpg\" alt=\"\" class=\"wp-image-6156\" srcset=\"https:\/\/www.netmundi.org\/filosofia\/wp-content\/uploads\/2021\/08\/giorgio_agamben1.jpg 640w, https:\/\/www.netmundi.org\/filosofia\/wp-content\/uploads\/2021\/08\/giorgio_agamben1-300x225.jpg 300w, https:\/\/www.netmundi.org\/filosofia\/wp-content\/uploads\/2021\/08\/giorgio_agamben1-174x131.jpg 174w, https:\/\/www.netmundi.org\/filosofia\/wp-content\/uploads\/2021\/08\/giorgio_agamben1-70x53.jpg 70w\" sizes=\"auto, (max-width: 640px) 100vw, 640px\" \/><\/a><\/figure>\n\n\n\n<figure class=\"wp-block-image size-full\"><a href=\"https:\/\/www.netmundi.org\/filosofia\/wp-content\/uploads\/2021\/08\/giorgio_agamben2.jpg\"><img loading=\"lazy\" decoding=\"async\" width=\"640\" height=\"480\" data-id=\"6157\" src=\"https:\/\/www.netmundi.org\/filosofia\/wp-content\/uploads\/2021\/08\/giorgio_agamben2.jpg\" alt=\"\" class=\"wp-image-6157\" srcset=\"https:\/\/www.netmundi.org\/filosofia\/wp-content\/uploads\/2021\/08\/giorgio_agamben2.jpg 640w, https:\/\/www.netmundi.org\/filosofia\/wp-content\/uploads\/2021\/08\/giorgio_agamben2-300x225.jpg 300w, https:\/\/www.netmundi.org\/filosofia\/wp-content\/uploads\/2021\/08\/giorgio_agamben2-174x131.jpg 174w, https:\/\/www.netmundi.org\/filosofia\/wp-content\/uploads\/2021\/08\/giorgio_agamben2-70x53.jpg 70w\" sizes=\"auto, (max-width: 640px) 100vw, 640px\" \/><\/a><\/figure>\n\n\n\n<figure class=\"wp-block-image size-full\"><a href=\"https:\/\/www.netmundi.org\/filosofia\/wp-content\/uploads\/2021\/08\/jose_saramaro1.jpg\"><img loading=\"lazy\" decoding=\"async\" width=\"640\" height=\"480\" data-id=\"6158\" src=\"https:\/\/www.netmundi.org\/filosofia\/wp-content\/uploads\/2021\/08\/jose_saramaro1.jpg\" alt=\"\" class=\"wp-image-6158\" srcset=\"https:\/\/www.netmundi.org\/filosofia\/wp-content\/uploads\/2021\/08\/jose_saramaro1.jpg 640w, https:\/\/www.netmundi.org\/filosofia\/wp-content\/uploads\/2021\/08\/jose_saramaro1-300x225.jpg 300w, https:\/\/www.netmundi.org\/filosofia\/wp-content\/uploads\/2021\/08\/jose_saramaro1-174x131.jpg 174w, https:\/\/www.netmundi.org\/filosofia\/wp-content\/uploads\/2021\/08\/jose_saramaro1-70x53.jpg 70w\" sizes=\"auto, (max-width: 640px) 100vw, 640px\" \/><\/a><\/figure>\n\n\n\n<figure class=\"wp-block-image size-full\"><a href=\"https:\/\/www.netmundi.org\/filosofia\/wp-content\/uploads\/2021\/08\/Jostien_Gaarder.jpg\"><img loading=\"lazy\" decoding=\"async\" width=\"640\" height=\"480\" data-id=\"6159\" src=\"https:\/\/www.netmundi.org\/filosofia\/wp-content\/uploads\/2021\/08\/Jostien_Gaarder.jpg\" alt=\"\" class=\"wp-image-6159\" srcset=\"https:\/\/www.netmundi.org\/filosofia\/wp-content\/uploads\/2021\/08\/Jostien_Gaarder.jpg 640w, https:\/\/www.netmundi.org\/filosofia\/wp-content\/uploads\/2021\/08\/Jostien_Gaarder-300x225.jpg 300w, https:\/\/www.netmundi.org\/filosofia\/wp-content\/uploads\/2021\/08\/Jostien_Gaarder-174x131.jpg 174w, https:\/\/www.netmundi.org\/filosofia\/wp-content\/uploads\/2021\/08\/Jostien_Gaarder-70x53.jpg 70w\" sizes=\"auto, (max-width: 640px) 100vw, 640px\" \/><\/a><\/figure>\n\n\n\n<figure class=\"wp-block-image size-full\"><a href=\"https:\/\/www.netmundi.org\/filosofia\/wp-content\/uploads\/2021\/08\/karl_jaspers1.jpg\"><img loading=\"lazy\" decoding=\"async\" width=\"704\" height=\"587\" data-id=\"6160\" src=\"https:\/\/www.netmundi.org\/filosofia\/wp-content\/uploads\/2021\/08\/karl_jaspers1.jpg\" alt=\"\" class=\"wp-image-6160\" srcset=\"https:\/\/www.netmundi.org\/filosofia\/wp-content\/uploads\/2021\/08\/karl_jaspers1.jpg 704w, https:\/\/www.netmundi.org\/filosofia\/wp-content\/uploads\/2021\/08\/karl_jaspers1-300x250.jpg 300w\" sizes=\"auto, (max-width: 704px) 100vw, 704px\" \/><\/a><\/figure>\n\n\n\n<figure class=\"wp-block-image size-full\"><a href=\"https:\/\/www.netmundi.org\/filosofia\/wp-content\/uploads\/2021\/08\/Merleau-ponty1.jpg\"><img loading=\"lazy\" decoding=\"async\" width=\"640\" height=\"480\" data-id=\"6161\" src=\"https:\/\/www.netmundi.org\/filosofia\/wp-content\/uploads\/2021\/08\/Merleau-ponty1.jpg\" alt=\"\" class=\"wp-image-6161\" srcset=\"https:\/\/www.netmundi.org\/filosofia\/wp-content\/uploads\/2021\/08\/Merleau-ponty1.jpg 640w, https:\/\/www.netmundi.org\/filosofia\/wp-content\/uploads\/2021\/08\/Merleau-ponty1-300x225.jpg 300w, https:\/\/www.netmundi.org\/filosofia\/wp-content\/uploads\/2021\/08\/Merleau-ponty1-174x131.jpg 174w, https:\/\/www.netmundi.org\/filosofia\/wp-content\/uploads\/2021\/08\/Merleau-ponty1-70x53.jpg 70w\" sizes=\"auto, (max-width: 640px) 100vw, 640px\" \/><\/a><\/figure>\n\n\n\n<figure class=\"wp-block-image size-full\"><a href=\"https:\/\/www.netmundi.org\/filosofia\/wp-content\/uploads\/2021\/08\/novalis1.jpg\"><img loading=\"lazy\" decoding=\"async\" width=\"640\" height=\"480\" data-id=\"6162\" src=\"https:\/\/www.netmundi.org\/filosofia\/wp-content\/uploads\/2021\/08\/novalis1.jpg\" alt=\"\" class=\"wp-image-6162\" srcset=\"https:\/\/www.netmundi.org\/filosofia\/wp-content\/uploads\/2021\/08\/novalis1.jpg 640w, https:\/\/www.netmundi.org\/filosofia\/wp-content\/uploads\/2021\/08\/novalis1-300x225.jpg 300w, https:\/\/www.netmundi.org\/filosofia\/wp-content\/uploads\/2021\/08\/novalis1-174x131.jpg 174w, https:\/\/www.netmundi.org\/filosofia\/wp-content\/uploads\/2021\/08\/novalis1-70x53.jpg 70w\" sizes=\"auto, (max-width: 640px) 100vw, 640px\" \/><\/a><\/figure>\n\n\n\n<figure class=\"wp-block-image size-full\"><a href=\"https:\/\/www.netmundi.org\/filosofia\/wp-content\/uploads\/2021\/08\/seneca01.jpg\"><img loading=\"lazy\" decoding=\"async\" width=\"640\" height=\"480\" data-id=\"6163\" src=\"https:\/\/www.netmundi.org\/filosofia\/wp-content\/uploads\/2021\/08\/seneca01.jpg\" alt=\"\" class=\"wp-image-6163\" srcset=\"https:\/\/www.netmundi.org\/filosofia\/wp-content\/uploads\/2021\/08\/seneca01.jpg 640w, https:\/\/www.netmundi.org\/filosofia\/wp-content\/uploads\/2021\/08\/seneca01-300x225.jpg 300w, https:\/\/www.netmundi.org\/filosofia\/wp-content\/uploads\/2021\/08\/seneca01-174x131.jpg 174w, https:\/\/www.netmundi.org\/filosofia\/wp-content\/uploads\/2021\/08\/seneca01-70x53.jpg 70w\" sizes=\"auto, (max-width: 640px) 100vw, 640px\" \/><\/a><\/figure>\n\n\n\n<figure class=\"wp-block-image size-full\"><a href=\"https:\/\/www.netmundi.org\/filosofia\/wp-content\/uploads\/2021\/08\/thomas-hobes.jpg\"><img loading=\"lazy\" decoding=\"async\" width=\"640\" height=\"480\" data-id=\"6164\" src=\"https:\/\/www.netmundi.org\/filosofia\/wp-content\/uploads\/2021\/08\/thomas-hobes.jpg\" alt=\"\" class=\"wp-image-6164\" srcset=\"https:\/\/www.netmundi.org\/filosofia\/wp-content\/uploads\/2021\/08\/thomas-hobes.jpg 640w, https:\/\/www.netmundi.org\/filosofia\/wp-content\/uploads\/2021\/08\/thomas-hobes-300x225.jpg 300w, https:\/\/www.netmundi.org\/filosofia\/wp-content\/uploads\/2021\/08\/thomas-hobes-174x131.jpg 174w, https:\/\/www.netmundi.org\/filosofia\/wp-content\/uploads\/2021\/08\/thomas-hobes-70x53.jpg 70w\" sizes=\"auto, (max-width: 640px) 100vw, 640px\" \/><\/a><\/figure>\n\n\n\n<figure class=\"wp-block-image size-full\"><a href=\"https:\/\/www.netmundi.org\/filosofia\/wp-content\/uploads\/2021\/08\/Walter_Benjamim11.jpg\"><img loading=\"lazy\" decoding=\"async\" width=\"640\" height=\"480\" data-id=\"6165\" src=\"https:\/\/www.netmundi.org\/filosofia\/wp-content\/uploads\/2021\/08\/Walter_Benjamim11.jpg\" alt=\"\" class=\"wp-image-6165\" srcset=\"https:\/\/www.netmundi.org\/filosofia\/wp-content\/uploads\/2021\/08\/Walter_Benjamim11.jpg 640w, https:\/\/www.netmundi.org\/filosofia\/wp-content\/uploads\/2021\/08\/Walter_Benjamim11-300x225.jpg 300w, https:\/\/www.netmundi.org\/filosofia\/wp-content\/uploads\/2021\/08\/Walter_Benjamim11-174x131.jpg 174w, https:\/\/www.netmundi.org\/filosofia\/wp-content\/uploads\/2021\/08\/Walter_Benjamim11-70x53.jpg 70w\" sizes=\"auto, (max-width: 640px) 100vw, 640px\" \/><\/a><\/figure>\n\n\n\n<figure class=\"wp-block-image size-full\"><a href=\"https:\/\/www.netmundi.org\/filosofia\/wp-content\/uploads\/2021\/10\/a_vida_secreta_de_walter_mitty_1-1.jpg\"><img loading=\"lazy\" decoding=\"async\" width=\"640\" height=\"317\" data-id=\"6326\" src=\"https:\/\/www.netmundi.org\/filosofia\/wp-content\/uploads\/2021\/10\/a_vida_secreta_de_walter_mitty_1-1.jpg\" alt=\"\" class=\"wp-image-6326\" srcset=\"https:\/\/www.netmundi.org\/filosofia\/wp-content\/uploads\/2021\/10\/a_vida_secreta_de_walter_mitty_1-1.jpg 640w, https:\/\/www.netmundi.org\/filosofia\/wp-content\/uploads\/2021\/10\/a_vida_secreta_de_walter_mitty_1-1-300x149.jpg 300w\" sizes=\"auto, (max-width: 640px) 100vw, 640px\" \/><\/a><\/figure>\n\n\n\n<figure class=\"wp-block-image size-full\"><a href=\"https:\/\/www.netmundi.org\/filosofia\/wp-content\/uploads\/2021\/10\/Augusto_Comte1.jpg\"><img loading=\"lazy\" decoding=\"async\" width=\"640\" height=\"480\" data-id=\"6327\" src=\"https:\/\/www.netmundi.org\/filosofia\/wp-content\/uploads\/2021\/10\/Augusto_Comte1.jpg\" alt=\"\" class=\"wp-image-6327\" srcset=\"https:\/\/www.netmundi.org\/filosofia\/wp-content\/uploads\/2021\/10\/Augusto_Comte1.jpg 640w, https:\/\/www.netmundi.org\/filosofia\/wp-content\/uploads\/2021\/10\/Augusto_Comte1-300x225.jpg 300w, https:\/\/www.netmundi.org\/filosofia\/wp-content\/uploads\/2021\/10\/Augusto_Comte1-174x131.jpg 174w, https:\/\/www.netmundi.org\/filosofia\/wp-content\/uploads\/2021\/10\/Augusto_Comte1-70x53.jpg 70w\" sizes=\"auto, (max-width: 640px) 100vw, 640px\" \/><\/a><\/figure>\n\n\n\n<figure class=\"wp-block-image size-full\"><a href=\"https:\/\/www.netmundi.org\/filosofia\/wp-content\/uploads\/2021\/10\/Schiller01.jpg\"><img loading=\"lazy\" decoding=\"async\" width=\"640\" height=\"480\" data-id=\"6405\" src=\"https:\/\/www.netmundi.org\/filosofia\/wp-content\/uploads\/2021\/10\/Schiller01.jpg\" alt=\"\" class=\"wp-image-6405\" srcset=\"https:\/\/www.netmundi.org\/filosofia\/wp-content\/uploads\/2021\/10\/Schiller01.jpg 640w, https:\/\/www.netmundi.org\/filosofia\/wp-content\/uploads\/2021\/10\/Schiller01-300x225.jpg 300w, https:\/\/www.netmundi.org\/filosofia\/wp-content\/uploads\/2021\/10\/Schiller01-174x131.jpg 174w, https:\/\/www.netmundi.org\/filosofia\/wp-content\/uploads\/2021\/10\/Schiller01-70x53.jpg 70w\" sizes=\"auto, (max-width: 640px) 100vw, 640px\" \/><\/a><\/figure>\n<\/figure>\n\n\n\n<h2 class=\"wp-block-heading\">Navegue pelo netmundi.org<\/h2>\n\n\n\n<hr class=\"wp-block-separator has-css-opacity\"\/>\n\n\n\n<ul class=\"wp-block-list\"><li><a href=\"https:\/\/www.netmundi.org\/filosofia\/category\/filosofia-antiga-2\/\">Filosofia Antiga<\/a><\/li><li><a href=\"https:\/\/www.netmundi.org\/filosofia\/category\/filosofia-medieval-2\/\">Filosofia Medieval<\/a><\/li><li><a href=\"https:\/\/www.netmundi.org\/filosofia\/category\/filosofia-moderna-2\/\">Filosofia Moderna<\/a><\/li><li><a href=\"https:\/\/www.netmundi.org\/filosofia\/category\/filosofia-contemporanea\/\">Filosofia Contempor\u00e2nea<\/a><\/li><li><a href=\"https:\/\/www.netmundi.org\/home\/category\/livros-para-baixar\/\">Livros \u2013 PDF<\/a><\/li><li><a href=\"https:\/\/www.netmundi.org\/home\/category\/musicas\/\">M\u00fasicas cl\u00e1ssicas para ouvir e baixar<\/a><\/li><li><a href=\"https:\/\/www.netmundi.org\/home\/category\/arte\/\">Galeria<\/a><\/li><li><a href=\"https:\/\/www.netmundi.org\/home\/category\/textos-motivacionais\/\">Textos motivacionais<\/a><\/li><li><a href=\"https:\/\/www.netmundi.org\/home\/category\/falacias\/\">Fal\u00e1cias<\/a><\/li><li><a href=\"https:\/\/www.netmundi.org\/home\/category\/cibercultura\/\">Cibercultura<\/a><\/li><li><a href=\"https:\/\/www.netmundi.org\/home\/category\/videos-comentados\/\">Indica\u00e7\u00e3o de v\u00eddeos<\/a><\/li><li><a href=\"https:\/\/www.netmundi.org\/home\/category\/canal-youtube\/\">V\u00eddeos com frases de pensadores<\/a><\/li><li><a href=\"https:\/\/www.netmundi.org\/home\/category\/blog-do-editor\/\">Blog do Editor<\/a><\/li><li><a href=\"http:\/\/www.netmundi.org\/pensamentos\/\">Frases &amp; Imagens de grandes fil\u00f3sofos<\/a><\/li><\/ul>\n\n\n\n<p><\/p>\n\n\n\n<p><\/p>\n\n\n\n<p><\/p>\n","protected":false},"excerpt":{"rendered":"<p>Esta galeria de imagens faz parte do&nbsp;post&nbsp;Frases de Grandes Pensadores. Visite tamb\u00e9m nossa&nbsp;playlist&nbsp;de frases no youtube! Navegue pelo netmundi.org Filosofia AntigaFilosofia MedievalFilosofia ModernaFilosofia Contempor\u00e2neaLivros \u2013 PDFM\u00fasicas cl\u00e1ssicas para ouvir e baixarGaleriaTextos motivacionaisFal\u00e1ciasCiberculturaIndica\u00e7\u00e3o de v\u00eddeosV\u00eddeos com frases de pensadoresBlog do EditorFrases &amp; Imagens de grandes fil\u00f3sofos<\/p>\n","protected":false},"author":1,"featured_media":0,"parent":0,"menu_order":0,"comment_status":"closed","ping_status":"closed","template":"","meta":{"_uf_show_specific_survey":0,"_uf_disable_surveys":false,"footnotes":""},"class_list":["post-6152","page","type-page","status-publish","hentry"],"yoast_head":"<!-- This site is optimized with the Yoast SEO plugin v26.6 - https:\/\/yoast.com\/wordpress\/plugins\/seo\/ -->\n<title>Frases de pensadores (Outros...) - netmundi.org<\/title>\n<meta name=\"description\" content=\"filosofia, sabedoria, conhecimento, s\u00f3crates, plat\u00e3o, arist\u00f3teles, nietzsche, schopenhauer, religi\u00e3o,\" \/>\n<meta name=\"robots\" content=\"index, follow, max-snippet:-1, max-image-preview:large, max-video-preview:-1\" \/>\n<link rel=\"canonical\" href=\"https:\/\/www.netmundi.org\/filosofia\/frases-de-pensadores-outros\/\" \/>\n<meta property=\"og:locale\" content=\"pt_BR\" \/>\n<meta property=\"og:type\" content=\"article\" \/>\n<meta property=\"og:title\" content=\"Frases de pensadores (Outros...) - netmundi.org\" \/>\n<meta property=\"og:description\" content=\"filosofia, sabedoria, conhecimento, s\u00f3crates, plat\u00e3o, arist\u00f3teles, nietzsche, schopenhauer, religi\u00e3o,\" \/>\n<meta property=\"og:url\" content=\"https:\/\/www.netmundi.org\/filosofia\/frases-de-pensadores-outros\/\" \/>\n<meta property=\"og:site_name\" content=\"netmundi.org\" \/>\n<meta property=\"article:modified_time\" content=\"2022-10-22T22:21:26+00:00\" \/>\n<meta property=\"og:image\" content=\"https:\/\/www.netmundi.org\/filosofia\/wp-content\/uploads\/2021\/08\/bertrand_russell01.jpg\" \/>\n<meta name=\"twitter:card\" content=\"summary_large_image\" \/>\n<meta name=\"twitter:label1\" content=\"Est. tempo de leitura\" \/>\n\t<meta name=\"twitter:data1\" content=\"4 minutos\" \/>\n<script type=\"application\/ld+json\" class=\"yoast-schema-graph\">{\"@context\":\"https:\/\/schema.org\",\"@graph\":[{\"@type\":\"WebPage\",\"@id\":\"https:\/\/www.netmundi.org\/filosofia\/frases-de-pensadores-outros\/\",\"url\":\"https:\/\/www.netmundi.org\/filosofia\/frases-de-pensadores-outros\/\",\"name\":\"Frases de pensadores (Outros...) - netmundi.org\",\"isPartOf\":{\"@id\":\"https:\/\/www.netmundi.org\/filosofia\/#website\"},\"primaryImageOfPage\":{\"@id\":\"https:\/\/www.netmundi.org\/filosofia\/frases-de-pensadores-outros\/#primaryimage\"},\"image\":{\"@id\":\"https:\/\/www.netmundi.org\/filosofia\/frases-de-pensadores-outros\/#primaryimage\"},\"thumbnailUrl\":\"https:\/\/www.netmundi.org\/filosofia\/wp-content\/uploads\/2021\/08\/bertrand_russell01.jpg\",\"datePublished\":\"2021-08-02T00:17:55+00:00\",\"dateModified\":\"2022-10-22T22:21:26+00:00\",\"description\":\"filosofia, sabedoria, conhecimento, s\u00f3crates, plat\u00e3o, arist\u00f3teles, nietzsche, schopenhauer, religi\u00e3o,\",\"breadcrumb\":{\"@id\":\"https:\/\/www.netmundi.org\/filosofia\/frases-de-pensadores-outros\/#breadcrumb\"},\"inLanguage\":\"pt-BR\",\"potentialAction\":[{\"@type\":\"ReadAction\",\"target\":[\"https:\/\/www.netmundi.org\/filosofia\/frases-de-pensadores-outros\/\"]}]},{\"@type\":\"ImageObject\",\"inLanguage\":\"pt-BR\",\"@id\":\"https:\/\/www.netmundi.org\/filosofia\/frases-de-pensadores-outros\/#primaryimage\",\"url\":\"https:\/\/www.netmundi.org\/filosofia\/wp-content\/uploads\/2021\/08\/bertrand_russell01.jpg\",\"contentUrl\":\"https:\/\/www.netmundi.org\/filosofia\/wp-content\/uploads\/2021\/08\/bertrand_russell01.jpg\",\"width\":640,\"height\":480},{\"@type\":\"BreadcrumbList\",\"@id\":\"https:\/\/www.netmundi.org\/filosofia\/frases-de-pensadores-outros\/#breadcrumb\",\"itemListElement\":[{\"@type\":\"ListItem\",\"position\":1,\"name\":\"In\u00edcio\",\"item\":\"https:\/\/www.netmundi.org\/filosofia\/\"},{\"@type\":\"ListItem\",\"position\":2,\"name\":\"Frases de pensadores (Outros&#8230;)\"}]},{\"@type\":\"WebSite\",\"@id\":\"https:\/\/www.netmundi.org\/filosofia\/#website\",\"url\":\"https:\/\/www.netmundi.org\/filosofia\/\",\"name\":\"netmundi.org\",\"description\":\"PORTAL DE FILOSOFIA\",\"publisher\":{\"@id\":\"https:\/\/www.netmundi.org\/filosofia\/#\/schema\/person\/65e71bdee08ad5be5445fd4ae9a97056\"},\"potentialAction\":[{\"@type\":\"SearchAction\",\"target\":{\"@type\":\"EntryPoint\",\"urlTemplate\":\"https:\/\/www.netmundi.org\/filosofia\/?s={search_term_string}\"},\"query-input\":{\"@type\":\"PropertyValueSpecification\",\"valueRequired\":true,\"valueName\":\"search_term_string\"}}],\"inLanguage\":\"pt-BR\"},{\"@type\":[\"Person\",\"Organization\"],\"@id\":\"https:\/\/www.netmundi.org\/filosofia\/#\/schema\/person\/65e71bdee08ad5be5445fd4ae9a97056\",\"name\":\"Netmundi.org - Filosofia na Rede\",\"image\":{\"@type\":\"ImageObject\",\"inLanguage\":\"pt-BR\",\"@id\":\"https:\/\/www.netmundi.org\/filosofia\/#\/schema\/person\/image\/\",\"url\":\"https:\/\/secure.gravatar.com\/avatar\/4b425da16797e1bacc1ee50a40075366497cc3dd3e5c4319ef30ca6895d04061?s=96&d=blank&r=g\",\"contentUrl\":\"https:\/\/secure.gravatar.com\/avatar\/4b425da16797e1bacc1ee50a40075366497cc3dd3e5c4319ef30ca6895d04061?s=96&d=blank&r=g\",\"caption\":\"Netmundi.org - Filosofia na Rede\"},\"logo\":{\"@id\":\"https:\/\/www.netmundi.org\/filosofia\/#\/schema\/person\/image\/\"}}]}<\/script>\n<!-- \/ Yoast SEO plugin. -->","yoast_head_json":{"title":"Frases de pensadores (Outros...) - netmundi.org","description":"filosofia, sabedoria, conhecimento, s\u00f3crates, plat\u00e3o, arist\u00f3teles, nietzsche, schopenhauer, religi\u00e3o,","robots":{"index":"index","follow":"follow","max-snippet":"max-snippet:-1","max-image-preview":"max-image-preview:large","max-video-preview":"max-video-preview:-1"},"canonical":"https:\/\/www.netmundi.org\/filosofia\/frases-de-pensadores-outros\/","og_locale":"pt_BR","og_type":"article","og_title":"Frases de pensadores (Outros...) - netmundi.org","og_description":"filosofia, sabedoria, conhecimento, s\u00f3crates, plat\u00e3o, arist\u00f3teles, nietzsche, schopenhauer, religi\u00e3o,","og_url":"https:\/\/www.netmundi.org\/filosofia\/frases-de-pensadores-outros\/","og_site_name":"netmundi.org","article_modified_time":"2022-10-22T22:21:26+00:00","og_image":[{"url":"https:\/\/www.netmundi.org\/filosofia\/wp-content\/uploads\/2021\/08\/bertrand_russell01.jpg","type":"","width":"","height":""}],"twitter_card":"summary_large_image","twitter_misc":{"Est. tempo de leitura":"4 minutos"},"schema":{"@context":"https:\/\/schema.org","@graph":[{"@type":"WebPage","@id":"https:\/\/www.netmundi.org\/filosofia\/frases-de-pensadores-outros\/","url":"https:\/\/www.netmundi.org\/filosofia\/frases-de-pensadores-outros\/","name":"Frases de pensadores (Outros...) - netmundi.org","isPartOf":{"@id":"https:\/\/www.netmundi.org\/filosofia\/#website"},"primaryImageOfPage":{"@id":"https:\/\/www.netmundi.org\/filosofia\/frases-de-pensadores-outros\/#primaryimage"},"image":{"@id":"https:\/\/www.netmundi.org\/filosofia\/frases-de-pensadores-outros\/#primaryimage"},"thumbnailUrl":"https:\/\/www.netmundi.org\/filosofia\/wp-content\/uploads\/2021\/08\/bertrand_russell01.jpg","datePublished":"2021-08-02T00:17:55+00:00","dateModified":"2022-10-22T22:21:26+00:00","description":"filosofia, sabedoria, conhecimento, s\u00f3crates, plat\u00e3o, arist\u00f3teles, nietzsche, schopenhauer, religi\u00e3o,","breadcrumb":{"@id":"https:\/\/www.netmundi.org\/filosofia\/frases-de-pensadores-outros\/#breadcrumb"},"inLanguage":"pt-BR","potentialAction":[{"@type":"ReadAction","target":["https:\/\/www.netmundi.org\/filosofia\/frases-de-pensadores-outros\/"]}]},{"@type":"ImageObject","inLanguage":"pt-BR","@id":"https:\/\/www.netmundi.org\/filosofia\/frases-de-pensadores-outros\/#primaryimage","url":"https:\/\/www.netmundi.org\/filosofia\/wp-content\/uploads\/2021\/08\/bertrand_russell01.jpg","contentUrl":"https:\/\/www.netmundi.org\/filosofia\/wp-content\/uploads\/2021\/08\/bertrand_russell01.jpg","width":640,"height":480},{"@type":"BreadcrumbList","@id":"https:\/\/www.netmundi.org\/filosofia\/frases-de-pensadores-outros\/#breadcrumb","itemListElement":[{"@type":"ListItem","position":1,"name":"In\u00edcio","item":"https:\/\/www.netmundi.org\/filosofia\/"},{"@type":"ListItem","position":2,"name":"Frases de pensadores (Outros&#8230;)"}]},{"@type":"WebSite","@id":"https:\/\/www.netmundi.org\/filosofia\/#website","url":"https:\/\/www.netmundi.org\/filosofia\/","name":"netmundi.org","description":"PORTAL DE FILOSOFIA","publisher":{"@id":"https:\/\/www.netmundi.org\/filosofia\/#\/schema\/person\/65e71bdee08ad5be5445fd4ae9a97056"},"potentialAction":[{"@type":"SearchAction","target":{"@type":"EntryPoint","urlTemplate":"https:\/\/www.netmundi.org\/filosofia\/?s={search_term_string}"},"query-input":{"@type":"PropertyValueSpecification","valueRequired":true,"valueName":"search_term_string"}}],"inLanguage":"pt-BR"},{"@type":["Person","Organization"],"@id":"https:\/\/www.netmundi.org\/filosofia\/#\/schema\/person\/65e71bdee08ad5be5445fd4ae9a97056","name":"Netmundi.org - Filosofia na Rede","image":{"@type":"ImageObject","inLanguage":"pt-BR","@id":"https:\/\/www.netmundi.org\/filosofia\/#\/schema\/person\/image\/","url":"https:\/\/secure.gravatar.com\/avatar\/4b425da16797e1bacc1ee50a40075366497cc3dd3e5c4319ef30ca6895d04061?s=96&d=blank&r=g","contentUrl":"https:\/\/secure.gravatar.com\/avatar\/4b425da16797e1bacc1ee50a40075366497cc3dd3e5c4319ef30ca6895d04061?s=96&d=blank&r=g","caption":"Netmundi.org - Filosofia na Rede"},"logo":{"@id":"https:\/\/www.netmundi.org\/filosofia\/#\/schema\/person\/image\/"}}]}},"amp_enabled":true,"_links":{"self":[{"href":"https:\/\/www.netmundi.org\/filosofia\/wp-json\/wp\/v2\/pages\/6152","targetHints":{"allow":["GET"]}}],"collection":[{"href":"https:\/\/www.netmundi.org\/filosofia\/wp-json\/wp\/v2\/pages"}],"about":[{"href":"https:\/\/www.netmundi.org\/filosofia\/wp-json\/wp\/v2\/types\/page"}],"author":[{"embeddable":true,"href":"https:\/\/www.netmundi.org\/filosofia\/wp-json\/wp\/v2\/users\/1"}],"replies":[{"embeddable":true,"href":"https:\/\/www.netmundi.org\/filosofia\/wp-json\/wp\/v2\/comments?post=6152"}],"version-history":[{"count":8,"href":"https:\/\/www.netmundi.org\/filosofia\/wp-json\/wp\/v2\/pages\/6152\/revisions"}],"predecessor-version":[{"id":7786,"href":"https:\/\/www.netmundi.org\/filosofia\/wp-json\/wp\/v2\/pages\/6152\/revisions\/7786"}],"wp:attachment":[{"href":"https:\/\/www.netmundi.org\/filosofia\/wp-json\/wp\/v2\/media?parent=6152"}],"curies":[{"name":"wp","href":"https:\/\/api.w.org\/{rel}","templated":true}]}}