{"id":6007,"date":"2021-08-01T00:56:09","date_gmt":"2021-08-01T00:56:09","guid":{"rendered":"https:\/\/www.netmundi.org\/filosofia\/?page_id=6007"},"modified":"2021-11-29T21:50:18","modified_gmt":"2021-11-29T21:50:18","slug":"peter-singer-1946","status":"publish","type":"page","link":"https:\/\/www.netmundi.org\/filosofia\/peter-singer-1946\/","title":{"rendered":"Peter Singer (1946-)"},"content":{"rendered":"\n<h3 class=\"wp-block-heading\">Esta galeria de imagens faz parte do\u00a0<em>post\u00a0<\/em><strong><a href=\"https:\/\/www.netmundi.org\/filosofia\/2021\/frases-de-grandes-pensadores\/\">Frases de Grandes Pensadores<\/a><\/strong>.  <strong>Visite tamb\u00e9m nossa\u00a0<\/strong><a href=\"https:\/\/youtube.com\/playlist?list=PLala6p2UrtOkusmCPjPZRu3P0diq8MbpA\" target=\"_blank\" rel=\"noreferrer noopener\"><strong><em>playlist<\/em>\u00a0de frases no youtube<\/strong>!<\/a> <\/h3>\n\n\n\n<hr class=\"wp-block-separator\"\/>\n\n\n\n<figure class=\"wp-block-gallery columns-1 is-cropped wp-block-gallery-1 is-layout-flex wp-block-gallery-is-layout-flex\"><ul class=\"blocks-gallery-grid\"><li class=\"blocks-gallery-item\"><figure><a href=\"https:\/\/www.netmundi.org\/filosofia\/wp-content\/uploads\/2021\/08\/peter_singer01.jpg\"><img loading=\"lazy\" decoding=\"async\" width=\"640\" height=\"480\" src=\"https:\/\/www.netmundi.org\/filosofia\/wp-content\/uploads\/2021\/08\/peter_singer01.jpg\" alt=\"\" data-id=\"6008\" data-full-url=\"https:\/\/www.netmundi.org\/filosofia\/wp-content\/uploads\/2021\/08\/peter_singer01.jpg\" data-link=\"https:\/\/www.netmundi.org\/filosofia\/?attachment_id=6008\" class=\"wp-image-6008\" srcset=\"https:\/\/www.netmundi.org\/filosofia\/wp-content\/uploads\/2021\/08\/peter_singer01.jpg 640w, https:\/\/www.netmundi.org\/filosofia\/wp-content\/uploads\/2021\/08\/peter_singer01-300x225.jpg 300w, https:\/\/www.netmundi.org\/filosofia\/wp-content\/uploads\/2021\/08\/peter_singer01-174x131.jpg 174w, https:\/\/www.netmundi.org\/filosofia\/wp-content\/uploads\/2021\/08\/peter_singer01-70x53.jpg 70w\" sizes=\"auto, (max-width: 640px) 100vw, 640px\" \/><\/a><\/figure><\/li><li class=\"blocks-gallery-item\"><figure><a href=\"https:\/\/www.netmundi.org\/filosofia\/wp-content\/uploads\/2021\/08\/peter_singer02.jpg\"><img loading=\"lazy\" decoding=\"async\" width=\"640\" height=\"480\" src=\"https:\/\/www.netmundi.org\/filosofia\/wp-content\/uploads\/2021\/08\/peter_singer02.jpg\" alt=\"\" data-id=\"6009\" data-full-url=\"https:\/\/www.netmundi.org\/filosofia\/wp-content\/uploads\/2021\/08\/peter_singer02.jpg\" data-link=\"https:\/\/www.netmundi.org\/filosofia\/?attachment_id=6009\" class=\"wp-image-6009\" srcset=\"https:\/\/www.netmundi.org\/filosofia\/wp-content\/uploads\/2021\/08\/peter_singer02.jpg 640w, https:\/\/www.netmundi.org\/filosofia\/wp-content\/uploads\/2021\/08\/peter_singer02-300x225.jpg 300w, https:\/\/www.netmundi.org\/filosofia\/wp-content\/uploads\/2021\/08\/peter_singer02-174x131.jpg 174w, https:\/\/www.netmundi.org\/filosofia\/wp-content\/uploads\/2021\/08\/peter_singer02-70x53.jpg 70w\" sizes=\"auto, (max-width: 640px) 100vw, 640px\" \/><\/a><\/figure><\/li><li class=\"blocks-gallery-item\"><figure><a href=\"https:\/\/www.netmundi.org\/filosofia\/wp-content\/uploads\/2021\/08\/peter_singer03.jpg\"><img loading=\"lazy\" decoding=\"async\" width=\"640\" height=\"480\" src=\"https:\/\/www.netmundi.org\/filosofia\/wp-content\/uploads\/2021\/08\/peter_singer03.jpg\" alt=\"\" data-id=\"6010\" data-full-url=\"https:\/\/www.netmundi.org\/filosofia\/wp-content\/uploads\/2021\/08\/peter_singer03.jpg\" data-link=\"https:\/\/www.netmundi.org\/filosofia\/?attachment_id=6010\" class=\"wp-image-6010\" srcset=\"https:\/\/www.netmundi.org\/filosofia\/wp-content\/uploads\/2021\/08\/peter_singer03.jpg 640w, https:\/\/www.netmundi.org\/filosofia\/wp-content\/uploads\/2021\/08\/peter_singer03-300x225.jpg 300w, https:\/\/www.netmundi.org\/filosofia\/wp-content\/uploads\/2021\/08\/peter_singer03-174x131.jpg 174w, https:\/\/www.netmundi.org\/filosofia\/wp-content\/uploads\/2021\/08\/peter_singer03-70x53.jpg 70w\" sizes=\"auto, (max-width: 640px) 100vw, 640px\" \/><\/a><\/figure><\/li><li class=\"blocks-gallery-item\"><figure><a href=\"https:\/\/www.netmundi.org\/filosofia\/wp-content\/uploads\/2021\/08\/peter_singer04.jpg\"><img loading=\"lazy\" decoding=\"async\" width=\"640\" height=\"480\" src=\"https:\/\/www.netmundi.org\/filosofia\/wp-content\/uploads\/2021\/08\/peter_singer04.jpg\" alt=\"\" data-id=\"6011\" data-full-url=\"https:\/\/www.netmundi.org\/filosofia\/wp-content\/uploads\/2021\/08\/peter_singer04.jpg\" data-link=\"https:\/\/www.netmundi.org\/filosofia\/?attachment_id=6011\" class=\"wp-image-6011\" srcset=\"https:\/\/www.netmundi.org\/filosofia\/wp-content\/uploads\/2021\/08\/peter_singer04.jpg 640w, https:\/\/www.netmundi.org\/filosofia\/wp-content\/uploads\/2021\/08\/peter_singer04-300x225.jpg 300w, https:\/\/www.netmundi.org\/filosofia\/wp-content\/uploads\/2021\/08\/peter_singer04-174x131.jpg 174w, https:\/\/www.netmundi.org\/filosofia\/wp-content\/uploads\/2021\/08\/peter_singer04-70x53.jpg 70w\" sizes=\"auto, (max-width: 640px) 100vw, 640px\" \/><\/a><\/figure><\/li><li class=\"blocks-gallery-item\"><figure><a href=\"https:\/\/www.netmundi.org\/filosofia\/wp-content\/uploads\/2021\/08\/peter_singer05.jpg\"><img loading=\"lazy\" decoding=\"async\" width=\"640\" height=\"480\" src=\"https:\/\/www.netmundi.org\/filosofia\/wp-content\/uploads\/2021\/08\/peter_singer05.jpg\" alt=\"\" data-id=\"6012\" data-full-url=\"https:\/\/www.netmundi.org\/filosofia\/wp-content\/uploads\/2021\/08\/peter_singer05.jpg\" data-link=\"https:\/\/www.netmundi.org\/filosofia\/?attachment_id=6012\" class=\"wp-image-6012\" srcset=\"https:\/\/www.netmundi.org\/filosofia\/wp-content\/uploads\/2021\/08\/peter_singer05.jpg 640w, https:\/\/www.netmundi.org\/filosofia\/wp-content\/uploads\/2021\/08\/peter_singer05-300x225.jpg 300w, https:\/\/www.netmundi.org\/filosofia\/wp-content\/uploads\/2021\/08\/peter_singer05-174x131.jpg 174w, https:\/\/www.netmundi.org\/filosofia\/wp-content\/uploads\/2021\/08\/peter_singer05-70x53.jpg 70w\" sizes=\"auto, (max-width: 640px) 100vw, 640px\" \/><\/a><\/figure><\/li><li class=\"blocks-gallery-item\"><figure><a href=\"https:\/\/www.netmundi.org\/filosofia\/wp-content\/uploads\/2021\/08\/peter_singer06.jpg\"><img loading=\"lazy\" decoding=\"async\" width=\"640\" height=\"480\" src=\"https:\/\/www.netmundi.org\/filosofia\/wp-content\/uploads\/2021\/08\/peter_singer06.jpg\" alt=\"\" data-id=\"6013\" data-full-url=\"https:\/\/www.netmundi.org\/filosofia\/wp-content\/uploads\/2021\/08\/peter_singer06.jpg\" data-link=\"https:\/\/www.netmundi.org\/filosofia\/?attachment_id=6013\" class=\"wp-image-6013\" srcset=\"https:\/\/www.netmundi.org\/filosofia\/wp-content\/uploads\/2021\/08\/peter_singer06.jpg 640w, https:\/\/www.netmundi.org\/filosofia\/wp-content\/uploads\/2021\/08\/peter_singer06-300x225.jpg 300w, https:\/\/www.netmundi.org\/filosofia\/wp-content\/uploads\/2021\/08\/peter_singer06-174x131.jpg 174w, https:\/\/www.netmundi.org\/filosofia\/wp-content\/uploads\/2021\/08\/peter_singer06-70x53.jpg 70w\" sizes=\"auto, (max-width: 640px) 100vw, 640px\" \/><\/a><\/figure><\/li><li class=\"blocks-gallery-item\"><figure><a href=\"https:\/\/www.netmundi.org\/filosofia\/wp-content\/uploads\/2021\/08\/peter_singer07.jpg\"><img loading=\"lazy\" decoding=\"async\" width=\"640\" height=\"480\" src=\"https:\/\/www.netmundi.org\/filosofia\/wp-content\/uploads\/2021\/08\/peter_singer07.jpg\" alt=\"\" data-id=\"6014\" data-full-url=\"https:\/\/www.netmundi.org\/filosofia\/wp-content\/uploads\/2021\/08\/peter_singer07.jpg\" data-link=\"https:\/\/www.netmundi.org\/filosofia\/?attachment_id=6014\" class=\"wp-image-6014\" srcset=\"https:\/\/www.netmundi.org\/filosofia\/wp-content\/uploads\/2021\/08\/peter_singer07.jpg 640w, https:\/\/www.netmundi.org\/filosofia\/wp-content\/uploads\/2021\/08\/peter_singer07-300x225.jpg 300w, https:\/\/www.netmundi.org\/filosofia\/wp-content\/uploads\/2021\/08\/peter_singer07-174x131.jpg 174w, https:\/\/www.netmundi.org\/filosofia\/wp-content\/uploads\/2021\/08\/peter_singer07-70x53.jpg 70w\" sizes=\"auto, (max-width: 640px) 100vw, 640px\" \/><\/a><\/figure><\/li><\/ul><\/figure>\n\n\n\n<h2 class=\"wp-block-heading\">Navegue pelo netmundi.org<\/h2>\n\n\n\n<hr class=\"wp-block-separator\"\/>\n\n\n\n<ul class=\"wp-block-list\"><li><a href=\"https:\/\/www.netmundi.org\/filosofia\/category\/filosofia-antiga-2\/\">Filosofia Antiga<\/a><\/li><li><a href=\"https:\/\/www.netmundi.org\/filosofia\/category\/filosofia-medieval-2\/\">Filosofia Medieval<\/a><\/li><li><a href=\"https:\/\/www.netmundi.org\/filosofia\/category\/filosofia-moderna-2\/\">Filosofia Moderna<\/a><\/li><li><a href=\"https:\/\/www.netmundi.org\/filosofia\/category\/filosofia-contemporanea\/\">Filosofia Contempor\u00e2nea<\/a><\/li><li><a href=\"https:\/\/www.netmundi.org\/home\/category\/livros-para-baixar\/\">Livros \u2013 PDF<\/a><\/li><li><a href=\"https:\/\/www.netmundi.org\/home\/category\/musicas\/\">M\u00fasicas cl\u00e1ssicas para ouvir e baixar<\/a><\/li><li><a href=\"https:\/\/www.netmundi.org\/home\/category\/arte\/\">Galeria<\/a><\/li><li><a href=\"https:\/\/www.netmundi.org\/home\/category\/textos-motivacionais\/\">Textos motivacionais<\/a><\/li><li><a href=\"https:\/\/www.netmundi.org\/home\/category\/falacias\/\">Fal\u00e1cias<\/a><\/li><li><a href=\"https:\/\/www.netmundi.org\/home\/category\/cibercultura\/\">Cibercultura<\/a><\/li><li><a href=\"https:\/\/www.netmundi.org\/home\/category\/videos-comentados\/\">Indica\u00e7\u00e3o de v\u00eddeos<\/a><\/li><li><a href=\"https:\/\/www.netmundi.org\/home\/category\/canal-youtube\/\">V\u00eddeos com frases de pensadores<\/a><\/li><li><a href=\"https:\/\/www.netmundi.org\/home\/category\/blog-do-editor\/\">Blog do Editor<\/a><\/li><li><a href=\"http:\/\/www.netmundi.org\/pensamentos\/\">Frases &amp; Imagens de grandes fil\u00f3sofos<\/a><\/li><\/ul>\n\n\n\n<p><\/p>\n\n\n\n<p><\/p>\n","protected":false},"excerpt":{"rendered":"<p>Esta galeria de imagens faz parte do\u00a0post\u00a0Frases de Grandes Pensadores. Visite tamb\u00e9m nossa\u00a0playlist\u00a0de frases no youtube! Navegue pelo netmundi.org Filosofia AntigaFilosofia MedievalFilosofia ModernaFilosofia Contempor\u00e2neaLivros \u2013 PDFM\u00fasicas cl\u00e1ssicas para ouvir e baixarGaleriaTextos motivacionaisFal\u00e1ciasCiberculturaIndica\u00e7\u00e3o de v\u00eddeosV\u00eddeos com frases de pensadoresBlog do EditorFrases &amp; Imagens de grandes fil\u00f3sofos<\/p>\n","protected":false},"author":1,"featured_media":0,"parent":0,"menu_order":0,"comment_status":"closed","ping_status":"closed","template":"","meta":{"_uf_show_specific_survey":0,"_uf_disable_surveys":false,"footnotes":""},"class_list":["post-6007","page","type-page","status-publish","hentry"],"yoast_head":"<!-- This site is optimized with the Yoast SEO plugin v26.6 - https:\/\/yoast.com\/wordpress\/plugins\/seo\/ -->\n<title>Peter Singer (1946-) - netmundi.org<\/title>\n<meta name=\"description\" content=\"filosofia, sabedoria, conhecimento, s\u00f3crates, plat\u00e3o, arist\u00f3teles, nietzsche, schopenhauer, religi\u00e3o,\" \/>\n<meta name=\"robots\" content=\"index, follow, max-snippet:-1, max-image-preview:large, max-video-preview:-1\" \/>\n<link rel=\"canonical\" href=\"https:\/\/www.netmundi.org\/filosofia\/peter-singer-1946\/\" \/>\n<meta property=\"og:locale\" content=\"pt_BR\" \/>\n<meta property=\"og:type\" content=\"article\" \/>\n<meta property=\"og:title\" content=\"Peter Singer (1946-) - netmundi.org\" \/>\n<meta property=\"og:description\" content=\"filosofia, sabedoria, conhecimento, s\u00f3crates, plat\u00e3o, arist\u00f3teles, nietzsche, schopenhauer, religi\u00e3o,\" \/>\n<meta property=\"og:url\" content=\"https:\/\/www.netmundi.org\/filosofia\/peter-singer-1946\/\" \/>\n<meta property=\"og:site_name\" content=\"netmundi.org\" \/>\n<meta property=\"article:modified_time\" content=\"2021-11-29T21:50:18+00:00\" \/>\n<meta property=\"og:image\" content=\"https:\/\/www.netmundi.org\/filosofia\/wp-content\/uploads\/2021\/08\/peter_singer01.jpg\" \/>\n<meta name=\"twitter:card\" content=\"summary_large_image\" \/>\n<meta name=\"twitter:label1\" content=\"Est. tempo de leitura\" \/>\n\t<meta name=\"twitter:data1\" content=\"2 minutos\" \/>\n<script type=\"application\/ld+json\" class=\"yoast-schema-graph\">{\"@context\":\"https:\/\/schema.org\",\"@graph\":[{\"@type\":\"WebPage\",\"@id\":\"https:\/\/www.netmundi.org\/filosofia\/peter-singer-1946\/\",\"url\":\"https:\/\/www.netmundi.org\/filosofia\/peter-singer-1946\/\",\"name\":\"Peter Singer (1946-) - netmundi.org\",\"isPartOf\":{\"@id\":\"https:\/\/www.netmundi.org\/filosofia\/#website\"},\"primaryImageOfPage\":{\"@id\":\"https:\/\/www.netmundi.org\/filosofia\/peter-singer-1946\/#primaryimage\"},\"image\":{\"@id\":\"https:\/\/www.netmundi.org\/filosofia\/peter-singer-1946\/#primaryimage\"},\"thumbnailUrl\":\"https:\/\/www.netmundi.org\/filosofia\/wp-content\/uploads\/2021\/08\/peter_singer01.jpg\",\"datePublished\":\"2021-08-01T00:56:09+00:00\",\"dateModified\":\"2021-11-29T21:50:18+00:00\",\"description\":\"filosofia, sabedoria, conhecimento, s\u00f3crates, plat\u00e3o, arist\u00f3teles, nietzsche, schopenhauer, religi\u00e3o,\",\"breadcrumb\":{\"@id\":\"https:\/\/www.netmundi.org\/filosofia\/peter-singer-1946\/#breadcrumb\"},\"inLanguage\":\"pt-BR\",\"potentialAction\":[{\"@type\":\"ReadAction\",\"target\":[\"https:\/\/www.netmundi.org\/filosofia\/peter-singer-1946\/\"]}]},{\"@type\":\"ImageObject\",\"inLanguage\":\"pt-BR\",\"@id\":\"https:\/\/www.netmundi.org\/filosofia\/peter-singer-1946\/#primaryimage\",\"url\":\"https:\/\/www.netmundi.org\/filosofia\/wp-content\/uploads\/2021\/08\/peter_singer01.jpg\",\"contentUrl\":\"https:\/\/www.netmundi.org\/filosofia\/wp-content\/uploads\/2021\/08\/peter_singer01.jpg\",\"width\":640,\"height\":480},{\"@type\":\"BreadcrumbList\",\"@id\":\"https:\/\/www.netmundi.org\/filosofia\/peter-singer-1946\/#breadcrumb\",\"itemListElement\":[{\"@type\":\"ListItem\",\"position\":1,\"name\":\"In\u00edcio\",\"item\":\"https:\/\/www.netmundi.org\/filosofia\/\"},{\"@type\":\"ListItem\",\"position\":2,\"name\":\"Peter Singer (1946-)\"}]},{\"@type\":\"WebSite\",\"@id\":\"https:\/\/www.netmundi.org\/filosofia\/#website\",\"url\":\"https:\/\/www.netmundi.org\/filosofia\/\",\"name\":\"netmundi.org\",\"description\":\"PORTAL DE FILOSOFIA\",\"publisher\":{\"@id\":\"https:\/\/www.netmundi.org\/filosofia\/#\/schema\/person\/65e71bdee08ad5be5445fd4ae9a97056\"},\"potentialAction\":[{\"@type\":\"SearchAction\",\"target\":{\"@type\":\"EntryPoint\",\"urlTemplate\":\"https:\/\/www.netmundi.org\/filosofia\/?s={search_term_string}\"},\"query-input\":{\"@type\":\"PropertyValueSpecification\",\"valueRequired\":true,\"valueName\":\"search_term_string\"}}],\"inLanguage\":\"pt-BR\"},{\"@type\":[\"Person\",\"Organization\"],\"@id\":\"https:\/\/www.netmundi.org\/filosofia\/#\/schema\/person\/65e71bdee08ad5be5445fd4ae9a97056\",\"name\":\"Netmundi.org - Filosofia na Rede\",\"image\":{\"@type\":\"ImageObject\",\"inLanguage\":\"pt-BR\",\"@id\":\"https:\/\/www.netmundi.org\/filosofia\/#\/schema\/person\/image\/\",\"url\":\"https:\/\/secure.gravatar.com\/avatar\/4b425da16797e1bacc1ee50a40075366497cc3dd3e5c4319ef30ca6895d04061?s=96&d=blank&r=g\",\"contentUrl\":\"https:\/\/secure.gravatar.com\/avatar\/4b425da16797e1bacc1ee50a40075366497cc3dd3e5c4319ef30ca6895d04061?s=96&d=blank&r=g\",\"caption\":\"Netmundi.org - Filosofia na Rede\"},\"logo\":{\"@id\":\"https:\/\/www.netmundi.org\/filosofia\/#\/schema\/person\/image\/\"}}]}<\/script>\n<!-- \/ Yoast SEO plugin. -->","yoast_head_json":{"title":"Peter Singer (1946-) - netmundi.org","description":"filosofia, sabedoria, conhecimento, s\u00f3crates, plat\u00e3o, arist\u00f3teles, nietzsche, schopenhauer, religi\u00e3o,","robots":{"index":"index","follow":"follow","max-snippet":"max-snippet:-1","max-image-preview":"max-image-preview:large","max-video-preview":"max-video-preview:-1"},"canonical":"https:\/\/www.netmundi.org\/filosofia\/peter-singer-1946\/","og_locale":"pt_BR","og_type":"article","og_title":"Peter Singer (1946-) - netmundi.org","og_description":"filosofia, sabedoria, conhecimento, s\u00f3crates, plat\u00e3o, arist\u00f3teles, nietzsche, schopenhauer, religi\u00e3o,","og_url":"https:\/\/www.netmundi.org\/filosofia\/peter-singer-1946\/","og_site_name":"netmundi.org","article_modified_time":"2021-11-29T21:50:18+00:00","og_image":[{"url":"https:\/\/www.netmundi.org\/filosofia\/wp-content\/uploads\/2021\/08\/peter_singer01.jpg","type":"","width":"","height":""}],"twitter_card":"summary_large_image","twitter_misc":{"Est. tempo de leitura":"2 minutos"},"schema":{"@context":"https:\/\/schema.org","@graph":[{"@type":"WebPage","@id":"https:\/\/www.netmundi.org\/filosofia\/peter-singer-1946\/","url":"https:\/\/www.netmundi.org\/filosofia\/peter-singer-1946\/","name":"Peter Singer (1946-) - netmundi.org","isPartOf":{"@id":"https:\/\/www.netmundi.org\/filosofia\/#website"},"primaryImageOfPage":{"@id":"https:\/\/www.netmundi.org\/filosofia\/peter-singer-1946\/#primaryimage"},"image":{"@id":"https:\/\/www.netmundi.org\/filosofia\/peter-singer-1946\/#primaryimage"},"thumbnailUrl":"https:\/\/www.netmundi.org\/filosofia\/wp-content\/uploads\/2021\/08\/peter_singer01.jpg","datePublished":"2021-08-01T00:56:09+00:00","dateModified":"2021-11-29T21:50:18+00:00","description":"filosofia, sabedoria, conhecimento, s\u00f3crates, plat\u00e3o, arist\u00f3teles, nietzsche, schopenhauer, religi\u00e3o,","breadcrumb":{"@id":"https:\/\/www.netmundi.org\/filosofia\/peter-singer-1946\/#breadcrumb"},"inLanguage":"pt-BR","potentialAction":[{"@type":"ReadAction","target":["https:\/\/www.netmundi.org\/filosofia\/peter-singer-1946\/"]}]},{"@type":"ImageObject","inLanguage":"pt-BR","@id":"https:\/\/www.netmundi.org\/filosofia\/peter-singer-1946\/#primaryimage","url":"https:\/\/www.netmundi.org\/filosofia\/wp-content\/uploads\/2021\/08\/peter_singer01.jpg","contentUrl":"https:\/\/www.netmundi.org\/filosofia\/wp-content\/uploads\/2021\/08\/peter_singer01.jpg","width":640,"height":480},{"@type":"BreadcrumbList","@id":"https:\/\/www.netmundi.org\/filosofia\/peter-singer-1946\/#breadcrumb","itemListElement":[{"@type":"ListItem","position":1,"name":"In\u00edcio","item":"https:\/\/www.netmundi.org\/filosofia\/"},{"@type":"ListItem","position":2,"name":"Peter Singer (1946-)"}]},{"@type":"WebSite","@id":"https:\/\/www.netmundi.org\/filosofia\/#website","url":"https:\/\/www.netmundi.org\/filosofia\/","name":"netmundi.org","description":"PORTAL DE FILOSOFIA","publisher":{"@id":"https:\/\/www.netmundi.org\/filosofia\/#\/schema\/person\/65e71bdee08ad5be5445fd4ae9a97056"},"potentialAction":[{"@type":"SearchAction","target":{"@type":"EntryPoint","urlTemplate":"https:\/\/www.netmundi.org\/filosofia\/?s={search_term_string}"},"query-input":{"@type":"PropertyValueSpecification","valueRequired":true,"valueName":"search_term_string"}}],"inLanguage":"pt-BR"},{"@type":["Person","Organization"],"@id":"https:\/\/www.netmundi.org\/filosofia\/#\/schema\/person\/65e71bdee08ad5be5445fd4ae9a97056","name":"Netmundi.org - Filosofia na Rede","image":{"@type":"ImageObject","inLanguage":"pt-BR","@id":"https:\/\/www.netmundi.org\/filosofia\/#\/schema\/person\/image\/","url":"https:\/\/secure.gravatar.com\/avatar\/4b425da16797e1bacc1ee50a40075366497cc3dd3e5c4319ef30ca6895d04061?s=96&d=blank&r=g","contentUrl":"https:\/\/secure.gravatar.com\/avatar\/4b425da16797e1bacc1ee50a40075366497cc3dd3e5c4319ef30ca6895d04061?s=96&d=blank&r=g","caption":"Netmundi.org - Filosofia na Rede"},"logo":{"@id":"https:\/\/www.netmundi.org\/filosofia\/#\/schema\/person\/image\/"}}]}},"amp_enabled":true,"_links":{"self":[{"href":"https:\/\/www.netmundi.org\/filosofia\/wp-json\/wp\/v2\/pages\/6007","targetHints":{"allow":["GET"]}}],"collection":[{"href":"https:\/\/www.netmundi.org\/filosofia\/wp-json\/wp\/v2\/pages"}],"about":[{"href":"https:\/\/www.netmundi.org\/filosofia\/wp-json\/wp\/v2\/types\/page"}],"author":[{"embeddable":true,"href":"https:\/\/www.netmundi.org\/filosofia\/wp-json\/wp\/v2\/users\/1"}],"replies":[{"embeddable":true,"href":"https:\/\/www.netmundi.org\/filosofia\/wp-json\/wp\/v2\/comments?post=6007"}],"version-history":[{"count":2,"href":"https:\/\/www.netmundi.org\/filosofia\/wp-json\/wp\/v2\/pages\/6007\/revisions"}],"predecessor-version":[{"id":6590,"href":"https:\/\/www.netmundi.org\/filosofia\/wp-json\/wp\/v2\/pages\/6007\/revisions\/6590"}],"wp:attachment":[{"href":"https:\/\/www.netmundi.org\/filosofia\/wp-json\/wp\/v2\/media?parent=6007"}],"curies":[{"name":"wp","href":"https:\/\/api.w.org\/{rel}","templated":true}]}}