{"id":135,"date":"2011-03-29T02:22:59","date_gmt":"2011-03-29T02:22:59","guid":{"rendered":"http:\/\/www.netmundi.org\/cibercultura\/?page_id=135"},"modified":"2014-02-16T02:15:13","modified_gmt":"2014-02-16T02:15:13","slug":"sobre","status":"publish","type":"page","link":"https:\/\/www.netmundi.org\/cibercultura\/sobre\/","title":{"rendered":"Sobre"},"content":{"rendered":"<div id=\"attachment_1193\" style=\"width: 310px\" class=\"wp-caption alignleft\"><a href=\"http:\/\/www.netmundi.org\/cibercultura\/wp-content\/uploads\/2011\/03\/pierre-levy.png\"><img loading=\"lazy\" decoding=\"async\" aria-describedby=\"caption-attachment-1193\" class=\"size-medium wp-image-1193\" alt=\"pierre-levy\" src=\"http:\/\/www.netmundi.org\/cibercultura\/wp-content\/uploads\/2011\/03\/pierre-levy-300x171.png\" width=\"300\" height=\"171\" srcset=\"https:\/\/www.netmundi.org\/cibercultura\/wp-content\/uploads\/2011\/03\/pierre-levy-300x171.png 300w, https:\/\/www.netmundi.org\/cibercultura\/wp-content\/uploads\/2011\/03\/pierre-levy-1024x586.png 1024w, https:\/\/www.netmundi.org\/cibercultura\/wp-content\/uploads\/2011\/03\/pierre-levy.png 1141w\" sizes=\"auto, (max-width: 300px) 100vw, 300px\" \/><\/a><p id=\"caption-attachment-1193\" class=\"wp-caption-text\">Em 24\/06\/2013, o fil\u00f3sofo da informa\u00e7\u00e3o Pierre L\u00e9vy indicou o meu texto &#8220;O Brasil e a Ciberdemocracia&#8221;. Com isso acredito que o blog est\u00e1 alinhado com as ideias do fil\u00f3sofo que motivou a cria\u00e7\u00e3o deste blog.<\/p><\/div>\n<p>Cibercultura \u00e9 um tema complexo. Os que decidem pesquisar e estudar o assunto geralmente encontram textos rebuscados e voltados para o meio acad\u00eamico. No entanto a cultura digital j\u00e1 faz parte do cotidiano das grandes cidades e entend\u00ea-la \u00e9 importante para todos os que desejam compreender como as tecnologias digitais est\u00e3o afetando o comportamento do homem moderno\u00a0.\u00a0\u00a0Um dos\u00a0objetivos desse blog \u00e9 criar textos acess\u00edveis sobre o assunto\u00a0e dentro do contexto da realidade brasileira.<\/p>\n<div style=\"height: 0.3em; visibility: hidden;\">LINE BREAK<\/div>\n<p>O ponto de partida dos textos\u00a0s\u00e3o as\u00a0ideias do pesquisador Pierre L\u00e9vy, um dos pioneiros nos estudos sobre a cibercultura. Entretanto utilizo outros textos, autores e not\u00edcias para fazer a reda\u00e7\u00e3o do blog. Procurei n\u00e3o apenas reproduzir\u00a0ideias, mas tamb\u00e9m tra\u00e7ar\u00a0paralelos e fazer compara\u00e7\u00f5es com o cotidiano, buscando enriquecer o conte\u00fado. Com o intuito de melhorar a compreens\u00e3o das influ\u00eancias da comunica\u00e7\u00e3o digital\u00a0no comportamento, criei tamb\u00e9m o site <a title=\"netmundi links\" href=\"http:\/\/www.netmundi.org\/links\/\" target=\"_blank\">netmundi links<\/a>, que\u00a0compila not\u00edcias\u00a0 sobre tecnologia, cultura e sociedade.<\/p>\n<div style=\"height: 0.3em; visibility: hidden;\">LINE BREAK<\/div>\n<div id=\"attachment_1192\" style=\"width: 310px\" class=\"wp-caption alignleft\"><a href=\"http:\/\/www.netmundi.org\/cibercultura\/wp-content\/uploads\/2011\/03\/pierre-levy2.png\"><img loading=\"lazy\" decoding=\"async\" aria-describedby=\"caption-attachment-1192\" class=\"size-medium wp-image-1192\" alt=\"pierre-levy2\" src=\"http:\/\/www.netmundi.org\/cibercultura\/wp-content\/uploads\/2011\/03\/pierre-levy2-300x214.png\" width=\"300\" height=\"214\" srcset=\"https:\/\/www.netmundi.org\/cibercultura\/wp-content\/uploads\/2011\/03\/pierre-levy2-300x214.png 300w, https:\/\/www.netmundi.org\/cibercultura\/wp-content\/uploads\/2011\/03\/pierre-levy2.png 902w\" sizes=\"auto, (max-width: 300px) 100vw, 300px\" \/><\/a><p id=\"caption-attachment-1192\" class=\"wp-caption-text\">Retweet feito por Pierre L\u00e9vy sobre o texto &#8220;O Brasil e a Cibercultura&#8221;<\/p><\/div>\n<p>Este site \u00e9 tamb\u00e9m um esfor\u00e7o pessoal realizado com o objetivo de ampliar minha pr\u00f3pria compreens\u00e3o sobre este vasto tema. Por acreditar que\u00a0cibercultura \u00e9 hoje um assunto que afeta\u00a0comportamento,\u00a0pol\u00edtica,\u00a0\u00a0filosofia, economia, linguagem, cultura, educa\u00e7\u00e3o\u00a0e at\u00e9 mesmo est\u00e9tica, entender a cibercultura \u00e9, antes de tudo, entender o nosso tempo.<\/p>\n<p>Em 24\/06\/2013, o pr\u00f3prio Pierre L\u00e9vy indicou o meu texto &#8220;O Brasil e a Ciberdemocracia&#8221;. Com isso acredito que o blog est\u00e1 alinhado com as ideias do fil\u00f3sofo que motivou a cria\u00e7\u00e3o deste blog.<\/p>\n<p>&nbsp;<\/p>\n<p><span style=\"line-height: 1.5em;\">\u00a0<\/span><\/p>\n","protected":false},"excerpt":{"rendered":"<p>Cibercultura \u00e9 um tema complexo. Os que decidem pesquisar e estudar o assunto geralmente encontram textos rebuscados e voltados para o meio acad\u00eamico. No entanto a cultura digital j\u00e1 faz parte do cotidiano das grandes cidades e entend\u00ea-la \u00e9 importante para todos os que desejam compreender como as tecnologias digitais est\u00e3o afetando o comportamento do [&hellip;]<\/p>\n","protected":false},"author":1,"featured_media":0,"parent":0,"menu_order":3,"comment_status":"closed","ping_status":"closed","template":"","meta":{"footnotes":""},"class_list":["post-135","page","type-page","status-publish","hentry"],"_links":{"self":[{"href":"https:\/\/www.netmundi.org\/cibercultura\/wp-json\/wp\/v2\/pages\/135","targetHints":{"allow":["GET"]}}],"collection":[{"href":"https:\/\/www.netmundi.org\/cibercultura\/wp-json\/wp\/v2\/pages"}],"about":[{"href":"https:\/\/www.netmundi.org\/cibercultura\/wp-json\/wp\/v2\/types\/page"}],"author":[{"embeddable":true,"href":"https:\/\/www.netmundi.org\/cibercultura\/wp-json\/wp\/v2\/users\/1"}],"replies":[{"embeddable":true,"href":"https:\/\/www.netmundi.org\/cibercultura\/wp-json\/wp\/v2\/comments?post=135"}],"version-history":[{"count":37,"href":"https:\/\/www.netmundi.org\/cibercultura\/wp-json\/wp\/v2\/pages\/135\/revisions"}],"predecessor-version":[{"id":1232,"href":"https:\/\/www.netmundi.org\/cibercultura\/wp-json\/wp\/v2\/pages\/135\/revisions\/1232"}],"wp:attachment":[{"href":"https:\/\/www.netmundi.org\/cibercultura\/wp-json\/wp\/v2\/media?parent=135"}],"curies":[{"name":"wp","href":"https:\/\/api.w.org\/{rel}","templated":true}]}}